{"id":497,"date":"2020-08-01T20:03:50","date_gmt":"2020-08-01T18:03:50","guid":{"rendered":"https:\/\/flexsim-ato.com\/?page_id=497"},"modified":"2025-02-25T10:14:43","modified_gmt":"2025-02-25T09:14:43","slug":"sfi-tri-a320-b737ng-b777-b787","status":"publish","type":"page","link":"https:\/\/flexsim-ato.com\/index.php\/sfi-tri-a320-b737ng-b777-b787\/","title":{"rendered":"SFI-TRI"},"content":{"rendered":"<div  id=\"about-1\" class=\"about-images-right-section about-images-right-section-1\" style=\"background-color: #ffffff; background-image: none;\" data-label=\"About\" data-id=\"about-images-right-section-1\" data-category=\"about\" data-ovid=\"ovid-about-1-1681\">\n<div  class=\"gridContainer dynamic-color\">\n<div  class=\"about-images-right-innerrow dynamic-color\">\n<div  class=\"about-images-right-textcol\" data-type=\"column\">\n<h5  class=\"\">SFI\/TRI A320, B737NG, B777 or B787<\/h5>\n<h2  class=\"about-images-right-bigtitle\">Stage de formation instructeur<\/h2>\n<p  class=\"\">Cette formation a pour objectif de former le candidat \u00e0 l\u2019instruction th\u00e9orique et pratique pour toute qualification de type d\u2019avion multi-pilote pour laquelle le candidat est qualifi\u00e9. La formation \u00e0 pour objectif \u00e0 former les pilotes pour une approbation SFI .<\/p>\n<a  class=\"button color1\" href=\"#prix\" target=\"_self\" rel=\"noopener\" data-icon=\"\">Prix &amp; Prerequis<\/a>\n<a  class=\"button color1\" href=\"https:\/\/flexsim-ato.com\/wp-content\/uploads\/2024\/11\/2024-NOV-20-FR-FLEXSIM-TL-SFI-TRI-A320-B737NG-B777-B787.pdf\" target=\"lightbox\" data-icon=\"fa-file-pdf-o\" rel=\"noopener\"><span  class=\"button-icon fa fa-file-pdf-o\"><\/span>Fiche formation T&amp;L + SFI\/TRI<\/a><h5  class=\"\">Derni\u00e8re mise \u00e0 jour : 30\/07\/2024<\/h5>\n<\/div>\n<div  class=\"about-images-right-imgcol\"><img  decoding=\"async\" class=\"about-images-right-topimg\" src=\"https:\/\/flexsim-ato.com\/wp-content\/uploads\/2023\/04\/consulting.jpg\" alt=\"\" onmousedown=\"return false\" onselectstart=\"return false\"><img  decoding=\"async\" class=\"about-images-right-rightimg\" src=\"https:\/\/flexsim-ato.com\/wp-content\/uploads\/2020\/08\/shutterstock_1139440733-scaled.jpg\" onmousedown=\"return false\" onselectstart=\"return false\"><img  decoding=\"async\" class=\"about-images-right-leftimg\" src=\"https:\/\/flexsim-ato.com\/wp-content\/uploads\/2020\/08\/BU2A3347_787_edited.jpg\" alt=\"\" onmousedown=\"return false\" onselectstart=\"return false\"><\/div>\n<\/div>\n<\/div>\n<\/div><div  id=\"numbers1\" class=\"numbers-section numbers-section-1\" style=\"background-image: url('https:\/\/flexsim-ato.com\/wp-content\/uploads\/2020\/07\/panneau-superieur-scaled.jpg'); background-color: #ffffff; background-size: cover; background-position: center top;\" data-label=\"Numbers\" data-id=\"numbers-section-1\" data-category=\"numbers\" data-bg=\"transparent\" data-parallax-depth=\"20\" data-ovid=\"ovid-numbers1-5803\">\n<div  class=\"gridContainer dynamic-color\">\n<div  class=\"numbers-itemcol\">\n<h2  class=\"numbers-numbertext\">Instruction<\/h2>\n<h3  class=\"numbers-titletext\">Th\u00e9orique<\/h3>\n<\/div>\n<div  class=\"numbers-itemcol\">\n<h2  class=\"numbers-numbertext\">12 H<\/h2>\n<h3  class=\"numbers-titletext\">Th\u00e9orique<\/h3>\n<\/div>\n<div  class=\"numbers-itemcol-last\">\n<h2  class=\"numbers-numbertext\"><\/h2>\n<h3  class=\"numbers-titletext\"><\/h3>\n<\/div>\n<\/div>\n<\/div><div  id=\"content-4\" class=\"content-right-image-section content-image-right\" style=\"background-color: #ffffff;\" data-label=\"Content\" data-id=\"content-image-right\" data-category=\"content\">\n<div  class=\"gridContainer\">\n<div  class=\"content-right-image-gridcol\">\n<div  class=\"content-right-image-textcol dynamic-color\" data-type=\"column\">\n<h2  class=\"\">Technical Training<\/h2>\n<p  class=\"large_text\">Le cours est li\u00e9 au type d\u2019avion sur lequel le candidat souhaite enseigner et qui est approuv\u00e9 par l\u2019ATO.<\/p>\n<p  class=\"\">L\u2019identification et l\u2019application des facteurs humains li\u00e9s aux aspects de coop\u00e9ration multi-\u00e9quipage de la formation sont abord\u00e9es lors des briefings et d\u00e9briefings des cours techniques.<\/p>\n<p  class=\"\">Une attention particuli\u00e8re sera apport\u00e9e \u00e0 la maturit\u00e9 et la capacit\u00e9 de jugement du candidat instructeur lors des briefings et d\u00e9briefings. L\u2019accent sera mis sur les aspects de s\u00e9curit\u00e9 des vols en situation d\u2019instruction.<\/p>\n\n<\/div>\n<div  class=\"content-right-image-imgcol\" data-type=\"column\"><img  decoding=\"async\" class=\"\" src=\"https:\/\/flexsim-ato.com\/wp-content\/uploads\/2020\/08\/cropped-pilote-redige-un-rapport-scaled-1.jpg\" alt=\"\" onmousedown=\"return false\" onselectstart=\"return false\"><\/div>\n<\/div>\n<\/div>\n<\/div><div  id=\"numbers2\" class=\"numbers-section numbers-section-2\" style=\"background-image: url('https:\/\/flexsim-ato.com\/wp-content\/uploads\/2020\/07\/panneau-superieur-scaled.jpg'); background-color: #ffffff; background-size: cover; background-position: center top;\" data-label=\"Numbers\" data-id=\"numbers-section-2\" data-category=\"numbers\" data-bg=\"transparent\" data-parallax-depth=\"20\" data-ovid=\"ovid-numbers2-5814\">\n<div  class=\"gridContainer dynamic-color\">\n<div  class=\"numbers-itemcol\">\n<h2  class=\"numbers-numbertext\">Instruction<\/h2>\n<h3  class=\"numbers-titletext\">Pratique<\/h3>\n<\/div>\n<div  class=\"numbers-itemcol\">\n<h2  class=\"numbers-numbertext\">3<\/h2>\n<h3  class=\"numbers-titletext\">Sessions<\/h3>\n<\/div>\n<div  class=\"numbers-itemcol-last\">\n<h2  class=\"numbers-numbertext\">12 H<\/h2>\n<h3  class=\"numbers-titletext\">Pratique<\/h3>\n<\/div>\n<\/div>\n<\/div><div  id=\"content-1\" class=\"content-left-image-section content-image-left\" style=\"background-color: #f6f6f6;\" data-label=\"Content\" data-id=\"content-image-left\" data-category=\"content\">\n<div  class=\"gridContainer\">\n<div  class=\"row\">\n<div  class=\"content-left-image-imgcol\" data-type=\"column\"><img  decoding=\"async\" class=\"\" src=\"https:\/\/flexsim-ato.com\/wp-content\/uploads\/2023\/04\/Airbus_simulator_cockpit.jpg\" alt=\"\" onmousedown=\"return false\" onselectstart=\"return false\"><\/div>\n<div  class=\"content-left-image-textcol dynamic-color\" data-type=\"column\">\n<h2  class=\"\">Instruction pratique<\/h2>\n<p  class=\"large_text\">Le candidat SFI\/TRI pr\u00e9pare une session de simulateur, y compris un briefing et un d\u00e9briefing bas\u00e9s sur un programme de session de qualification de type.<\/p>\n<p  class=\"\">Le candidat SFI\/TRI pr\u00e9sentera les proc\u00e9dures et les man\u0153uvres. Il \u00e9valuera et analysera les performances du stagiaire afin de pouvoir d\u00e9livrer un briefing et un d\u00e9briefing pertinents sur n\u2019importe quel sujet.<\/p>\n<p  class=\"\">Un \u00e9quipage qualifi\u00e9 d\u00e9sign\u00e9 jouera le r\u00f4le des stagiaires. Ils seront d\u00e9brief\u00e9s par l\u2019\u00e9tudiant SFI\/TRI. Ensuite, l\u2019\u00e9tudiant SFI\/TRI sera d\u00e9brief\u00e9 par l\u2019instructeur SFI\/TRI concernant la pertinence de ses remarques et sa pr\u00e9cision et objectivit\u00e9 de l\u2019analyse.<\/p>\n<p  class=\"\">Une attention particuli\u00e8re sera accord\u00e9e aux facteurs humains par le biais de l\u2019\u00e9valuation des comp\u00e9tences non techniques et erreurs de management.<\/p>\n\n<\/div>\n<\/div>\n<\/div>\n<\/div><div  id=\"cta-1\" class=\"cta-centered-bg-section white-text\" style=\"background-color: #ffffff; background-image: url('https:\/\/flexsim-ato.com\/wp-content\/uploads\/2020\/07\/panneau-superieur-scaled.jpg'); background-size: cover; background-position: center top;\" data-label=\"Cta\" data-id=\"cta-centered-bg-section\" data-category=\"cta\" data-parallax-depth=\"20\" data-ovid=\"ovid-cta-1-161\">\n<div  class=\"gridContainer\">\n<div  class=\"cta-centered-bg-section-row\">\n<div  class=\"cta-centered-bg-section-row-2\">\n<div  class=\"cta-centered-bg-section-col dynamic-color\" data-type=\"column\">\n<h3  class=\"cta-centered-bg-section-title\"><span  class=\"cta-centered-bg-section-title-bold\">Inscrivez-vous d\u00e8s maintenant !<\/span><\/h3>\n<p  class=\"\">SFI\/TRI A320, B737NG, B777 ou B787<\/p>\n<a  class=\"button big color1 white-text\" href=\"https:\/\/flexsim-ato.com\/index.php\/contact\" target=\"_self\" rel=\"noopener noreferrer\" data-icon=\"fa-envelope-o\"><span  class=\"button-icon fa fa-envelope-o\"><\/span> Demande de renseignements <\/a>\n\n<\/div>\n<\/div>\n<\/div>\n<\/div>\n<\/div><div  id=\"prix\" class=\"pricing-colors-section\" style=\"background-color: #f6f6f6; background-image: none;\" data-label=\"Pricing-tables\" data-id=\"pricing-colors-section\" data-category=\"pricing-tables\" data-featured-class=\"pricing-featured\" data-ovid=\"ovid-pricing-tables-2-163\">\n<div  class=\"gridContainer\">\n<div  class=\"section-title-col dynamic-color\" data-type=\"column\">\n<h2  class=\"\">Prix et d\u00e9lais d\u2019acc\u00e8s<\/h2>\n<p  class=\"\">Toutes nos formations sont planifi\u00e9es \u201c\u00e0 la carte\u201d en fonction de vos disponibilit\u00e9s, des disponibilit\u00e9s instructeurs et simulateur.<\/p>\n\n<h5  class=\"\">CPF : d\u00e9lais administratif suppl\u00e9mentaire de 11 jours ouvr\u00e9s (hors jours f\u00e9ri\u00e9s)<\/h5>\n<\/div>\n<div  class=\"row pricing-colors-innerrow\" data-type=\"row\">\n<div  class=\"pricing-colors-itemcol cp6cols-tablet cp3cols color11\">\n<div  class=\"pricing-colors-titlerow white-text bg-alt-color\" data-type=\"column\">\n<h4  class=\"pricing-colors-title\">SFI\/TRI A320<\/h4>\n<p  class=\"pricing-colors-populartext\">Most popular<\/p>\n\n<\/div>\n<div  class=\"pricing-colors-contentrow\" data-type=\"column\">\n<ul  class=\"pricing-colors-features-list\">\n \t<li  class=\"pricing-colors-features-item\">Technical Training 12 heures Th\u00e9orique<\/li>\n \t<li  class=\"pricing-colors-features-item\">FFS Training 12 heures Pratique<\/li>\n \t<li  class=\"pricing-colors-features-item\">AoC 3 heures (simulateur)<\/li>\n<\/ul>\n<p  class=\"pricing-colors-pricetext\">6 900 \u20ac<\/p>\n\n<h6  class=\"\">TVA non applicable<\/h6>\n<h4  class=\"\">Par stagiaire sur base d\u2019un bin\u00f4me constitu\u00e9.<\/h4>\n<\/div>\n<\/div><div  class=\"pricing-colors-itemcol cp6cols-tablet color2 cp3cols\">\n<div  class=\"pricing-colors-titlerow white-text bg-alt-color\" data-type=\"column\">\n<h4  class=\"pricing-colors-title\">SFI\/TRI B737NG<\/h4>\n<p  class=\"pricing-colors-populartext\">Most popular<\/p>\n\n<\/div>\n<div  class=\"pricing-colors-contentrow\" data-type=\"column\">\n<ul  class=\"pricing-colors-features-list\">\n \t<li  class=\"pricing-colors-features-item\">Technical Training 12 heures Th\u00e9orique<\/li>\n \t<li  class=\"pricing-colors-features-item\">FFS Training 12 heures Pratique<\/li>\n \t<li  class=\"pricing-colors-features-item\">AoC 3 heures (simulateur)<\/li>\n<\/ul>\n<p  class=\"pricing-colors-pricetext\">6 760 \u20ac<\/p>\n\n<h6  class=\"\">TVA non applicable<\/h6>\n<h4  class=\"\">Par stagiaire sur base d\u2019un bin\u00f4me constitu\u00e9.<\/h4>\n<\/div>\n<\/div>\n<div  class=\"pricing-colors-itemcol cp6cols-tablet color4 cp3cols\">\n<div  class=\"pricing-colors-titlerow white-text bg-alt-color\" data-type=\"column\">\n<h4  class=\"pricing-colors-title\">SFI\/TRI B777<\/h4>\n<p  class=\"pricing-colors-populartext\">Most popular<\/p>\n\n<\/div>\n<div  class=\"pricing-colors-contentrow\" data-type=\"column\">\n<ul  class=\"pricing-colors-features-list\">\n \t<li  class=\"pricing-colors-features-item\">Technical Training 12 heures Th\u00e9orique<\/li>\n \t<li  class=\"pricing-colors-features-item\">FFS Training 12 heures Pratique<\/li>\n \t<li  class=\"pricing-colors-features-item\">AoC 3 heures (simulateur)<\/li>\n<\/ul>\n<p  class=\"pricing-colors-pricetext\">7 250 \u20ac<\/p>\n\n<h6  class=\"\">TVA non applicable<\/h6>\n<h4  class=\"\">Par stagiaire sur base d\u2019un bin\u00f4me constitu\u00e9.<\/h4>\n<\/div>\n<\/div>\n<div  class=\"pricing-colors-itemcol cp6cols-tablet color1 cp3cols\">\n<div  class=\"pricing-colors-titlerow white-text bg-alt-color\" data-type=\"column\">\n<h4  class=\"pricing-colors-title\">SFI\/TRI B787<\/h4>\n<p  class=\"pricing-colors-populartext\">Most popular<\/p>\n\n<\/div>\n<div  class=\"pricing-colors-contentrow\" data-type=\"column\">\n<ul  class=\"pricing-colors-features-list\">\n \t<li  class=\"pricing-colors-features-item\">Technical Training 12 heures Th\u00e9orique<\/li>\n \t<li  class=\"pricing-colors-features-item\">FFS Training 12 heures Pratique<\/li>\n \t<li  class=\"pricing-colors-features-item\">AoC 3 heures (simulateur)<\/li>\n<\/ul>\n<p  class=\"pricing-colors-pricetext\">8 995 \u20ac<\/p>\n\n<h6  class=\"\">TVA non applicable<\/h6>\n<h4  class=\"\">Par stagiaire sur base d\u2019un bin\u00f4me constitu\u00e9.<\/h4>\n<\/div>\n<\/div>\n<\/div>\n<\/div>\n<\/div><div  data-label=\"Features\" data-id=\"features-coloured-icon-boxes-section\" data-category=\"features\" class=\"features-coloured-icon-boxes-section\" id=\"features-2\" style=\"background-color: rgb(246, 246, 246);\"> <div  class=\"gridContainer\"> <div  class=\"features-coloured-icon-boxes-textrow\"> <div  class=\"features-coloured-icon-boxes-textcol dynamic-color\" data-type=\"column\"> <h2  class=\"\">Pr\u00e9requis<\/h2>  <\/div> <\/div> <div  class=\"features-coloured-icon-boxes-innerrow flexbox-list dark-text\" data-type=\"row\"> <div  class=\"features-coloured-icon-boxes-featurecol cp6cols-tablet cp4cols\"> <div  class=\"features-coloured-icon-boxes-iconcontainer\" data-content-item-container=\"true\"> <i  data-cp-fa=\"true\" class=\"features-coloured-icon fa fa-plane color6\"><\/i> <\/div> <h4  class=\"\">Heures de vol<\/h4> <p  class=\"\">Avoir effectu\u00e9 le contr\u00f4le de comp\u00e9tences pour la d\u00e9livrance de la qualification de type d\u2019a\u00e9ronef sp\u00e9cifique dans un FFS repr\u00e9sentant le type applicable<\/p>  <p  class=\"\">De plus, pour un SFI(A) avion multi pilote, le candidat doit justifier de :<\/p><p  class=\"\">(1) Au moins 1500 hdv minimum en tant que pilote (PIC ou copilote) sur des avions multipilotes<\/p><p  class=\"\">(2) \u00c9tapes en tant que pilote ou observateur dans les 12 derniers mois :<\/p><p  class=\"\">(i) Au moins 3 \u00e9tapes dans le poste de pilotage du type applicable ; OU<\/p><p  class=\"\">(ii) Au moins 2 \u00e9tapes en simulateur (LOFT) (Ces sessions en simulateur devront inclure 2 vols d\u2019au moins 2 heures chacun, entre 2 a\u00e9rodromes diff\u00e9rents, ainsi que la pr\u00e9paration du vol et le d\u00e9briefing associ\u00e9).<\/p><\/div> <div  class=\"features-coloured-icon-boxes-featurecol cp6cols-tablet cp4cols\"> <div  class=\"features-coloured-icon-boxes-iconcontainer\" data-content-item-container=\"true\"> <i  data-cp-fa=\"true\" class=\"features-coloured-icon fa fa-mortar-board color6\"><\/i> <\/div> <h4  class=\"\">Licences<\/h4> <p  class=\"\">\u00catre ou avoir \u00e9t\u00e9 titulaire d\u2019une licence CPL, MPL ou ATPL(A)<\/p>  <p  class=\"\">Teaching &amp; Learning<\/p><\/div> <div  class=\"features-coloured-icon-boxes-featurecol cp6cols-tablet cp4cols\"> <div  class=\"features-coloured-icon-boxes-iconcontainer\" data-content-item-container=\"true\"> <i  data-cp-fa=\"true\" class=\"features-coloured-icon fa fa-heartbeat color6\"><\/i> <\/div> <h4  class=\"\">M\u00e9dical<\/h4> <p  class=\"\">Classe 1<\/p>  <\/div>  <\/div> <\/div><\/div>","protected":false},"excerpt":{"rendered":"<p>SFI\/TRI A320, B737NG, B777 or B787 Stage de formation instructeur Cette formation a pour objectif de former le candidat \u00e0 l\u2019instruction th\u00e9orique et pratique pour toute qualification de type d\u2019avion multi-pilote pour laquelle le candidat est qualifi\u00e9. La formation \u00e0 pour objectif \u00e0 former les pilotes pour une approbation SFI . Prix &amp; Prerequis Fiche&hellip; <br \/> <a class=\"button small blue\" href=\"https:\/\/flexsim-ato.com\/index.php\/en\/2022\/04\/21\/4337\/\">Lire la suite<\/a><\/p>\n","protected":false},"author":2,"featured_media":0,"parent":0,"menu_order":0,"comment_status":"closed","ping_status":"closed","template":"full-width-page.php","meta":{"footnotes":""},"folder":[90],"class_list":["post-497","page","type-page","status-publish","hentry"],"yoast_head":"<!-- This site is optimized with the Yoast SEO Premium plugin v26.9 (Yoast SEO v26.9) - https:\/\/yoast.com\/product\/yoast-seo-premium-wordpress\/ -->\n<title>SFI-TRI A320, B737NG, B777 ou B787 Flexsim ATO<\/title>\n<meta name=\"description\" content=\"Cette formation a pour objectif de former le candidat SFI-TRI A320, B737NG, B777 ou B787 \u00e0 l\u2019instruction th\u00e9orique et pratique.\" \/>\n<meta name=\"robots\" content=\"index, follow, max-snippet:-1, max-image-preview:large, max-video-preview:-1\" \/>\n<link rel=\"canonical\" href=\"https:\/\/flexsim-ato.com\/index.php\/sfi-tri-a320-b737ng-b777-b787\/\" \/>\n<meta property=\"og:locale\" content=\"fr_FR\" \/>\n<meta property=\"og:type\" content=\"article\" \/>\n<meta property=\"og:title\" content=\"SFI-TRI\" \/>\n<meta property=\"og:description\" content=\"Cette formation a pour objectif de former le candidat SFI-TRI A320, B737NG, B777 ou B787 \u00e0 l\u2019instruction th\u00e9orique et pratique.\" \/>\n<meta property=\"og:url\" content=\"https:\/\/flexsim-ato.com\/index.php\/sfi-tri-a320-b737ng-b777-b787\/\" \/>\n<meta property=\"og:site_name\" content=\"FLEXSIM-ATO\" \/>\n<meta property=\"article:modified_time\" content=\"2025-02-25T09:14:43+00:00\" \/>\n<meta property=\"og:image\" content=\"https:\/\/flexsim-ato.com\/wp-content\/uploads\/2023\/04\/consulting.jpg\" \/>\n<meta name=\"twitter:card\" content=\"summary_large_image\" \/>\n<meta name=\"twitter:label1\" content=\"Dur\u00e9e de lecture estim\u00e9e\" \/>\n\t<meta name=\"twitter:data1\" content=\"4 minutes\" \/>\n<script type=\"application\/ld+json\" class=\"yoast-schema-graph\">{\"@context\":\"https:\/\/schema.org\",\"@graph\":[{\"@type\":\"WebPage\",\"@id\":\"https:\/\/flexsim-ato.com\/index.php\/sfi-tri-a320-b737ng-b777-b787\/\",\"url\":\"https:\/\/flexsim-ato.com\/index.php\/sfi-tri-a320-b737ng-b777-b787\/\",\"name\":\"SFI-TRI A320, B737NG, B777 ou B787 Flexsim ATO\",\"isPartOf\":{\"@id\":\"https:\/\/flexsim-ato.com\/#website\"},\"primaryImageOfPage\":{\"@id\":\"https:\/\/flexsim-ato.com\/index.php\/sfi-tri-a320-b737ng-b777-b787\/#primaryimage\"},\"image\":{\"@id\":\"https:\/\/flexsim-ato.com\/index.php\/sfi-tri-a320-b737ng-b777-b787\/#primaryimage\"},\"thumbnailUrl\":\"https:\/\/flexsim-ato.com\/wp-content\/uploads\/2023\/04\/consulting.jpg\",\"datePublished\":\"2020-08-01T18:03:50+00:00\",\"dateModified\":\"2025-02-25T09:14:43+00:00\",\"description\":\"Cette formation a pour objectif de former le candidat SFI-TRI A320, B737NG, B777 ou B787 \u00e0 l\u2019instruction th\u00e9orique et pratique.\",\"breadcrumb\":{\"@id\":\"https:\/\/flexsim-ato.com\/index.php\/sfi-tri-a320-b737ng-b777-b787\/#breadcrumb\"},\"inLanguage\":\"fr-FR\",\"potentialAction\":[{\"@type\":\"ReadAction\",\"target\":[\"https:\/\/flexsim-ato.com\/index.php\/sfi-tri-a320-b737ng-b777-b787\/\"]}]},{\"@type\":\"ImageObject\",\"inLanguage\":\"fr-FR\",\"@id\":\"https:\/\/flexsim-ato.com\/index.php\/sfi-tri-a320-b737ng-b777-b787\/#primaryimage\",\"url\":\"https:\/\/flexsim-ato.com\/wp-content\/uploads\/2023\/04\/consulting.jpg\",\"contentUrl\":\"https:\/\/flexsim-ato.com\/wp-content\/uploads\/2023\/04\/consulting.jpg\",\"width\":1920,\"height\":1080},{\"@type\":\"BreadcrumbList\",\"@id\":\"https:\/\/flexsim-ato.com\/index.php\/sfi-tri-a320-b737ng-b777-b787\/#breadcrumb\",\"itemListElement\":[{\"@type\":\"ListItem\",\"position\":1,\"name\":\"Home\",\"item\":\"https:\/\/flexsim-ato.com\/\"},{\"@type\":\"ListItem\",\"position\":2,\"name\":\"SFI-TRI\"}]},{\"@type\":\"WebSite\",\"@id\":\"https:\/\/flexsim-ato.com\/#website\",\"url\":\"https:\/\/flexsim-ato.com\/\",\"name\":\"FLEXSIM-ATO\",\"description\":\"\",\"publisher\":{\"@id\":\"https:\/\/flexsim-ato.com\/#organization\"},\"potentialAction\":[{\"@type\":\"SearchAction\",\"target\":{\"@type\":\"EntryPoint\",\"urlTemplate\":\"https:\/\/flexsim-ato.com\/?s={search_term_string}\"},\"query-input\":{\"@type\":\"PropertyValueSpecification\",\"valueRequired\":true,\"valueName\":\"search_term_string\"}}],\"inLanguage\":\"fr-FR\"},{\"@type\":\"Organization\",\"@id\":\"https:\/\/flexsim-ato.com\/#organization\",\"name\":\"FLEXSIM-ATO\",\"url\":\"https:\/\/flexsim-ato.com\/\",\"logo\":{\"@type\":\"ImageObject\",\"inLanguage\":\"fr-FR\",\"@id\":\"https:\/\/flexsim-ato.com\/#\/schema\/logo\/image\/\",\"url\":\"https:\/\/flexsim-ato.com\/wp-content\/uploads\/2020\/07\/flexsim_logotype_fullcolor.png\",\"contentUrl\":\"https:\/\/flexsim-ato.com\/wp-content\/uploads\/2020\/07\/flexsim_logotype_fullcolor.png\",\"width\":1279,\"height\":392,\"caption\":\"FLEXSIM-ATO\"},\"image\":{\"@id\":\"https:\/\/flexsim-ato.com\/#\/schema\/logo\/image\/\"}}]}<\/script>\n<!-- \/ Yoast SEO Premium plugin. -->","yoast_head_json":{"title":"SFI-TRI A320, B737NG, B777 ou B787 Flexsim ATO","description":"Cette formation a pour objectif de former le candidat SFI-TRI A320, B737NG, B777 ou B787 \u00e0 l\u2019instruction th\u00e9orique et pratique.","robots":{"index":"index","follow":"follow","max-snippet":"max-snippet:-1","max-image-preview":"max-image-preview:large","max-video-preview":"max-video-preview:-1"},"canonical":"https:\/\/flexsim-ato.com\/index.php\/sfi-tri-a320-b737ng-b777-b787\/","og_locale":"fr_FR","og_type":"article","og_title":"SFI-TRI","og_description":"Cette formation a pour objectif de former le candidat SFI-TRI A320, B737NG, B777 ou B787 \u00e0 l\u2019instruction th\u00e9orique et pratique.","og_url":"https:\/\/flexsim-ato.com\/index.php\/sfi-tri-a320-b737ng-b777-b787\/","og_site_name":"FLEXSIM-ATO","article_modified_time":"2025-02-25T09:14:43+00:00","og_image":[{"url":"https:\/\/flexsim-ato.com\/wp-content\/uploads\/2023\/04\/consulting.jpg","type":"","width":"","height":""}],"twitter_card":"summary_large_image","twitter_misc":{"Dur\u00e9e de lecture estim\u00e9e":"4 minutes"},"schema":{"@context":"https:\/\/schema.org","@graph":[{"@type":"WebPage","@id":"https:\/\/flexsim-ato.com\/index.php\/sfi-tri-a320-b737ng-b777-b787\/","url":"https:\/\/flexsim-ato.com\/index.php\/sfi-tri-a320-b737ng-b777-b787\/","name":"SFI-TRI A320, B737NG, B777 ou B787 Flexsim ATO","isPartOf":{"@id":"https:\/\/flexsim-ato.com\/#website"},"primaryImageOfPage":{"@id":"https:\/\/flexsim-ato.com\/index.php\/sfi-tri-a320-b737ng-b777-b787\/#primaryimage"},"image":{"@id":"https:\/\/flexsim-ato.com\/index.php\/sfi-tri-a320-b737ng-b777-b787\/#primaryimage"},"thumbnailUrl":"https:\/\/flexsim-ato.com\/wp-content\/uploads\/2023\/04\/consulting.jpg","datePublished":"2020-08-01T18:03:50+00:00","dateModified":"2025-02-25T09:14:43+00:00","description":"Cette formation a pour objectif de former le candidat SFI-TRI A320, B737NG, B777 ou B787 \u00e0 l\u2019instruction th\u00e9orique et pratique.","breadcrumb":{"@id":"https:\/\/flexsim-ato.com\/index.php\/sfi-tri-a320-b737ng-b777-b787\/#breadcrumb"},"inLanguage":"fr-FR","potentialAction":[{"@type":"ReadAction","target":["https:\/\/flexsim-ato.com\/index.php\/sfi-tri-a320-b737ng-b777-b787\/"]}]},{"@type":"ImageObject","inLanguage":"fr-FR","@id":"https:\/\/flexsim-ato.com\/index.php\/sfi-tri-a320-b737ng-b777-b787\/#primaryimage","url":"https:\/\/flexsim-ato.com\/wp-content\/uploads\/2023\/04\/consulting.jpg","contentUrl":"https:\/\/flexsim-ato.com\/wp-content\/uploads\/2023\/04\/consulting.jpg","width":1920,"height":1080},{"@type":"BreadcrumbList","@id":"https:\/\/flexsim-ato.com\/index.php\/sfi-tri-a320-b737ng-b777-b787\/#breadcrumb","itemListElement":[{"@type":"ListItem","position":1,"name":"Home","item":"https:\/\/flexsim-ato.com\/"},{"@type":"ListItem","position":2,"name":"SFI-TRI"}]},{"@type":"WebSite","@id":"https:\/\/flexsim-ato.com\/#website","url":"https:\/\/flexsim-ato.com\/","name":"FLEXSIM-ATO","description":"","publisher":{"@id":"https:\/\/flexsim-ato.com\/#organization"},"potentialAction":[{"@type":"SearchAction","target":{"@type":"EntryPoint","urlTemplate":"https:\/\/flexsim-ato.com\/?s={search_term_string}"},"query-input":{"@type":"PropertyValueSpecification","valueRequired":true,"valueName":"search_term_string"}}],"inLanguage":"fr-FR"},{"@type":"Organization","@id":"https:\/\/flexsim-ato.com\/#organization","name":"FLEXSIM-ATO","url":"https:\/\/flexsim-ato.com\/","logo":{"@type":"ImageObject","inLanguage":"fr-FR","@id":"https:\/\/flexsim-ato.com\/#\/schema\/logo\/image\/","url":"https:\/\/flexsim-ato.com\/wp-content\/uploads\/2020\/07\/flexsim_logotype_fullcolor.png","contentUrl":"https:\/\/flexsim-ato.com\/wp-content\/uploads\/2020\/07\/flexsim_logotype_fullcolor.png","width":1279,"height":392,"caption":"FLEXSIM-ATO"},"image":{"@id":"https:\/\/flexsim-ato.com\/#\/schema\/logo\/image\/"}}]}},"_links":{"self":[{"href":"https:\/\/flexsim-ato.com\/index.php\/wp-json\/wp\/v2\/pages\/497","targetHints":{"allow":["GET"]}}],"collection":[{"href":"https:\/\/flexsim-ato.com\/index.php\/wp-json\/wp\/v2\/pages"}],"about":[{"href":"https:\/\/flexsim-ato.com\/index.php\/wp-json\/wp\/v2\/types\/page"}],"author":[{"embeddable":true,"href":"https:\/\/flexsim-ato.com\/index.php\/wp-json\/wp\/v2\/users\/2"}],"replies":[{"embeddable":true,"href":"https:\/\/flexsim-ato.com\/index.php\/wp-json\/wp\/v2\/comments?post=497"}],"version-history":[{"count":103,"href":"https:\/\/flexsim-ato.com\/index.php\/wp-json\/wp\/v2\/pages\/497\/revisions"}],"predecessor-version":[{"id":6155,"href":"https:\/\/flexsim-ato.com\/index.php\/wp-json\/wp\/v2\/pages\/497\/revisions\/6155"}],"wp:attachment":[{"href":"https:\/\/flexsim-ato.com\/index.php\/wp-json\/wp\/v2\/media?parent=497"}],"wp:term":[{"taxonomy":"folder","embeddable":true,"href":"https:\/\/flexsim-ato.com\/index.php\/wp-json\/wp\/v2\/folder?post=497"}],"curies":[{"name":"wp","href":"https:\/\/api.w.org\/{rel}","templated":true}]}}