{"id":4953,"date":"2023-04-05T00:28:35","date_gmt":"2023-04-04T22:28:35","guid":{"rendered":"https:\/\/flexsim-ato.com\/?page_id=4953"},"modified":"2025-02-25T10:15:14","modified_gmt":"2025-02-25T09:15:14","slug":"extension-privilieges-a320-b737ng-b777-b787","status":"publish","type":"page","link":"https:\/\/flexsim-ato.com\/index.php\/extension-privilieges-a320-b737ng-b777-b787\/","title":{"rendered":"Extension de privil\u00e8ges STI\/TRI A320, B737NG, B777 ou B787"},"content":{"rendered":"<div  id=\"about-3\" class=\"about-images-right-section\" style=\"background-color: #ffffff; background-image: none;\" data-label=\"About\" data-id=\"about-images-right-section\" data-category=\"about\" data-ovid=\"ovid-about-3-8928\">\n<div  class=\"gridContainer dynamic-color\">\n<div  class=\"about-images-right-innerrow dynamic-color\">\n<div  class=\"about-images-right-textcol\" data-type=\"column\">\n<h5  class=\"\">A320, B737NG, B777 ou B787<\/h5>\n<h2  class=\"about-images-right-bigtitle\">Extension de privil\u00e8ges<\/h2>\n<p  class=\"\">Cette formation a pour objectif de former le candidat \u00e0 l\u2019instruction th\u00e9orique et pratique pour toute qualification de type pour laquelle le candidat est qualifi\u00e9.<\/p>\n<p  class=\"\">La formation a pour objectif d\u2019\u00e9tendre les privil\u00e8ges d\u2019instruction \u00e0 un nouvel appareil.<\/p>\n<a  class=\"button color1\" href=\"#prix\" target=\"_self\" rel=\"noopener\" data-icon=\"\">Prix et prerequis<\/a> <a  class=\"button color1\" href=\"https:\/\/flexsim-ato.com\/wp-content\/uploads\/2025\/01\/2025-JAN-29-FR-FLEXSIM-Privelege-extension-SFI-TRI-A320-B737NG-B777-B787.pdf\" target=\"lightbox\" rel=\"noopener\" data-icon=\"fa-file-pdf-o\"><span  class=\"button-icon fa fa-file-pdf-o\"><\/span>Fiche formation Extension de privileges A320, B737NG, B777 ou B787<\/a>\n\n<h5  class=\"\">Derni\u00e8re mise \u00e0 jour : 29 JUL 2024<\/h5><\/div>\n<div  class=\"about-images-right-imgcol\"><img  decoding=\"async\" class=\"about-images-right-topimg\" src=\"https:\/\/flexsim-ato.com\/wp-content\/uploads\/2023\/04\/consulting.jpg\" alt=\"\" onmousedown=\"return false\" onselectstart=\"return false\"><img  decoding=\"async\" class=\"about-images-right-rightimg\" src=\"https:\/\/flexsim-ato.com\/wp-content\/uploads\/2020\/08\/shutterstock_1139440733-scaled.jpg\" alt=\"Simulator\" onmousedown=\"return false\" onselectstart=\"return false\"><img  decoding=\"async\" class=\"about-images-right-leftimg\" src=\"https:\/\/flexsim-ato.com\/wp-content\/uploads\/2020\/08\/BU2A3347_787_edited.jpg\" alt=\"\" onmousedown=\"return false\" onselectstart=\"return false\"><\/div>\n<\/div>\n<\/div>\n<\/div><div  id=\"numbers\" class=\"numbers-section\" style=\"background-image: url('https:\/\/flexsim-ato.com\/wp-content\/uploads\/2020\/07\/cropped-panneau-superieur-scaled-2.jpg'); background-color: rgba(0, 0, 0, 0); background-size: cover; background-position: center top;\" data-label=\"Numbers\" data-id=\"numbers-section\" data-category=\"numbers\" data-bg=\"transparent\" data-parallax-depth=\"20\" data-ovid=\"ovid-numbers-5382\">\n<div  class=\"gridContainer dynamic-color\">\n<div  class=\"numbers-itemcol\">\n<h2  class=\"numbers-numbertext\">Instruction<\/h2>\n<h3  class=\"numbers-titletext\">Th\u00e9orique<\/h3>\n<\/div>\n<div  class=\"numbers-itemcol\">\n<h2  class=\"numbers-numbertext\">12 H<\/h2>\n<h3  class=\"numbers-titletext\">Th\u00e9orique<\/h3>\n<\/div>\n<div  class=\"numbers-itemcol-last\">\n<h2  class=\"numbers-numbertext\"><\/h2>\n<h3  class=\"numbers-titletext\"><\/h3>\n<\/div>\n<\/div>\n<\/div><div  id=\"content-4\" class=\"content-right-image-section content-image-right\" style=\"background-color: #f6f6f6;\" data-label=\"Content\" data-id=\"content-image-right\" data-category=\"content\">\n<div  class=\"gridContainer\">\n<div  class=\"content-right-image-gridcol\">\n<div  class=\"content-right-image-textcol dynamic-color\" data-type=\"column\">\n<h2  class=\"\">Technical Training<\/h2>\n<p  class=\"\">Le cours est li\u00e9 au type d\u2019avion sur lequel le candidat souhaite enseigner et qui est approuv\u00e9 par l\u2019ATO.<\/p>\n<p  class=\"\">L\u2019identification et l\u2019application des facteurs humains li\u00e9s aux aspects de coop\u00e9ration multi-\u00e9quipage de la formation sont abord\u00e9es lors des briefings et d\u00e9briefings des cours techniques.<\/p>\n<p  class=\"\">Une attention particuli\u00e8re sera apport\u00e9e \u00e0 la maturit\u00e9 et la capacit\u00e9 de jugement du candidat instructeur lors des briefings et d\u00e9briefings. L\u2019accent sera mis sur les aspects de s\u00e9curit\u00e9 des vols en situation d\u2019instruction.<\/p>\n\n<\/div>\n<div  class=\"content-right-image-imgcol\" data-type=\"column\"><img  decoding=\"async\" class=\"\" src=\"https:\/\/flexsim-ato.com\/wp-content\/uploads\/2020\/08\/cropped-pilote-redige-un-rapport-scaled-1.jpg\" alt=\"\" onmousedown=\"return false\" onselectstart=\"return false\"><\/div>\n<\/div>\n<\/div>\n<\/div><div  id=\"numbers1\" class=\"numbers-section numbers-section-1\" style=\"background-image: url('https:\/\/flexsim-ato.com\/wp-content\/uploads\/2020\/07\/cropped-panneau-superieur-scaled-2.jpg'); background-color: rgba(0, 0, 0, 0); background-size: cover; background-position: center top;\" data-label=\"Numbers\" data-id=\"numbers-section-1\" data-category=\"numbers\" data-bg=\"transparent\" data-parallax-depth=\"20\" data-ovid=\"ovid-numbers1-6520\">\n<div  class=\"gridContainer dynamic-color\">\n<div  class=\"numbers-itemcol\">\n<h2  class=\"numbers-numbertext\">AoC<\/h2>\n<h3  class=\"numbers-titletext\">B737NG<\/h3>\n<\/div>\n<div  class=\"numbers-itemcol\">\n<h2  class=\"numbers-numbertext\">AoC<\/h2>\n<h3  class=\"numbers-titletext\">B777<\/h3>\n<\/div>\n<div  class=\"numbers-itemcol-last\">\n<h2  class=\"numbers-numbertext\">AoC<\/h2>\n<h3  class=\"numbers-titletext\">B787<\/h3>\n<\/div>\n<\/div>\n<\/div><div  id=\"content-3\" class=\"content-left-image-section content-image-left\" style=\"background-color: #ffffff;\" data-label=\"Content\" data-id=\"content-image-left\" data-category=\"content\">\n<div  class=\"gridContainer\">\n<div  class=\"row\">\n<div  class=\"content-left-image-imgcol\" data-type=\"column\"><img  decoding=\"async\" class=\"\" src=\"https:\/\/flexsim-ato.com\/wp-content\/uploads\/2020\/08\/shutterstock_1139440733-scaled.jpg\" alt=\"Simulator\" onmousedown=\"return false\" onselectstart=\"return false\"><\/div>\n<div  class=\"content-left-image-textcol dynamic-color\" data-type=\"column\">\n<h2  class=\"\">AoC<\/h2>\n<p  class=\"\">La s\u00e9ance AoC est l\u2019\u00e9valuation sous le contr\u00f4le d\u2019un examinateur (TRE).<\/p>\n<p  class=\"\">Le stagiaire instructeur recevra un scenario du programme de qualification de type sur le type avion concern\u00e9. L\u2019examinateur recevra le scenario 2 jours avant la s\u00e9ance.<\/p>\n<p  class=\"\">Le stagiaire instructeur agira en tant qu\u2019instructeur de la s\u00e9ance au poste instructeur (IOS).<\/p>\n<p  class=\"\">L\u2019examinateur fera un d\u00e9briefing du stagiaire instructeur en l\u2019informant de la r\u00e9ussite ou de l\u2019\u00e9chec de la s\u00e9ance.<\/p>\n\n<\/div>\n<\/div>\n<\/div>\n<\/div><div  id=\"cta-1\" class=\"cta-centered-bg-section white-text\" style=\"background-color: #f6f6f6; background-image: url('https:\/\/flexsim-ato.com\/wp-content\/uploads\/2020\/07\/cropped-panneau-superieur-scaled-2.jpg'); background-size: cover; background-position: center top;\" data-label=\"Cta\" data-id=\"cta-centered-bg-section\" data-category=\"cta\" data-parallax-depth=\"20\" data-ovid=\"ovid-cta-1-7414\">\n<div  class=\"gridContainer\">\n<div  class=\"cta-centered-bg-section-row\">\n<div  class=\"cta-centered-bg-section-row-2\">\n<div  class=\"cta-centered-bg-section-col dynamic-color\" data-type=\"column\">\n<h3  class=\"cta-centered-bg-section-title\">Inscrivez-vous d\u00e8s maintenant !<\/h3>\n<a  class=\"button color1 white-text\" href=\"https:\/\/flexsim-ato.com\/index.php\/contact\" target=\"_self\" rel=\"noopener\" data-icon=\"fa-envelope-o\"><span  class=\"button-icon fa fa-envelope-o\"><\/span> Demande de renseignements <\/a>\n\n<\/div>\n<\/div>\n<\/div>\n<\/div>\n<\/div><div  id=\"prix\" class=\"pricing-colors-section\" style=\"background-color: #ffffff; background-image: none;\" data-label=\"Pricing-tables\" data-id=\"pricing-colors-section\" data-category=\"pricing-tables\" data-featured-class=\"pricing-featured\" data-ovid=\"ovid-prix-8919\">\n<div  class=\"gridContainer\">\n<div  class=\"section-title-col dynamic-color\" data-type=\"column\">\n<h2  class=\"\">Prix et d\u00e9lais d\u2019acc\u00e8s<\/h2>\n<p  class=\"\">Toutes nos formations sont planifi\u00e9es \u201c\u00e0 la carte\u201d en fonction de vos disponibilit\u00e9s, des disponibilit\u00e9s instructeurs et simulateur.<\/p>\n\n<h5  class=\"\">CPF : d\u00e9lais administratif suppl\u00e9mentaire de 11 jours ouvr\u00e9s (hors jours f\u00e9ri\u00e9s)<\/h5><h4  class=\"\">Les programmes sont d\u00e9finis individuellement en fonction des qualifications courantes et de l\u2019exp\u00e9rience r\u00e9cente du stagiaire.<\/h4>\n<\/div>\n<div  class=\"row pricing-colors-innerrow\" data-type=\"row\">\n<div  class=\"pricing-colors-itemcol cp6cols-tablet cp3cols color11\">\n<div  class=\"pricing-colors-titlerow white-text bg-alt-color\" data-type=\"column\">\n<h4  class=\"pricing-colors-title\">A320<\/h4>\n<p  class=\"pricing-colors-populartext\">Most popular<\/p>\n\n\n<\/div>\n<div  class=\"pricing-colors-contentrow\" data-type=\"column\">\n<ul  class=\"pricing-colors-features-list\">\n \t<li  class=\"pricing-colors-features-item\">Technical Training<\/li>\n \t<li  class=\"pricing-colors-features-item\">AoC sous le contr\u00f4le d\u2019un TRE<\/li>\n \t<li  class=\"pricing-colors-features-item\">AoC 3 heures en simulateur FFS<\/li>\n<\/ul>\n<p  class=\"pricing-colors-pricetext\">3 850 \u20ac<\/p>\n\n<h6  class=\"\">TVA non applicable<\/h6>\n<\/div>\n<\/div><div  class=\"pricing-colors-itemcol cp6cols-tablet color2 cp3cols\">\n<div  class=\"pricing-colors-titlerow white-text bg-alt-color\" data-type=\"column\">\n<h4  class=\"pricing-colors-title\">B737NG<\/h4>\n<p  class=\"pricing-colors-populartext\">Most popular<\/p>\n\n\n<\/div>\n<div  class=\"pricing-colors-contentrow\" data-type=\"column\">\n<ul  class=\"pricing-colors-features-list\">\n \t<li  class=\"pricing-colors-features-item\">Technical Training<\/li>\n \t<li  class=\"pricing-colors-features-item\">AoC sous le contr\u00f4le d\u2019un TRE<\/li>\n \t<li  class=\"pricing-colors-features-item\">AoC 3 heures en simulateur FFS<\/li>\n<\/ul>\n<p  class=\"pricing-colors-pricetext\">3 840 \u20ac<\/p>\n\n<h6  class=\"\">TVA non applicable<\/h6>\n<\/div>\n<\/div>\n<div  class=\"pricing-colors-itemcol cp6cols-tablet color4 cp3cols\">\n<div  class=\"pricing-colors-titlerow white-text bg-alt-color\" data-type=\"column\">\n<h4  class=\"pricing-colors-title\">B777<\/h4>\n<p  class=\"pricing-colors-populartext\">Most popular<\/p>\n\n\n<\/div>\n<div  class=\"pricing-colors-contentrow\" data-type=\"column\">\n<ul  class=\"pricing-colors-features-list\">\n \t<li  class=\"pricing-colors-features-item\">Technical Training<\/li>\n \t<li  class=\"pricing-colors-features-item\">AoC sous le contr\u00f4le d\u2019un TRE<\/li>\n \t<li  class=\"pricing-colors-features-item\">AoC 3 heures en simulateur FFS<\/li>\n<\/ul>\n<p  class=\"pricing-colors-pricetext\">3 890 \u20ac<\/p>\n\n<h6  class=\"\">TVA non applicable<\/h6>\n<\/div>\n<\/div>\n<div  class=\"pricing-colors-itemcol cp6cols-tablet color1 cp3cols\">\n<div  class=\"pricing-colors-titlerow white-text bg-alt-color\" data-type=\"column\">\n<h4  class=\"pricing-colors-title\">B787<\/h4>\n<p  class=\"pricing-colors-populartext\">Most popular<\/p>\n\n\n<\/div>\n<div  class=\"pricing-colors-contentrow\" data-type=\"column\">\n<ul  class=\"pricing-colors-features-list\">\n \t<li  class=\"pricing-colors-features-item\">Technical Training<\/li>\n \t<li  class=\"pricing-colors-features-item\">AoC sous le contr\u00f4le d\u2019un TRE<\/li>\n \t<li  class=\"pricing-colors-features-item\">AoC 3 heures en simulateur FFS<\/li>\n<\/ul>\n<p  class=\"pricing-colors-pricetext\">4 590 \u20ac<\/p>\n\n<h6  class=\"\">TVA non applicable<\/h6>\n<\/div>\n<\/div>\n<\/div>\n<\/div>\n<\/div><div  data-label=\"Features\" data-id=\"features-coloured-icon-boxes-section-1\" data-category=\"features\" class=\"features-coloured-icon-boxes-section features-coloured-icon-boxes-section-1\" id=\"features-2\" style=\"background-color: rgb(255, 255, 255);\"> <div  class=\"gridContainer\"> <div  class=\"features-coloured-icon-boxes-textrow\"> <div  class=\"features-coloured-icon-boxes-textcol dynamic-color\" data-type=\"column\"> <h2  class=\"\">Pr\u00e9requis<\/h2>  <\/div> <\/div> <div  class=\"features-coloured-icon-boxes-innerrow flexbox-list dark-text\" data-type=\"row\"> <div  class=\"features-coloured-icon-boxes-featurecol cp6cols-tablet cp4cols\"> <div  class=\"features-coloured-icon-boxes-iconcontainer\" data-content-item-container=\"true\"> <i  data-cp-fa=\"true\" class=\"features-coloured-icon fa fa-plane color6\"><\/i> <\/div> <h4  class=\"\">Heures de vol<\/h4> <p  class=\"\">Avoir r\u00e9ussi un proficiency check pour la d\u00e9livrance d\u2019une qualification du type de l\u2019avion souhait\u00e9 dans un simulateur FFS repr\u00e9sentatif dans les 12 mois pr\u00e9c\u00e9dant l\u2019\u00e9valuation.<\/p>  <\/div> <div  class=\"features-coloured-icon-boxes-featurecol cp6cols-tablet cp4cols\"> <div  class=\"features-coloured-icon-boxes-iconcontainer\" data-content-item-container=\"true\"> <i  data-cp-fa=\"true\" class=\"features-coloured-icon fa fa-mortar-board color6\"><\/i> <\/div> <h4  class=\"\">Licences<\/h4> <p  class=\"\">Qualification SFI(A) ou TRI(A) en cours de validit\u00e9<\/p>  <\/div> <div  class=\"features-coloured-icon-boxes-featurecol cp6cols-tablet cp4cols\"> <div  class=\"features-coloured-icon-boxes-iconcontainer\" data-content-item-container=\"true\"> <i  data-cp-fa=\"true\" class=\"features-coloured-icon fa fa-heartbeat color6\"><\/i> <\/div> <h4  class=\"\">M\u00e9dical<\/h4> <p  class=\"\">Classe 1<\/p>  <\/div>  <\/div> <\/div><\/div>","protected":false},"excerpt":{"rendered":"<p>A320, B737NG, B777 ou B787 Extension de privil\u00e8ges Cette formation a pour objectif de former le candidat \u00e0 l\u2019instruction th\u00e9orique et pratique pour toute qualification de type pour laquelle le candidat est qualifi\u00e9. La formation a pour objectif d\u2019\u00e9tendre les privil\u00e8ges d\u2019instruction \u00e0 un nouvel appareil. Prix et prerequis Fiche formation Extension de privileges A320,&hellip; <br \/> <a class=\"button small blue\" href=\"https:\/\/flexsim-ato.com\/index.php\/en\/2022\/04\/21\/4337\/\">Lire la suite<\/a><\/p>\n","protected":false},"author":2,"featured_media":0,"parent":0,"menu_order":0,"comment_status":"closed","ping_status":"closed","template":"full-width-page.php","meta":{"footnotes":""},"folder":[90],"class_list":["post-4953","page","type-page","status-publish","hentry"],"yoast_head":"<!-- This site is optimized with the Yoast SEO Premium plugin v26.9 (Yoast SEO v26.9) - https:\/\/yoast.com\/product\/yoast-seo-premium-wordpress\/ -->\n<title>Extension de privil\u00e8ges STI\/TRI A320, B737NG, B777 ou B787<\/title>\n<meta name=\"description\" content=\"Cette formation a pour objectif de former le candidat \u00e0 l\u2019instruction th\u00e9orique et pratique pour toute qualification de type pour laquelle le candidat est qualifi\u00e9. La formation a pour objectif d\u2019\u00e9tendre les privil\u00e8ges d\u2019instruction \u00e0 un nouvel appareil.\" \/>\n<meta name=\"robots\" content=\"index, follow, max-snippet:-1, max-image-preview:large, max-video-preview:-1\" \/>\n<link rel=\"canonical\" href=\"https:\/\/flexsim-ato.com\/index.php\/extension-privilieges-a320-b737ng-b777-b787\/\" \/>\n<meta property=\"og:locale\" content=\"fr_FR\" \/>\n<meta property=\"og:type\" content=\"article\" \/>\n<meta property=\"og:title\" content=\"Extension de privil\u00e8ges STI\/TRI A320, B737NG, B777 ou B787\" \/>\n<meta property=\"og:description\" content=\"Cette formation a pour objectif de former le candidat \u00e0 l\u2019instruction th\u00e9orique et pratique pour toute qualification de type pour laquelle le candidat est qualifi\u00e9. La formation a pour objectif d\u2019\u00e9tendre les privil\u00e8ges d\u2019instruction \u00e0 un nouvel appareil.\" \/>\n<meta property=\"og:url\" content=\"https:\/\/flexsim-ato.com\/index.php\/extension-privilieges-a320-b737ng-b777-b787\/\" \/>\n<meta property=\"og:site_name\" content=\"FLEXSIM-ATO\" \/>\n<meta property=\"article:modified_time\" content=\"2025-02-25T09:15:14+00:00\" \/>\n<meta property=\"og:image\" content=\"https:\/\/flexsim-ato.com\/wp-content\/uploads\/2023\/04\/consulting.jpg\" \/>\n<meta name=\"twitter:card\" content=\"summary_large_image\" \/>\n<meta name=\"twitter:label1\" content=\"Dur\u00e9e de lecture estim\u00e9e\" \/>\n\t<meta name=\"twitter:data1\" content=\"3 minutes\" \/>\n<script type=\"application\/ld+json\" class=\"yoast-schema-graph\">{\"@context\":\"https:\/\/schema.org\",\"@graph\":[{\"@type\":\"WebPage\",\"@id\":\"https:\/\/flexsim-ato.com\/index.php\/extension-privilieges-a320-b737ng-b777-b787\/\",\"url\":\"https:\/\/flexsim-ato.com\/index.php\/extension-privilieges-a320-b737ng-b777-b787\/\",\"name\":\"Extension de privil\u00e8ges STI\/TRI A320, B737NG, B777 ou B787\",\"isPartOf\":{\"@id\":\"https:\/\/flexsim-ato.com\/#website\"},\"primaryImageOfPage\":{\"@id\":\"https:\/\/flexsim-ato.com\/index.php\/extension-privilieges-a320-b737ng-b777-b787\/#primaryimage\"},\"image\":{\"@id\":\"https:\/\/flexsim-ato.com\/index.php\/extension-privilieges-a320-b737ng-b777-b787\/#primaryimage\"},\"thumbnailUrl\":\"https:\/\/flexsim-ato.com\/wp-content\/uploads\/2023\/04\/consulting.jpg\",\"datePublished\":\"2023-04-04T22:28:35+00:00\",\"dateModified\":\"2025-02-25T09:15:14+00:00\",\"description\":\"Cette formation a pour objectif de former le candidat \u00e0 l\u2019instruction th\u00e9orique et pratique pour toute qualification de type pour laquelle le candidat est qualifi\u00e9. La formation a pour objectif d\u2019\u00e9tendre les privil\u00e8ges d\u2019instruction \u00e0 un nouvel appareil.\",\"breadcrumb\":{\"@id\":\"https:\/\/flexsim-ato.com\/index.php\/extension-privilieges-a320-b737ng-b777-b787\/#breadcrumb\"},\"inLanguage\":\"fr-FR\",\"potentialAction\":[{\"@type\":\"ReadAction\",\"target\":[\"https:\/\/flexsim-ato.com\/index.php\/extension-privilieges-a320-b737ng-b777-b787\/\"]}]},{\"@type\":\"ImageObject\",\"inLanguage\":\"fr-FR\",\"@id\":\"https:\/\/flexsim-ato.com\/index.php\/extension-privilieges-a320-b737ng-b777-b787\/#primaryimage\",\"url\":\"https:\/\/flexsim-ato.com\/wp-content\/uploads\/2023\/04\/consulting.jpg\",\"contentUrl\":\"https:\/\/flexsim-ato.com\/wp-content\/uploads\/2023\/04\/consulting.jpg\",\"width\":1920,\"height\":1080},{\"@type\":\"BreadcrumbList\",\"@id\":\"https:\/\/flexsim-ato.com\/index.php\/extension-privilieges-a320-b737ng-b777-b787\/#breadcrumb\",\"itemListElement\":[{\"@type\":\"ListItem\",\"position\":1,\"name\":\"Home\",\"item\":\"https:\/\/flexsim-ato.com\/\"},{\"@type\":\"ListItem\",\"position\":2,\"name\":\"Extension de privil\u00e8ges STI\/TRI A320, B737NG, B777 ou B787\"}]},{\"@type\":\"WebSite\",\"@id\":\"https:\/\/flexsim-ato.com\/#website\",\"url\":\"https:\/\/flexsim-ato.com\/\",\"name\":\"FLEXSIM-ATO\",\"description\":\"\",\"publisher\":{\"@id\":\"https:\/\/flexsim-ato.com\/#organization\"},\"potentialAction\":[{\"@type\":\"SearchAction\",\"target\":{\"@type\":\"EntryPoint\",\"urlTemplate\":\"https:\/\/flexsim-ato.com\/?s={search_term_string}\"},\"query-input\":{\"@type\":\"PropertyValueSpecification\",\"valueRequired\":true,\"valueName\":\"search_term_string\"}}],\"inLanguage\":\"fr-FR\"},{\"@type\":\"Organization\",\"@id\":\"https:\/\/flexsim-ato.com\/#organization\",\"name\":\"FLEXSIM-ATO\",\"url\":\"https:\/\/flexsim-ato.com\/\",\"logo\":{\"@type\":\"ImageObject\",\"inLanguage\":\"fr-FR\",\"@id\":\"https:\/\/flexsim-ato.com\/#\/schema\/logo\/image\/\",\"url\":\"https:\/\/flexsim-ato.com\/wp-content\/uploads\/2020\/07\/flexsim_logotype_fullcolor.png\",\"contentUrl\":\"https:\/\/flexsim-ato.com\/wp-content\/uploads\/2020\/07\/flexsim_logotype_fullcolor.png\",\"width\":1279,\"height\":392,\"caption\":\"FLEXSIM-ATO\"},\"image\":{\"@id\":\"https:\/\/flexsim-ato.com\/#\/schema\/logo\/image\/\"}}]}<\/script>\n<!-- \/ Yoast SEO Premium plugin. -->","yoast_head_json":{"title":"Extension de privil\u00e8ges STI\/TRI A320, B737NG, B777 ou B787","description":"Cette formation a pour objectif de former le candidat \u00e0 l\u2019instruction th\u00e9orique et pratique pour toute qualification de type pour laquelle le candidat est qualifi\u00e9. La formation a pour objectif d\u2019\u00e9tendre les privil\u00e8ges d\u2019instruction \u00e0 un nouvel appareil.","robots":{"index":"index","follow":"follow","max-snippet":"max-snippet:-1","max-image-preview":"max-image-preview:large","max-video-preview":"max-video-preview:-1"},"canonical":"https:\/\/flexsim-ato.com\/index.php\/extension-privilieges-a320-b737ng-b777-b787\/","og_locale":"fr_FR","og_type":"article","og_title":"Extension de privil\u00e8ges STI\/TRI A320, B737NG, B777 ou B787","og_description":"Cette formation a pour objectif de former le candidat \u00e0 l\u2019instruction th\u00e9orique et pratique pour toute qualification de type pour laquelle le candidat est qualifi\u00e9. La formation a pour objectif d\u2019\u00e9tendre les privil\u00e8ges d\u2019instruction \u00e0 un nouvel appareil.","og_url":"https:\/\/flexsim-ato.com\/index.php\/extension-privilieges-a320-b737ng-b777-b787\/","og_site_name":"FLEXSIM-ATO","article_modified_time":"2025-02-25T09:15:14+00:00","og_image":[{"url":"https:\/\/flexsim-ato.com\/wp-content\/uploads\/2023\/04\/consulting.jpg","type":"","width":"","height":""}],"twitter_card":"summary_large_image","twitter_misc":{"Dur\u00e9e de lecture estim\u00e9e":"3 minutes"},"schema":{"@context":"https:\/\/schema.org","@graph":[{"@type":"WebPage","@id":"https:\/\/flexsim-ato.com\/index.php\/extension-privilieges-a320-b737ng-b777-b787\/","url":"https:\/\/flexsim-ato.com\/index.php\/extension-privilieges-a320-b737ng-b777-b787\/","name":"Extension de privil\u00e8ges STI\/TRI A320, B737NG, B777 ou B787","isPartOf":{"@id":"https:\/\/flexsim-ato.com\/#website"},"primaryImageOfPage":{"@id":"https:\/\/flexsim-ato.com\/index.php\/extension-privilieges-a320-b737ng-b777-b787\/#primaryimage"},"image":{"@id":"https:\/\/flexsim-ato.com\/index.php\/extension-privilieges-a320-b737ng-b777-b787\/#primaryimage"},"thumbnailUrl":"https:\/\/flexsim-ato.com\/wp-content\/uploads\/2023\/04\/consulting.jpg","datePublished":"2023-04-04T22:28:35+00:00","dateModified":"2025-02-25T09:15:14+00:00","description":"Cette formation a pour objectif de former le candidat \u00e0 l\u2019instruction th\u00e9orique et pratique pour toute qualification de type pour laquelle le candidat est qualifi\u00e9. La formation a pour objectif d\u2019\u00e9tendre les privil\u00e8ges d\u2019instruction \u00e0 un nouvel appareil.","breadcrumb":{"@id":"https:\/\/flexsim-ato.com\/index.php\/extension-privilieges-a320-b737ng-b777-b787\/#breadcrumb"},"inLanguage":"fr-FR","potentialAction":[{"@type":"ReadAction","target":["https:\/\/flexsim-ato.com\/index.php\/extension-privilieges-a320-b737ng-b777-b787\/"]}]},{"@type":"ImageObject","inLanguage":"fr-FR","@id":"https:\/\/flexsim-ato.com\/index.php\/extension-privilieges-a320-b737ng-b777-b787\/#primaryimage","url":"https:\/\/flexsim-ato.com\/wp-content\/uploads\/2023\/04\/consulting.jpg","contentUrl":"https:\/\/flexsim-ato.com\/wp-content\/uploads\/2023\/04\/consulting.jpg","width":1920,"height":1080},{"@type":"BreadcrumbList","@id":"https:\/\/flexsim-ato.com\/index.php\/extension-privilieges-a320-b737ng-b777-b787\/#breadcrumb","itemListElement":[{"@type":"ListItem","position":1,"name":"Home","item":"https:\/\/flexsim-ato.com\/"},{"@type":"ListItem","position":2,"name":"Extension de privil\u00e8ges STI\/TRI A320, B737NG, B777 ou B787"}]},{"@type":"WebSite","@id":"https:\/\/flexsim-ato.com\/#website","url":"https:\/\/flexsim-ato.com\/","name":"FLEXSIM-ATO","description":"","publisher":{"@id":"https:\/\/flexsim-ato.com\/#organization"},"potentialAction":[{"@type":"SearchAction","target":{"@type":"EntryPoint","urlTemplate":"https:\/\/flexsim-ato.com\/?s={search_term_string}"},"query-input":{"@type":"PropertyValueSpecification","valueRequired":true,"valueName":"search_term_string"}}],"inLanguage":"fr-FR"},{"@type":"Organization","@id":"https:\/\/flexsim-ato.com\/#organization","name":"FLEXSIM-ATO","url":"https:\/\/flexsim-ato.com\/","logo":{"@type":"ImageObject","inLanguage":"fr-FR","@id":"https:\/\/flexsim-ato.com\/#\/schema\/logo\/image\/","url":"https:\/\/flexsim-ato.com\/wp-content\/uploads\/2020\/07\/flexsim_logotype_fullcolor.png","contentUrl":"https:\/\/flexsim-ato.com\/wp-content\/uploads\/2020\/07\/flexsim_logotype_fullcolor.png","width":1279,"height":392,"caption":"FLEXSIM-ATO"},"image":{"@id":"https:\/\/flexsim-ato.com\/#\/schema\/logo\/image\/"}}]}},"_links":{"self":[{"href":"https:\/\/flexsim-ato.com\/index.php\/wp-json\/wp\/v2\/pages\/4953","targetHints":{"allow":["GET"]}}],"collection":[{"href":"https:\/\/flexsim-ato.com\/index.php\/wp-json\/wp\/v2\/pages"}],"about":[{"href":"https:\/\/flexsim-ato.com\/index.php\/wp-json\/wp\/v2\/types\/page"}],"author":[{"embeddable":true,"href":"https:\/\/flexsim-ato.com\/index.php\/wp-json\/wp\/v2\/users\/2"}],"replies":[{"embeddable":true,"href":"https:\/\/flexsim-ato.com\/index.php\/wp-json\/wp\/v2\/comments?post=4953"}],"version-history":[{"count":20,"href":"https:\/\/flexsim-ato.com\/index.php\/wp-json\/wp\/v2\/pages\/4953\/revisions"}],"predecessor-version":[{"id":6157,"href":"https:\/\/flexsim-ato.com\/index.php\/wp-json\/wp\/v2\/pages\/4953\/revisions\/6157"}],"wp:attachment":[{"href":"https:\/\/flexsim-ato.com\/index.php\/wp-json\/wp\/v2\/media?parent=4953"}],"wp:term":[{"taxonomy":"folder","embeddable":true,"href":"https:\/\/flexsim-ato.com\/index.php\/wp-json\/wp\/v2\/folder?post=4953"}],"curies":[{"name":"wp","href":"https:\/\/api.w.org\/{rel}","templated":true}]}}