{"id":495,"date":"2020-08-01T20:03:37","date_gmt":"2020-08-01T18:03:37","guid":{"rendered":"https:\/\/flexsim-ato.com\/?page_id=495"},"modified":"2025-02-25T10:12:15","modified_gmt":"2025-02-25T09:12:15","slug":"qt-b737ng","status":"publish","type":"page","link":"https:\/\/flexsim-ato.com\/index.php\/qt-b737ng\/","title":{"rendered":"QT B737NG"},"content":{"rendered":"<div  id=\"about-3\" class=\"about-images-right-section\" style=\"background-color: rgb(255, 255, 255); background-image: none;\" data-label=\"About\" data-id=\"about-images-right-section\" data-category=\"about\" data-ovid=\"ovid-about-3-104\">\n<div  class=\"gridContainer dynamic-color\">\n<div  class=\"about-images-right-innerrow dynamic-color\">\n<div  class=\"about-images-right-textcol\" data-type=\"column\">\n<h5  class=\"\">QT B737NG<\/h5>\n<h2  class=\"about-images-right-bigtitle\">Qualification de Type<\/h2>\n<p  class=\"\">Cette qualification de type permet au pilote d\u2019exercer la fonction de pilote de ligne sur un Boeing 737-300\/-900.<\/p>\n<p  class=\"\">Le stage se compose d\u2019une phase de formation \u00e0 distance (CBT), de cours th\u00e9oriques en pr\u00e9sentiel et d\u2019une phase pratique sur simulateur B737NG agr\u00e9\u00e9. <\/p><p  class=\"\">FLEXSIM-ATO propose aussi des stages de renouvellement de la licence.<\/p><a  class=\"button color1\" href=\"#price\" target=\"_self\" rel=\"noopener noreferrer\" data-icon=\"\">Prix &amp; Pr\u00e9requis<\/a>\n<a  class=\"button color1\" href=\"https:\/\/flexsim-ato.com\/wp-content\/uploads\/2025\/01\/2025-JAN-29-FR-FLEXSIM-Qualification-de-type-B737NG.pdf\" target=\"lightbox\" rel=\"noopener\" data-icon=\"fa-file-pdf-o\"><span  class=\"button-icon fa fa-file-pdf-o\"><\/span>Fiche formation TR B737NG<\/a>\n<h5  class=\"\">Derni\u00e8re mise \u00e0 jour : 30\/07\/2024<\/h5>\n<\/div>\n<div  class=\"about-images-right-imgcol\"><img  decoding=\"async\" class=\"about-images-right-topimg\" src=\"https:\/\/flexsim-ato.com\/wp-content\/uploads\/2020\/09\/Boeing-737.jpg\" onmousedown=\"return false\" onselectstart=\"return false\"><img  decoding=\"async\" class=\"about-images-right-rightimg\" src=\"https:\/\/flexsim-ato.com\/wp-content\/uploads\/2020\/08\/shutterstock_1139440733-scaled.jpg\" onmousedown=\"return false\" onselectstart=\"return false\"><img  decoding=\"async\" class=\"about-images-right-leftimg\" src=\"https:\/\/flexsim-ato.com\/wp-content\/uploads\/2020\/08\/simulateurs-de-vol-scaled.jpg\" onmousedown=\"return false\" onselectstart=\"return false\"><\/div>\n<\/div>\n<\/div>\n<\/div><div  id=\"numbers\" class=\"numbers-section content-relative\" style=\"background-image: url('https:\/\/flexsim-ato.com\/wp-content\/uploads\/2020\/07\/panneau-superieur-scaled.jpg'); background-color: rgba(0, 0, 0, 0); background-size: cover; background-position: center top;\" data-label=\"Numbers\" data-id=\"numbers-section\" data-category=\"numbers\" data-bg=\"transparent\" data-parallax-depth=\"20\" data-ovid=\"ovid-numbers-1553\">\n<div  class=\"gridContainer dynamic-color\">\n<div  class=\"numbers-itemcol\">\n<h2  class=\"numbers-numbertext\">60 H<\/h2>\n<h3  class=\"numbers-titletext\">E-learning CBT<\/h3>\n<\/div>\n<div  class=\"numbers-itemcol\">\n<h2  class=\"numbers-numbertext\">60 H<\/h2>\n<h3  class=\"numbers-titletext\">Pr\u00e9sentiel<\/h3>\n<\/div>\n<div  class=\"numbers-itemcol-last\">\n<h2  class=\"numbers-numbertext\">120 H<\/h2>\n<h3  class=\"numbers-titletext\">Th\u00e9oriques total<\/h3>\n<\/div>\n<\/div>\n<\/div><div  data-label=\"Content\" data-id=\"content-image-left\" data-category=\"content\" class=\"content-left-image-section content-image-left\" id=\"content-3\" style=\"background-color: rgb(246, 246, 246);\"> <div  class=\"gridContainer\"> <div  class=\"row\"> <div  class=\"content-left-image-imgcol\" data-type=\"column\"> <img  decoding=\"async\" src=\"https:\/\/flexsim-ato.com\/wp-content\/uploads\/2020\/08\/cropped-pilote-redige-un-rapport-scaled-1.jpg\" class=\"\" alt=\"\" onmousedown=\"return false\" onselectstart=\"return false\"> <\/div> <div  class=\"content-left-image-textcol dynamic-color\" data-type=\"column\"> <h2  class=\"\">Instruction th\u00e9orique<\/h2> <p  class=\"large_text\">L\u2019objectif de la phase th\u00e9orique est de transmettre au stagiaire une connaissance approfondie des syst\u00e8mes , des limitations et des performances du B737NG.<\/p>  <p  class=\"\">Cette phase comprend : 40 heures de CBT en libre service ; 47 heures d\u2019instruction en salle de cours et 13 heures d\u2019instruction sur FMS trainer.<\/p><\/div> <\/div> <\/div> <\/div><div  id=\"numbers1\" class=\"numbers-section numbers-section-1\" style=\"background-image: url('https:\/\/flexsim-ato.com\/wp-content\/uploads\/2020\/07\/panneau-superieur-scaled.jpg'); background-color: rgba(0, 0, 0, 0); background-size: cover; background-position: center top;\" data-label=\"Numbers\" data-id=\"numbers-section-1\" data-category=\"numbers\" data-bg=\"transparent\" data-parallax-depth=\"20\" data-ovid=\"ovid-numbers1-1779\">\n<div  class=\"gridContainer dynamic-color\">\n<div  class=\"numbers-itemcol\">\n<h2  class=\"numbers-numbertext\">12 H<\/h2>\n<h3  class=\"numbers-titletext\">&nbsp;FBS training<\/h3>\n<\/div>\n<div  class=\"numbers-itemcol\">\n<h2  class=\"numbers-numbertext\">24 H<\/h2>\n<h3  class=\"numbers-titletext\">FFS Training<\/h3>\n<\/div>\n<div  class=\"numbers-itemcol-last\">\n<h2  class=\"numbers-numbertext\">60 H<\/h2>\n<h3  class=\"numbers-titletext\">Total (avec Briefings)<\/h3>\n<\/div>\n<\/div>\n<\/div><div  data-label=\"Content\" data-id=\"content-image-right\" data-category=\"content\" class=\"content-right-image-section content-image-right\" id=\"content-4\" style=\"background-color: rgb(246, 246, 246);\"> <div  class=\"gridContainer\"> <div  class=\"content-right-image-gridcol\"> <div  class=\"content-right-image-textcol dynamic-color\" data-type=\"column\"> <h2  class=\"\">Instruction pratique<\/h2> <p  class=\"large_text\">L\u2019objectif de la phase pratique est d\u2019obtenir les connaissances, les comp\u00e9tences et le comportement requis pour exercer en tant que PNT sur un Boeing 737-300\/-900.<\/p>  <p  class=\"\">Cette phase comprend : 12 heures de simulateur FBS et 24 heures de simulateur FFS (test inclus). Cet entrainement permet de mettre en application les connaissances acquises durant les pr\u00e9c\u00e9dentes \u00e9tapes de la qualification.<\/p><p  class=\"\">Les stagiaires ayant 500 H d\u2019exp\u00e9rience MPA font 20 H de simulateur Full Flight (FFS).<\/p><p  class=\"\">Chaque s\u00e9ance de simulateur comprends une heure de briefing et une heure de d\u00e9birefing suppl\u00e9mentaires.<\/p><\/div> <div  class=\"content-right-image-imgcol\" data-type=\"column\"> <img  decoding=\"async\" src=\"https:\/\/flexsim-ato.com\/wp-content\/uploads\/2020\/08\/shutterstock_1139440733-scaled.jpg\" class=\"\" alt=\"Simulator\" onmousedown=\"return false\" onselectstart=\"return false\"> <\/div> <\/div> <\/div> <\/div><div  id=\"cta-1\" class=\"cta-centered-bg-section white-text\" style=\"background-color: #f6f6f6; background-image: url('https:\/\/flexsim-ato.com\/wp-content\/uploads\/2020\/07\/panneau-superieur-scaled.jpg'); background-size: cover; background-position: center top;\" data-label=\"Cta\" data-id=\"cta-centered-bg-section\" data-category=\"cta\" data-parallax-depth=\"20\" data-ovid=\"ovid-cta-1-1376\">\n<div  class=\"gridContainer\">\n<div  class=\"cta-centered-bg-section-row\">\n<div  class=\"cta-centered-bg-section-row-2\">\n<div  class=\"cta-centered-bg-section-col dynamic-color\" data-type=\"column\">\n<h3  class=\"cta-centered-bg-section-title\"><span  class=\"cta-centered-bg-section-title-bold\">Inscrivez-vous d\u00e8s maintenant !<\/span><\/h3>\n<p  class=\"\">Nouvelle qualification de type ou prorogation.<\/p>\n<a  class=\"button color1 white-text\" href=\"https:\/\/flexsim-ato.com\/index.php\/contact\" target=\"_self\" rel=\"noopener noreferrer\" data-icon=\"fa-envelope-o\"><span  class=\"button-icon fa fa-envelope-o\"><\/span> Demande de renseignements <\/a>\n\n<\/div>\n<\/div>\n<\/div>\n<\/div>\n<\/div><div  id=\"price\" class=\"about-image-section-pro\" style=\"background-color: #f6f6f6;\" data-label=\"About us\" data-id=\"about-image-section-pro\" data-category=\"about\">\n<div  class=\"gridContainer\">\n<div  class=\"row about-image-gridcol-pro\">\n<div  class=\"about-image-textcol-pro\" data-type=\"column\">\n<h2  class=\"\">Prix et d\u00e9lais d\u2019acc\u00e8s<\/h2>\n<p  class=\"\">Toutes nos formations sont planifi\u00e9es \u201c\u00e0 la carte\u201d en fonction de vos disponibilit\u00e9s, des disponibilit\u00e9s instructeurs et simulateur.<\/p>\n\n<h5  class=\"\">CPF : d\u00e9lais administratif suppl\u00e9mentaire de 11 jours ouvr\u00e9s (hors jours f\u00e9ri\u00e9s)<\/h5>\n<\/div>\n<div  class=\"\" data-type=\"column\">\n<h3  class=\"\">15 495 \u20ac<\/h3>\n<h6  class=\"\">TVA non applicable<\/h6>\n<h5  class=\"\">Par stagiaire sur base d\u2019un bin\u00f4me constitu\u00e9.<\/h5>\n<h5  class=\"\">FLEXSIM-ATO ne propose pas de vol hors ligne (base training).<\/h5><\/div>\n<\/div>\n<\/div>\n<\/div><div  data-label=\"Features\" data-id=\"features-coloured-icon-boxes-section-1\" data-category=\"features\" class=\"features-coloured-icon-boxes-section features-coloured-icon-boxes-section-1\" id=\"features-2\" style=\"background-color: rgb(246, 246, 246);\"> <div  class=\"gridContainer\"> <div  class=\"features-coloured-icon-boxes-textrow\"> <div  class=\"features-coloured-icon-boxes-textcol dynamic-color\" data-type=\"column\"> <h2  class=\"\">Pr\u00e9requis<\/h2>  <\/div> <\/div> <div  class=\"features-coloured-icon-boxes-innerrow flexbox-list dark-text\" data-type=\"row\"> <div  class=\"features-coloured-icon-boxes-featurecol cp3cols cp6cols-tablet\"> <div  class=\"features-coloured-icon-boxes-iconcontainer\" data-content-item-container=\"true\"> <i  data-cp-fa=\"true\" class=\"features-coloured-icon fa fa-plane color6\"><\/i> <\/div> <h4  class=\"\">Heures de vol<\/h4> <p  class=\"\">70 heures de vol en tant que PIC<\/p>  <\/div> <div  class=\"features-coloured-icon-boxes-featurecol cp3cols cp6cols-tablet\"> <div  class=\"features-coloured-icon-boxes-iconcontainer\" data-content-item-container=\"true\"> <i  data-cp-fa=\"true\" class=\"features-coloured-icon fa fa-mortar-board color6\"><\/i> <\/div> <h4  class=\"\">Licences<\/h4> <p  class=\"\">IR\/ME ATPL(A) (part-FCL)<\/p>  <p  class=\"\">MCC<\/p><p  class=\"\">Advanced UPRT Course (FCL.745.A)<\/p><p  class=\"\">ICAO English niveau 4 ou plus<\/p><\/div> <div  class=\"features-coloured-icon-boxes-featurecol cp3cols cp6cols-tablet\"> <div  class=\"features-coloured-icon-boxes-iconcontainer\" data-content-item-container=\"true\"> <i  data-cp-fa=\"true\" class=\"features-coloured-icon fa fa-heartbeat color6\"><\/i> <\/div> <h4  class=\"\">M\u00e9dical<\/h4> <p  class=\"\">Classe 1<\/p>  <\/div>  <\/div> <\/div><\/div>","protected":false},"excerpt":{"rendered":"<p>QT B737NG Qualification de Type Cette qualification de type permet au pilote d\u2019exercer la fonction de pilote de ligne sur un Boeing 737-300\/-900. Le stage se compose d\u2019une phase de formation \u00e0 distance (CBT), de cours th\u00e9oriques en pr\u00e9sentiel et d\u2019une phase pratique sur simulateur B737NG agr\u00e9\u00e9. FLEXSIM-ATO propose aussi des stages de renouvellement de&hellip; <br \/> <a class=\"button small blue\" href=\"https:\/\/flexsim-ato.com\/index.php\/en\/2022\/04\/21\/4337\/\">Lire la suite<\/a><\/p>\n","protected":false},"author":2,"featured_media":0,"parent":0,"menu_order":0,"comment_status":"closed","ping_status":"closed","template":"full-width-page.php","meta":{"footnotes":""},"folder":[89],"class_list":["post-495","page","type-page","status-publish","hentry"],"yoast_head":"<!-- This site is optimized with the Yoast SEO Premium plugin v26.9 (Yoast SEO v26.9) - https:\/\/yoast.com\/product\/yoast-seo-premium-wordpress\/ -->\n<title>QT Flexsim ATO Boeing B737 NG Qualification de Type<\/title>\n<meta name=\"description\" content=\"Cette QT B737 NG permet au pilote d\u2019exercer la fonction de pilote de ligne sur un Boeing 737-300\/-900. Simulateur B737NG agr\u00e9\u00e9.\" \/>\n<meta name=\"robots\" content=\"index, follow, max-snippet:-1, max-image-preview:large, max-video-preview:-1\" \/>\n<link rel=\"canonical\" href=\"https:\/\/flexsim-ato.com\/index.php\/qt-b737ng\/\" \/>\n<meta property=\"og:locale\" content=\"fr_FR\" \/>\n<meta property=\"og:type\" content=\"article\" \/>\n<meta property=\"og:title\" content=\"QT B737NG\" \/>\n<meta property=\"og:description\" content=\"Cette QT B737 NG permet au pilote d\u2019exercer la fonction de pilote de ligne sur un Boeing 737-300\/-900. Simulateur B737NG agr\u00e9\u00e9.\" \/>\n<meta property=\"og:url\" content=\"https:\/\/flexsim-ato.com\/index.php\/qt-b737ng\/\" \/>\n<meta property=\"og:site_name\" content=\"FLEXSIM-ATO\" \/>\n<meta property=\"article:modified_time\" content=\"2025-02-25T09:12:15+00:00\" \/>\n<meta property=\"og:image\" content=\"https:\/\/flexsim-ato.com\/wp-content\/uploads\/2020\/09\/Boeing-737.jpg\" \/>\n<meta name=\"twitter:card\" content=\"summary_large_image\" \/>\n<meta name=\"twitter:label1\" content=\"Dur\u00e9e de lecture estim\u00e9e\" \/>\n\t<meta name=\"twitter:data1\" content=\"3 minutes\" \/>\n<script type=\"application\/ld+json\" class=\"yoast-schema-graph\">{\"@context\":\"https:\/\/schema.org\",\"@graph\":[{\"@type\":\"WebPage\",\"@id\":\"https:\/\/flexsim-ato.com\/index.php\/qt-b737ng\/\",\"url\":\"https:\/\/flexsim-ato.com\/index.php\/qt-b737ng\/\",\"name\":\"QT Flexsim ATO Boeing B737 NG Qualification de Type\",\"isPartOf\":{\"@id\":\"https:\/\/flexsim-ato.com\/#website\"},\"primaryImageOfPage\":{\"@id\":\"https:\/\/flexsim-ato.com\/index.php\/qt-b737ng\/#primaryimage\"},\"image\":{\"@id\":\"https:\/\/flexsim-ato.com\/index.php\/qt-b737ng\/#primaryimage\"},\"thumbnailUrl\":\"https:\/\/flexsim-ato.com\/wp-content\/uploads\/2020\/09\/Boeing-737.jpg\",\"datePublished\":\"2020-08-01T18:03:37+00:00\",\"dateModified\":\"2025-02-25T09:12:15+00:00\",\"description\":\"Cette QT B737 NG permet au pilote d\u2019exercer la fonction de pilote de ligne sur un Boeing 737-300\/-900. Simulateur B737NG agr\u00e9\u00e9.\",\"breadcrumb\":{\"@id\":\"https:\/\/flexsim-ato.com\/index.php\/qt-b737ng\/#breadcrumb\"},\"inLanguage\":\"fr-FR\",\"potentialAction\":[{\"@type\":\"ReadAction\",\"target\":[\"https:\/\/flexsim-ato.com\/index.php\/qt-b737ng\/\"]}]},{\"@type\":\"ImageObject\",\"inLanguage\":\"fr-FR\",\"@id\":\"https:\/\/flexsim-ato.com\/index.php\/qt-b737ng\/#primaryimage\",\"url\":\"https:\/\/flexsim-ato.com\/wp-content\/uploads\/2020\/09\/Boeing-737.jpg\",\"contentUrl\":\"https:\/\/flexsim-ato.com\/wp-content\/uploads\/2020\/09\/Boeing-737.jpg\",\"width\":1920,\"height\":1280},{\"@type\":\"BreadcrumbList\",\"@id\":\"https:\/\/flexsim-ato.com\/index.php\/qt-b737ng\/#breadcrumb\",\"itemListElement\":[{\"@type\":\"ListItem\",\"position\":1,\"name\":\"Home\",\"item\":\"https:\/\/flexsim-ato.com\/\"},{\"@type\":\"ListItem\",\"position\":2,\"name\":\"QT 737-300\/-900\"}]},{\"@type\":\"WebSite\",\"@id\":\"https:\/\/flexsim-ato.com\/#website\",\"url\":\"https:\/\/flexsim-ato.com\/\",\"name\":\"FLEXSIM-ATO\",\"description\":\"\",\"publisher\":{\"@id\":\"https:\/\/flexsim-ato.com\/#organization\"},\"potentialAction\":[{\"@type\":\"SearchAction\",\"target\":{\"@type\":\"EntryPoint\",\"urlTemplate\":\"https:\/\/flexsim-ato.com\/?s={search_term_string}\"},\"query-input\":{\"@type\":\"PropertyValueSpecification\",\"valueRequired\":true,\"valueName\":\"search_term_string\"}}],\"inLanguage\":\"fr-FR\"},{\"@type\":\"Organization\",\"@id\":\"https:\/\/flexsim-ato.com\/#organization\",\"name\":\"FLEXSIM-ATO\",\"url\":\"https:\/\/flexsim-ato.com\/\",\"logo\":{\"@type\":\"ImageObject\",\"inLanguage\":\"fr-FR\",\"@id\":\"https:\/\/flexsim-ato.com\/#\/schema\/logo\/image\/\",\"url\":\"https:\/\/flexsim-ato.com\/wp-content\/uploads\/2020\/07\/flexsim_logotype_fullcolor.png\",\"contentUrl\":\"https:\/\/flexsim-ato.com\/wp-content\/uploads\/2020\/07\/flexsim_logotype_fullcolor.png\",\"width\":1279,\"height\":392,\"caption\":\"FLEXSIM-ATO\"},\"image\":{\"@id\":\"https:\/\/flexsim-ato.com\/#\/schema\/logo\/image\/\"}}]}<\/script>\n<!-- \/ Yoast SEO Premium plugin. -->","yoast_head_json":{"title":"QT Flexsim ATO Boeing B737 NG Qualification de Type","description":"Cette QT B737 NG permet au pilote d\u2019exercer la fonction de pilote de ligne sur un Boeing 737-300\/-900. Simulateur B737NG agr\u00e9\u00e9.","robots":{"index":"index","follow":"follow","max-snippet":"max-snippet:-1","max-image-preview":"max-image-preview:large","max-video-preview":"max-video-preview:-1"},"canonical":"https:\/\/flexsim-ato.com\/index.php\/qt-b737ng\/","og_locale":"fr_FR","og_type":"article","og_title":"QT B737NG","og_description":"Cette QT B737 NG permet au pilote d\u2019exercer la fonction de pilote de ligne sur un Boeing 737-300\/-900. Simulateur B737NG agr\u00e9\u00e9.","og_url":"https:\/\/flexsim-ato.com\/index.php\/qt-b737ng\/","og_site_name":"FLEXSIM-ATO","article_modified_time":"2025-02-25T09:12:15+00:00","og_image":[{"url":"https:\/\/flexsim-ato.com\/wp-content\/uploads\/2020\/09\/Boeing-737.jpg","type":"","width":"","height":""}],"twitter_card":"summary_large_image","twitter_misc":{"Dur\u00e9e de lecture estim\u00e9e":"3 minutes"},"schema":{"@context":"https:\/\/schema.org","@graph":[{"@type":"WebPage","@id":"https:\/\/flexsim-ato.com\/index.php\/qt-b737ng\/","url":"https:\/\/flexsim-ato.com\/index.php\/qt-b737ng\/","name":"QT Flexsim ATO Boeing B737 NG Qualification de Type","isPartOf":{"@id":"https:\/\/flexsim-ato.com\/#website"},"primaryImageOfPage":{"@id":"https:\/\/flexsim-ato.com\/index.php\/qt-b737ng\/#primaryimage"},"image":{"@id":"https:\/\/flexsim-ato.com\/index.php\/qt-b737ng\/#primaryimage"},"thumbnailUrl":"https:\/\/flexsim-ato.com\/wp-content\/uploads\/2020\/09\/Boeing-737.jpg","datePublished":"2020-08-01T18:03:37+00:00","dateModified":"2025-02-25T09:12:15+00:00","description":"Cette QT B737 NG permet au pilote d\u2019exercer la fonction de pilote de ligne sur un Boeing 737-300\/-900. Simulateur B737NG agr\u00e9\u00e9.","breadcrumb":{"@id":"https:\/\/flexsim-ato.com\/index.php\/qt-b737ng\/#breadcrumb"},"inLanguage":"fr-FR","potentialAction":[{"@type":"ReadAction","target":["https:\/\/flexsim-ato.com\/index.php\/qt-b737ng\/"]}]},{"@type":"ImageObject","inLanguage":"fr-FR","@id":"https:\/\/flexsim-ato.com\/index.php\/qt-b737ng\/#primaryimage","url":"https:\/\/flexsim-ato.com\/wp-content\/uploads\/2020\/09\/Boeing-737.jpg","contentUrl":"https:\/\/flexsim-ato.com\/wp-content\/uploads\/2020\/09\/Boeing-737.jpg","width":1920,"height":1280},{"@type":"BreadcrumbList","@id":"https:\/\/flexsim-ato.com\/index.php\/qt-b737ng\/#breadcrumb","itemListElement":[{"@type":"ListItem","position":1,"name":"Home","item":"https:\/\/flexsim-ato.com\/"},{"@type":"ListItem","position":2,"name":"QT 737-300\/-900"}]},{"@type":"WebSite","@id":"https:\/\/flexsim-ato.com\/#website","url":"https:\/\/flexsim-ato.com\/","name":"FLEXSIM-ATO","description":"","publisher":{"@id":"https:\/\/flexsim-ato.com\/#organization"},"potentialAction":[{"@type":"SearchAction","target":{"@type":"EntryPoint","urlTemplate":"https:\/\/flexsim-ato.com\/?s={search_term_string}"},"query-input":{"@type":"PropertyValueSpecification","valueRequired":true,"valueName":"search_term_string"}}],"inLanguage":"fr-FR"},{"@type":"Organization","@id":"https:\/\/flexsim-ato.com\/#organization","name":"FLEXSIM-ATO","url":"https:\/\/flexsim-ato.com\/","logo":{"@type":"ImageObject","inLanguage":"fr-FR","@id":"https:\/\/flexsim-ato.com\/#\/schema\/logo\/image\/","url":"https:\/\/flexsim-ato.com\/wp-content\/uploads\/2020\/07\/flexsim_logotype_fullcolor.png","contentUrl":"https:\/\/flexsim-ato.com\/wp-content\/uploads\/2020\/07\/flexsim_logotype_fullcolor.png","width":1279,"height":392,"caption":"FLEXSIM-ATO"},"image":{"@id":"https:\/\/flexsim-ato.com\/#\/schema\/logo\/image\/"}}]}},"_links":{"self":[{"href":"https:\/\/flexsim-ato.com\/index.php\/wp-json\/wp\/v2\/pages\/495","targetHints":{"allow":["GET"]}}],"collection":[{"href":"https:\/\/flexsim-ato.com\/index.php\/wp-json\/wp\/v2\/pages"}],"about":[{"href":"https:\/\/flexsim-ato.com\/index.php\/wp-json\/wp\/v2\/types\/page"}],"author":[{"embeddable":true,"href":"https:\/\/flexsim-ato.com\/index.php\/wp-json\/wp\/v2\/users\/2"}],"replies":[{"embeddable":true,"href":"https:\/\/flexsim-ato.com\/index.php\/wp-json\/wp\/v2\/comments?post=495"}],"version-history":[{"count":105,"href":"https:\/\/flexsim-ato.com\/index.php\/wp-json\/wp\/v2\/pages\/495\/revisions"}],"predecessor-version":[{"id":6147,"href":"https:\/\/flexsim-ato.com\/index.php\/wp-json\/wp\/v2\/pages\/495\/revisions\/6147"}],"wp:attachment":[{"href":"https:\/\/flexsim-ato.com\/index.php\/wp-json\/wp\/v2\/media?parent=495"}],"wp:term":[{"taxonomy":"folder","embeddable":true,"href":"https:\/\/flexsim-ato.com\/index.php\/wp-json\/wp\/v2\/folder?post=495"}],"curies":[{"name":"wp","href":"https:\/\/api.w.org\/{rel}","templated":true}]}}