{"id":493,"date":"2020-08-01T20:03:23","date_gmt":"2020-08-01T18:03:23","guid":{"rendered":"https:\/\/flexsim-ato.com\/?page_id=493"},"modified":"2025-01-29T16:04:39","modified_gmt":"2025-01-29T15:04:39","slug":"mcc-b737ng","status":"publish","type":"page","link":"https:\/\/flexsim-ato.com\/index.php\/mcc-b737ng\/","title":{"rendered":"MCC B737NG"},"content":{"rendered":"<div  id=\"about-1\" class=\"about-images-right-section about-images-right-section-1\" style=\"background-color: #f6f6f6; background-image: none;\" data-label=\"About\" data-id=\"about-images-right-section-1\" data-category=\"about\" data-ovid=\"ovid-about-1-2007\">\n<div  class=\"gridContainer dynamic-color\">\n<div  class=\"about-images-right-innerrow dynamic-color\">\n<div  class=\"about-images-right-textcol\" data-type=\"column\">\n<h5  class=\"\">Multi Crew Coordination<\/h5>\n<h2  class=\"about-images-right-bigtitle\">MCC B737NG<\/h2>\n<p  class=\"\">La formation MCC B737NG est une formation compl\u00e9mentaire \u00e0 une licence de pilote professionnel autorisant le vol en \u00e9quipage, c\u2019est-\u00e0-dire dans un avion n\u00e9cessitant plusieurs pilotes. Elle est un pr\u00e9alable \u00e0 la Qualification de type multipilotes.<\/p>\n<p  class=\"\">Nous proposons des stages de formation au travail en \u00e9quipage adapt\u00e9s \u00e0 vos besoins:<\/p>\n<a  class=\"button color1\" href=\"#numbers\" target=\"_self\" rel=\"noopener noreferrer\" data-icon=\"\">MCC-TRG<\/a> <a  class=\"button color1\" href=\"#numbers1\" target=\"_self\" rel=\"noopener noreferrer\" data-icon=\"\">MCC-JOC<\/a> <a  class=\"button color1\" href=\"#numbers2\" target=\"_self\" rel=\"noopener noreferrer\" data-icon=\"\">MCC-APS<\/a>\n\n<a  class=\"button color1\" href=\"https:\/\/flexsim-ato.com\/wp-content\/uploads\/2024\/07\/2024-JUL-29-FR-FLEXSIM-MCC-TRG-option-JOC-B737NG.pdf\" target=\"lightbox\" rel=\"noopener\" data-icon=\"fa-file-pdf-o\"><span  class=\"button-icon fa fa-file-pdf-o\"><\/span>Fiche formation MCC-TRG + JOC<\/a><a  class=\"button color1\" href=\"https:\/\/flexsim-ato.com\/wp-content\/uploads\/2025\/01\/2025-JAN-29-FR-FLEXSIM-MCC-APS-Allegee.pdf\" target=\"lightbox\" rel=\"noopener\" data-icon=\"fa-file-pdf-o\"><span class=\"button-icon fa fa-file-pdf-o\" ><\/span>Fiche formation MCC APS<\/a>\n<h5  class=\"\">Derni\u00e8re mise \u00e0 jour : 30\/07\/2024<\/h5>\n<\/div>\n<div  class=\"about-images-right-imgcol\"><img  decoding=\"async\" class=\"about-images-right-topimg\" src=\"https:\/\/flexsim-ato.com\/wp-content\/uploads\/2020\/08\/shutterstock_1139440733-scaled.jpg\" onmousedown=\"return false\" onselectstart=\"return false\"><img  decoding=\"async\" class=\"about-images-right-rightimg\" src=\"https:\/\/flexsim-ato.com\/wp-content\/uploads\/2020\/08\/E-learning-petit-G.jpg\" onmousedown=\"return false\" onselectstart=\"return false\"><img  decoding=\"async\" class=\"about-images-right-leftimg\" src=\"https:\/\/flexsim-ato.com\/wp-content\/uploads\/2020\/08\/simulateurs-de-vol-scaled.jpg\" onmousedown=\"return false\" onselectstart=\"return false\"><\/div>\n<\/div>\n<\/div>\n<\/div><div  id=\"numbers\" class=\"numbers-section\" style=\"background-image: url('https:\/\/flexsim-ato.com\/wp-content\/uploads\/2020\/07\/panneau-superieur-scaled.jpg'); background-color: rgba(0, 0, 0, 0); background-size: cover; background-position: center top;\" data-label=\"Numbers\" data-id=\"numbers-section\" data-category=\"numbers\" data-bg=\"transparent\" data-parallax-depth=\"20\" data-ovid=\"ovid-numbers-127\">\n<div  class=\"gridContainer dynamic-color\">\n<div  class=\"numbers-itemcol\">\n<h2  class=\"numbers-numbertext\">MCC<\/h2>\n<h3  class=\"numbers-titletext\">TRG<\/h3>\n<\/div>\n<div  class=\"numbers-itemcol\">\n<h2  class=\"numbers-numbertext\">25 H<\/h2>\n<h3  class=\"numbers-titletext\">Th\u00e9orique<\/h3>\n<\/div>\n<div  class=\"numbers-itemcol-last\">\n<h2  class=\"numbers-numbertext\">20 H<\/h2>\n<h3  class=\"numbers-titletext\">Pratique<\/h3>\n<\/div>\n<\/div>\n<\/div><div  id=\"content-2\" class=\"content-full-right-image-section\" style=\"background-color: #ffffff;\" data-label=\"Content\" data-id=\"content-full-right-image-section\" data-category=\"content\">\n<div  class=\"content-full-right-image-innerrow gridContainer\">\n<div  class=\"content-full-right-image-textcol dynamic-color\">\n<div  class=\"\" data-type=\"column\">\n<h2  class=\"\">MCC-TRG (MCC Training)<\/h2>\n<p  class=\"\">La formation MCC est un pr\u00e9alable \u00e0 la qualification de type multipilote. Elle a pour objectif le d\u00e9veloppement de comp\u00e9tences techniques et humaines visant \u00e0 appr\u00e9hender le travail en \u00e9quipage et les concepts facteurs humains.<\/p>\n\n<\/div>\n<div  class=\"content-full-right-image-featuresrow\">\n<div  class=\"content-full-right-image-featurescol\" data-type=\"column\">\n<h5  class=\"\">Phase th\u00e9orique<\/h5>\n<p  class=\"\">25 heures de cours en salle sur 4 jours<\/p>\n\n<h5  class=\"\">Dur\u00e9e<\/h5>\n<p  class=\"\">10 jours minimum<\/p>\nSelon disponibilit\u00e9\n\n<\/div>\n<div  class=\"content-full-right-image-featurescol\" data-type=\"column\">\n<h5  class=\"\">Phase pratique<\/h5>\n<p  class=\"\">5 s\u00e9ances de 4 heures sur simulateur FBS B737NG<\/p>\n<a  class=\"button color1\" href=\"#pricing-tables-2\" target=\"_self\" rel=\"noopener noreferrer\" data-icon=\"\">Tarifs et pr\u00e9requis<\/a>\n\n<\/div>\n<\/div>\n<\/div>\n<div  class=\"content-full-right-image-imgcol\" style=\"background-image: url('https:\/\/flexsim-ato.com\/wp-content\/uploads\/2020\/08\/shutterstock_1139440733-scaled.jpg');\" data-bg=\"image\"><\/div>\n<\/div>\n<\/div><div  id=\"numbers1\" class=\"numbers-section numbers-section-1\" style=\"background-image: url('https:\/\/flexsim-ato.com\/wp-content\/uploads\/2020\/07\/panneau-superieur-scaled.jpg'); background-color: rgba(0, 0, 0, 0); background-size: cover; background-position: center top;\" data-label=\"Numbers\" data-id=\"numbers-section-1\" data-category=\"numbers\" data-bg=\"transparent\" data-parallax-depth=\"20\" data-ovid=\"ovid-numbers1-318\">\n<div  class=\"gridContainer dynamic-color\">\n<div  class=\"numbers-itemcol\">\n<h2  class=\"numbers-numbertext\">MCC<\/h2>\n<h3  class=\"numbers-titletext\">ADV<\/h3>\n<\/div>\n<div  class=\"numbers-itemcol\">\n<h2  class=\"numbers-numbertext\">Compl\u00e9ment<\/h2>\n<h3  class=\"numbers-titletext\">MCC-TRG<\/h3>\n<\/div>\n<div  class=\"numbers-itemcol-last\">\n<h2  class=\"numbers-numbertext\">4 H<\/h2>\n<h3  class=\"numbers-titletext\">Pratique<\/h3>\n<\/div>\n<\/div>\n<\/div><div  id=\"content-4\" class=\"content-full-left-image-section content-full-left-image-section-4\" style=\"background-color: #f6f6f6;\" data-label=\"Content\" data-id=\"content-full-left-image-section-4\" data-category=\"content\">\n<div  class=\"content-full-left-image-innerrow gridContainer\">\n<div  class=\"content-full-left-image-imgcol\" style=\"background-image: url('https:\/\/flexsim-ato.com\/wp-content\/uploads\/2020\/08\/Skype_Picture_2020_07_14T17_44_50_467Z-scaled.jpeg');\" data-bg=\"image\"><\/div>\n<div  class=\"content-full-left-image-textcol dynamic-color\">\n<div  class=\"\" data-type=\"column\">\n<h2  class=\"\">MCC JOC<\/h2>\n<p  class=\"\">Le stage MCC JOC est un compl\u00e9ment \u00e0 la formation MCC-TRG.&nbsp; Ce module comprend un entrainement simulateur pendant lequel les probl\u00e9matiques haute performance avion sont abord\u00e9es (fondamentaux du pilotage (RAW DATA), formation \u00e0 la pr\u00e9vention et \u00e0 la r\u00e9cup\u00e9ration \u00e0 la suite d\u2019une perte de contr\u00f4le (UPRT).<\/p>\n\n<\/div>\n<div  class=\"content-full-left-image-featuresrow\">\n<div  class=\"content-full-left-image-featurescol\" data-type=\"column\">\n<h5  class=\"\">Dur\u00e9e<\/h5>\n<p  class=\"\">1 jour<\/p>\nSelon disponibilit\u00e9\n<h5  class=\"\">Pr\u00e9requis sp\u00e9cial<\/h5>\n<p  class=\"\">Ce stage est r\u00e9serv\u00e9 aux stagiaires qui ont r\u00e9alis\u00e9s le stage MCC-TRG chez FLEXSIM.<\/p>\n\n<\/div>\n<div  class=\"content-full-left-image-featurescol\" data-type=\"column\">\n\n<a  class=\"button color1\" href=\"#pricing-tables-2\" target=\"_self\" rel=\"noopener noreferrer\" data-icon=\"\">Tarifs et pr\u00e9requis <\/a>\n\n<\/div>\n<\/div>\n<\/div>\n<\/div>\n<\/div><div  id=\"numbers2\" class=\"numbers-section numbers-section-2\" style=\"background-image: url('https:\/\/flexsim-ato.com\/wp-content\/uploads\/2020\/07\/panneau-superieur-scaled.jpg'); background-color: rgba(0, 0, 0, 0); background-size: cover; background-position: center top;\" data-label=\"Numbers\" data-id=\"numbers-section-2\" data-category=\"numbers\" data-bg=\"transparent\" data-parallax-depth=\"20\" data-ovid=\"ovid-numbers2-329\">\n<div  class=\"gridContainer dynamic-color\">\n<div  class=\"numbers-itemcol\">\n<h2  class=\"numbers-numbertext\">MCC<\/h2>\n<h3  class=\"numbers-titletext\">APS<\/h3>\n<\/div>\n<div  class=\"numbers-itemcol\">\n<h2  class=\"numbers-numbertext\">47 H<\/h2>\n<h3  class=\"numbers-titletext\">Th\u00e9orique<\/h3>\n<\/div>\n<div  class=\"numbers-itemcol-last\">\n<h2  class=\"numbers-numbertext\">40 H<\/h2>\n<h3  class=\"numbers-titletext\">Pratique<\/h3>\n<\/div>\n<\/div>\n<\/div><div  data-label=\"Content\" data-id=\"content-full-right-image-section-1\" data-category=\"content\" class=\"content-full-right-image-section content-full-right-image-section-1\" id=\"content-1\" style=\"background-color: rgb(246, 246, 246);\">\n<div  class=\"content-full-right-image-innerrow\">\n<div  class=\"content-full-right-image-textcol dynamic-color\">\n<div  data-type=\"column\" class=\"\">\n<h2  class=\"\">MCC-APS<\/h2>\n<p  class=\"\">Le stage MCC-APS aborde en d\u00e9tail les probl\u00e9matiques d\u2019un avion haute performance (B737NG) dans le contexte op\u00e9rationnel d\u2019une compagnie a\u00e9rienne.<\/p>\n<p  class=\"\">Le stage comprend la MCC-TRG, la MCC-ADV et une partie op\u00e9rationnelle (LOFT); le stage est valid\u00e9 par un contr\u00f4le de formation (FINAL ASSESSMENT).<\/p>\n\n<\/div>\n<div  class=\"content-full-right-image-featuresrow\">\n<div  class=\"content-full-right-image-featurescol\" data-type=\"column\">\n<h5  class=\"\">Phase th\u00e9orique<\/h5>\n<p  class=\"\">47 heures de cours en salle sur 7 jours<\/p>\n\n<h5  class=\"\">Dur\u00e9e<\/h5>\n<p  class=\"\">15 jours minimum<\/p>\n<p  class=\"\">Selon disponibilit\u00e9 du simulateur<\/p>\n\n<\/div>\n<div  class=\"content-full-right-image-featurescol\" data-type=\"column\">\n<h5  class=\"\">Phase pratique<\/h5>\n<p  class=\"\">8 s\u00e9ances de 4 heures sur simulateur FBS B737NG<\/p>\n<p  class=\"\">2 s\u00e9ances LOFT de 3 heures sur simulateur FBS B737NG Examen final : 2 heures sur simulateur FBS B737NG<\/p>\n  <a  class=\"button color1\" href=\"#pricing-tables-2\" target=\"_self\" data-icon=\"\" rel=\"noopener\">Tarifs et pr\u00e9requis<\/a><\/div>\n<\/div>\n<\/div>\n<div  data-bg=\"image\" class=\"content-full-right-image-imgcol\" style=\"background-image: url(&quot;https:\/\/flexsim-ato.com\/wp-content\/uploads\/2020\/08\/cropped-pilote-redige-un-rapport-scaled-1.jpg&quot;);\"><\/div>\n<\/div>\n<\/div><div  id=\"cta-1\" class=\"cta-centered-bg-section white-text\" style=\"background-color: #ffffff; background-image: url('https:\/\/flexsim-ato.com\/wp-content\/uploads\/2020\/07\/panneau-superieur-scaled.jpg'); background-size: cover; background-position: center top;\" data-label=\"Cta\" data-id=\"cta-centered-bg-section\" data-category=\"cta\" data-ovid=\"ovid-cta-1-1393\" data-parallax-depth=\"20\">\n<div  class=\"gridContainer\">\n<div  class=\"cta-centered-bg-section-row\">\n<div  class=\"cta-centered-bg-section-row-2\">\n<div  class=\"cta-centered-bg-section-col dynamic-color\" data-type=\"column\">\n<h3  class=\"cta-centered-bg-section-title\"><span  class=\"cta-centered-bg-section-title-bold\">Inscrivez-vous d\u00e8s maintenant !<\/span><\/h3>\n<a  class=\"button big color1 white-text\" href=\"https:\/\/flexsim-ato.com\/index.php\/contact\" target=\"_self\" rel=\"noopener noreferrer\" data-icon=\"fa-envelope-o\"><span  class=\"button-icon fa fa-envelope-o\"><\/span> Demande de renseignements <\/a>\n\n<\/div>\n<\/div>\n<\/div>\n<\/div>\n<\/div><div  id=\"pricing-tables-2\" class=\"pricing-colors-section content-relative\" style=\"background-color: #f6f6f6; background-image: none;\" data-label=\"Pricing-tables\" data-id=\"pricing-colors-section\" data-category=\"pricing-tables\" data-featured-class=\"pricing-featured\" data-ovid=\"ovid-pricing-tables-2-4289\">\n<div  class=\"gridContainer\">\n<div  class=\"section-title-col dynamic-color\" data-type=\"column\">\n<h2  class=\"\">Prix et d\u00e9lais d\u2019acc\u00e8s<\/h2>\n<p  class=\"\">Toutes nos formations sont planifi\u00e9es \u201c\u00e0 la carte\u201d en fonction de vos disponibilit\u00e9s, les disponibilit\u00e9s instructeurs et simulateur.<\/p>\n\n<\/div>\n<div  class=\"row pricing-colors-innerrow\" data-type=\"row\">\n<div  class=\"pricing-colors-itemcol cp6cols-tablet cp4cols pricing-featured\">\n<div  class=\"pricing-colors-titlerow white-text bg-alt-color\" data-type=\"column\">\n<h4  class=\"pricing-colors-title\">B737NG \u2013 MCC-TRG<\/h4>\n<\/div>\n<div  class=\"pricing-colors-contentrow\" data-type=\"column\">\n<p  class=\"\">Dur\u00e9e : 10 jours minimum<\/p>\nSelon disponibilit\u00e9 du simulateur\n<ul  class=\"pricing-colors-features-list\">\n \t<li  class=\"pricing-colors-features-item\">Phase th\u00e9orique : 25 heures de cours en salle sur 4 jours<\/li>\n \t<li  class=\"pricing-colors-features-item\">Phase pratique : 5 s\u00e9ances de 4 heures sur simulateur FBS B737NG<\/li>\n<\/ul>\n<p  class=\"pricing-colors-pricetext\">5 400 \u20ac<\/p>\n\n<h6  class=\"\">TVA non applicable<\/h6>\n<h5  class=\"\">Par stagiaire sur base d\u2019un bin\u00f4me constitu\u00e9.<\/h5>\n<\/div>\n<\/div>\n<div  class=\"pricing-colors-itemcol cp6cols-tablet cp4cols color1\">\n<div  class=\"pricing-colors-titlerow white-text bg-alt-color\" data-type=\"column\">\n<h4  class=\"pricing-colors-title\">B737NG \u2013 MCC JOC<\/h4>\n<p  class=\"pricing-colors-populartext\">Most popular<\/p>\n\n<\/div>\n<div  class=\"pricing-colors-contentrow\" data-type=\"column\">\n<p  class=\"\">Dur\u00e9e&nbsp; : 1 jour selon disponibilit\u00e9 du simulateur<\/p>\n\n<ul  class=\"pricing-colors-features-list\">\n \t<li  class=\"pricing-colors-features-item\">Phase pratique : 1 s\u00e9ance de 4 heures sur simulateur FFS B737NG<\/li>\n<\/ul>\n<p  class=\"pricing-colors-pricetext\">1 100 \u20ac<\/p>\n\n<h6  class=\"\">TVA non applicable<\/h6>\n<h5  class=\"\">Par stagiaire sur base d\u2019un bin\u00f4me constitu\u00e9.<\/h5>\n<\/div>\n<\/div>\n<div  class=\"pricing-colors-itemcol cp6cols-tablet cp4cols pricing-featured color2\">\n<div  class=\"pricing-colors-titlerow white-text bg-alt-color\" data-type=\"column\">\n<h4  class=\"pricing-colors-title\">B737NG \u2013 MCC-APS<\/h4>\n<\/div>\n<div  class=\"pricing-colors-contentrow\" data-type=\"column\">\n<p  class=\"\">Dur\u00e9e : 15 jours minimum<\/p>\nSelon disponibilit\u00e9 du simulateur\n<ul  class=\"pricing-colors-features-list\">\n \t<li  class=\"pricing-colors-features-item\">Phase th\u00e9orique : 47 heures de cours en salle sur 7 jours<\/li>\n \t<li  class=\"pricing-colors-features-item\">8 s\u00e9ances de 4 heures sur simulateur FBS B737NG<\/li>\n \t<li  class=\"pricing-colors-features-item\">2 s\u00e9ances LOFT de 3 heures sur simulateur FBS B737NG<\/li>\n \t<li  class=\"pricing-colors-features-item\">Examen : 2 heures sur simulateur FBS B737NG<\/li>\n<\/ul>\n<p  class=\"pricing-colors-pricetext\">11 450 \u20ac<\/p>\n\n<h6  class=\"\">TVA non applicable<\/h6>\n<h5  class=\"\">Par stagiaire sur base d\u2019un bin\u00f4me constitu\u00e9.<\/h5>\n<\/div>\n<\/div>\n<\/div>\n<\/div>\n<\/div><div  data-label=\"Features\" data-id=\"features-coloured-icon-boxes-section-1\" data-category=\"features\" class=\"features-coloured-icon-boxes-section features-coloured-icon-boxes-section-1\" id=\"features-3\" style=\"background-color: rgb(255, 255, 255);\">\n<div  class=\"gridContainer\">\n<div  class=\"features-coloured-icon-boxes-textrow\">\n<div  class=\"features-coloured-icon-boxes-textcol dynamic-color\" data-type=\"column\">\n<h2  class=\"\">Pr\u00e9requis<\/h2>\n<\/div>\n<\/div>\n<div  class=\"features-coloured-icon-boxes-innerrow flexbox-list dark-text\" data-type=\"row\">\n<div  class=\"features-coloured-icon-boxes-featurecol cp3cols cp6cols-tablet\">\n<div  class=\"features-coloured-icon-boxes-iconcontainer\" data-content-item-container=\"true\"> <i  data-cp-fa=\"true\" class=\"features-coloured-icon fa fa-plane color6\"><\/i><\/div>\n<h4  class=\"\">Heures de vol<\/h4>\n<p  class=\"\">70 heures de vol en tant que PIC<\/p>\n\n\n<\/div>\n<div  class=\"features-coloured-icon-boxes-featurecol cp3cols cp6cols-tablet\">\n<div  class=\"features-coloured-icon-boxes-iconcontainer\" data-content-item-container=\"true\"> <i  data-cp-fa=\"true\" class=\"features-coloured-icon fa fa-mortar-board color6\"><\/i><\/div>\n<h4  class=\"\">Licences<\/h4>\n<p  class=\"\">CPL IR\/ME ATPL(A) th\u00e9orique<\/p>\n\n\n<\/div>\n<div  class=\"features-coloured-icon-boxes-featurecol cp3cols cp6cols-tablet\">\n<div  class=\"features-coloured-icon-boxes-iconcontainer\" data-content-item-container=\"true\"> <i  data-cp-fa=\"true\" class=\"features-coloured-icon fa fa-heartbeat color6\"><\/i><\/div>\n<h4  class=\"\">M\u00e9dical<\/h4>\n<p  class=\"\">Classe 1 valide<\/p>\n\n\n<\/div>\n<\/div>\n<\/div>\n<\/div>","protected":false},"excerpt":{"rendered":"<p>Multi Crew Coordination MCC B737NG La formation MCC B737NG est une formation compl\u00e9mentaire \u00e0 une licence de pilote professionnel autorisant le vol en \u00e9quipage, c\u2019est-\u00e0-dire dans un avion n\u00e9cessitant plusieurs pilotes. Elle est un pr\u00e9alable \u00e0 la Qualification de type multipilotes. Nous proposons des stages de formation au travail en \u00e9quipage adapt\u00e9s \u00e0 vos besoins:&hellip; <br \/> <a class=\"button small blue\" href=\"https:\/\/flexsim-ato.com\/index.php\/en\/2022\/04\/21\/4337\/\">Lire la suite<\/a><\/p>\n","protected":false},"author":2,"featured_media":0,"parent":0,"menu_order":0,"comment_status":"closed","ping_status":"closed","template":"full-width-page.php","meta":{"footnotes":""},"folder":[87],"class_list":["post-493","page","type-page","status-publish","hentry"],"yoast_head":"<!-- This site is optimized with the Yoast SEO Premium plugin v26.9 (Yoast SEO v26.9) - https:\/\/yoast.com\/product\/yoast-seo-premium-wordpress\/ -->\n<title>MCC Flexsim ATO B737NG : MCC-TRG \/ MCC-JOC \/ MCC-APS<\/title>\n<meta name=\"description\" content=\"La formation MCC (B737NG) est une formation compl\u00e9mentaire \u00e0 une licence de pilote professionnel autorisant le vol en \u00e9quipage.\" \/>\n<meta name=\"robots\" content=\"index, follow, max-snippet:-1, max-image-preview:large, max-video-preview:-1\" \/>\n<link rel=\"canonical\" href=\"https:\/\/flexsim-ato.com\/index.php\/mcc-b737ng\/\" \/>\n<meta property=\"og:locale\" content=\"fr_FR\" \/>\n<meta property=\"og:type\" content=\"article\" \/>\n<meta property=\"og:title\" content=\"MCC B737NG\" \/>\n<meta property=\"og:description\" content=\"La formation MCC (B737NG) est une formation compl\u00e9mentaire \u00e0 une licence de pilote professionnel autorisant le vol en \u00e9quipage.\" \/>\n<meta property=\"og:url\" content=\"https:\/\/flexsim-ato.com\/index.php\/mcc-b737ng\/\" \/>\n<meta property=\"og:site_name\" content=\"FLEXSIM-ATO\" \/>\n<meta property=\"article:modified_time\" content=\"2025-01-29T15:04:39+00:00\" \/>\n<meta property=\"og:image\" content=\"https:\/\/flexsim-ato.com\/wp-content\/uploads\/2020\/08\/shutterstock_1139440733-scaled.jpg\" \/>\n<meta name=\"twitter:card\" content=\"summary_large_image\" \/>\n<meta name=\"twitter:label1\" content=\"Dur\u00e9e de lecture estim\u00e9e\" \/>\n\t<meta name=\"twitter:data1\" content=\"4 minutes\" \/>\n<script type=\"application\/ld+json\" class=\"yoast-schema-graph\">{\"@context\":\"https:\/\/schema.org\",\"@graph\":[{\"@type\":\"WebPage\",\"@id\":\"https:\/\/flexsim-ato.com\/index.php\/mcc-b737ng\/\",\"url\":\"https:\/\/flexsim-ato.com\/index.php\/mcc-b737ng\/\",\"name\":\"MCC Flexsim ATO B737NG : MCC-TRG \/ MCC-JOC \/ MCC-APS\",\"isPartOf\":{\"@id\":\"https:\/\/flexsim-ato.com\/#website\"},\"primaryImageOfPage\":{\"@id\":\"https:\/\/flexsim-ato.com\/index.php\/mcc-b737ng\/#primaryimage\"},\"image\":{\"@id\":\"https:\/\/flexsim-ato.com\/index.php\/mcc-b737ng\/#primaryimage\"},\"thumbnailUrl\":\"https:\/\/flexsim-ato.com\/wp-content\/uploads\/2020\/08\/shutterstock_1139440733-scaled.jpg\",\"datePublished\":\"2020-08-01T18:03:23+00:00\",\"dateModified\":\"2025-01-29T15:04:39+00:00\",\"description\":\"La formation MCC (B737NG) est une formation compl\u00e9mentaire \u00e0 une licence de pilote professionnel autorisant le vol en \u00e9quipage.\",\"breadcrumb\":{\"@id\":\"https:\/\/flexsim-ato.com\/index.php\/mcc-b737ng\/#breadcrumb\"},\"inLanguage\":\"fr-FR\",\"potentialAction\":[{\"@type\":\"ReadAction\",\"target\":[\"https:\/\/flexsim-ato.com\/index.php\/mcc-b737ng\/\"]}]},{\"@type\":\"ImageObject\",\"inLanguage\":\"fr-FR\",\"@id\":\"https:\/\/flexsim-ato.com\/index.php\/mcc-b737ng\/#primaryimage\",\"url\":\"https:\/\/flexsim-ato.com\/wp-content\/uploads\/2020\/08\/shutterstock_1139440733-scaled.jpg\",\"contentUrl\":\"https:\/\/flexsim-ato.com\/wp-content\/uploads\/2020\/08\/shutterstock_1139440733-scaled.jpg\",\"width\":1920,\"height\":1283,\"caption\":\"Simulator\"},{\"@type\":\"BreadcrumbList\",\"@id\":\"https:\/\/flexsim-ato.com\/index.php\/mcc-b737ng\/#breadcrumb\",\"itemListElement\":[{\"@type\":\"ListItem\",\"position\":1,\"name\":\"Home\",\"item\":\"https:\/\/flexsim-ato.com\/\"},{\"@type\":\"ListItem\",\"position\":2,\"name\":\"MCC\"}]},{\"@type\":\"WebSite\",\"@id\":\"https:\/\/flexsim-ato.com\/#website\",\"url\":\"https:\/\/flexsim-ato.com\/\",\"name\":\"FLEXSIM-ATO\",\"description\":\"\",\"publisher\":{\"@id\":\"https:\/\/flexsim-ato.com\/#organization\"},\"potentialAction\":[{\"@type\":\"SearchAction\",\"target\":{\"@type\":\"EntryPoint\",\"urlTemplate\":\"https:\/\/flexsim-ato.com\/?s={search_term_string}\"},\"query-input\":{\"@type\":\"PropertyValueSpecification\",\"valueRequired\":true,\"valueName\":\"search_term_string\"}}],\"inLanguage\":\"fr-FR\"},{\"@type\":\"Organization\",\"@id\":\"https:\/\/flexsim-ato.com\/#organization\",\"name\":\"FLEXSIM-ATO\",\"url\":\"https:\/\/flexsim-ato.com\/\",\"logo\":{\"@type\":\"ImageObject\",\"inLanguage\":\"fr-FR\",\"@id\":\"https:\/\/flexsim-ato.com\/#\/schema\/logo\/image\/\",\"url\":\"https:\/\/flexsim-ato.com\/wp-content\/uploads\/2020\/07\/flexsim_logotype_fullcolor.png\",\"contentUrl\":\"https:\/\/flexsim-ato.com\/wp-content\/uploads\/2020\/07\/flexsim_logotype_fullcolor.png\",\"width\":1279,\"height\":392,\"caption\":\"FLEXSIM-ATO\"},\"image\":{\"@id\":\"https:\/\/flexsim-ato.com\/#\/schema\/logo\/image\/\"}}]}<\/script>\n<!-- \/ Yoast SEO Premium plugin. -->","yoast_head_json":{"title":"MCC Flexsim ATO B737NG : MCC-TRG \/ MCC-JOC \/ MCC-APS","description":"La formation MCC (B737NG) est une formation compl\u00e9mentaire \u00e0 une licence de pilote professionnel autorisant le vol en \u00e9quipage.","robots":{"index":"index","follow":"follow","max-snippet":"max-snippet:-1","max-image-preview":"max-image-preview:large","max-video-preview":"max-video-preview:-1"},"canonical":"https:\/\/flexsim-ato.com\/index.php\/mcc-b737ng\/","og_locale":"fr_FR","og_type":"article","og_title":"MCC B737NG","og_description":"La formation MCC (B737NG) est une formation compl\u00e9mentaire \u00e0 une licence de pilote professionnel autorisant le vol en \u00e9quipage.","og_url":"https:\/\/flexsim-ato.com\/index.php\/mcc-b737ng\/","og_site_name":"FLEXSIM-ATO","article_modified_time":"2025-01-29T15:04:39+00:00","og_image":[{"url":"https:\/\/flexsim-ato.com\/wp-content\/uploads\/2020\/08\/shutterstock_1139440733-scaled.jpg","type":"","width":"","height":""}],"twitter_card":"summary_large_image","twitter_misc":{"Dur\u00e9e de lecture estim\u00e9e":"4 minutes"},"schema":{"@context":"https:\/\/schema.org","@graph":[{"@type":"WebPage","@id":"https:\/\/flexsim-ato.com\/index.php\/mcc-b737ng\/","url":"https:\/\/flexsim-ato.com\/index.php\/mcc-b737ng\/","name":"MCC Flexsim ATO B737NG : MCC-TRG \/ MCC-JOC \/ MCC-APS","isPartOf":{"@id":"https:\/\/flexsim-ato.com\/#website"},"primaryImageOfPage":{"@id":"https:\/\/flexsim-ato.com\/index.php\/mcc-b737ng\/#primaryimage"},"image":{"@id":"https:\/\/flexsim-ato.com\/index.php\/mcc-b737ng\/#primaryimage"},"thumbnailUrl":"https:\/\/flexsim-ato.com\/wp-content\/uploads\/2020\/08\/shutterstock_1139440733-scaled.jpg","datePublished":"2020-08-01T18:03:23+00:00","dateModified":"2025-01-29T15:04:39+00:00","description":"La formation MCC (B737NG) est une formation compl\u00e9mentaire \u00e0 une licence de pilote professionnel autorisant le vol en \u00e9quipage.","breadcrumb":{"@id":"https:\/\/flexsim-ato.com\/index.php\/mcc-b737ng\/#breadcrumb"},"inLanguage":"fr-FR","potentialAction":[{"@type":"ReadAction","target":["https:\/\/flexsim-ato.com\/index.php\/mcc-b737ng\/"]}]},{"@type":"ImageObject","inLanguage":"fr-FR","@id":"https:\/\/flexsim-ato.com\/index.php\/mcc-b737ng\/#primaryimage","url":"https:\/\/flexsim-ato.com\/wp-content\/uploads\/2020\/08\/shutterstock_1139440733-scaled.jpg","contentUrl":"https:\/\/flexsim-ato.com\/wp-content\/uploads\/2020\/08\/shutterstock_1139440733-scaled.jpg","width":1920,"height":1283,"caption":"Simulator"},{"@type":"BreadcrumbList","@id":"https:\/\/flexsim-ato.com\/index.php\/mcc-b737ng\/#breadcrumb","itemListElement":[{"@type":"ListItem","position":1,"name":"Home","item":"https:\/\/flexsim-ato.com\/"},{"@type":"ListItem","position":2,"name":"MCC"}]},{"@type":"WebSite","@id":"https:\/\/flexsim-ato.com\/#website","url":"https:\/\/flexsim-ato.com\/","name":"FLEXSIM-ATO","description":"","publisher":{"@id":"https:\/\/flexsim-ato.com\/#organization"},"potentialAction":[{"@type":"SearchAction","target":{"@type":"EntryPoint","urlTemplate":"https:\/\/flexsim-ato.com\/?s={search_term_string}"},"query-input":{"@type":"PropertyValueSpecification","valueRequired":true,"valueName":"search_term_string"}}],"inLanguage":"fr-FR"},{"@type":"Organization","@id":"https:\/\/flexsim-ato.com\/#organization","name":"FLEXSIM-ATO","url":"https:\/\/flexsim-ato.com\/","logo":{"@type":"ImageObject","inLanguage":"fr-FR","@id":"https:\/\/flexsim-ato.com\/#\/schema\/logo\/image\/","url":"https:\/\/flexsim-ato.com\/wp-content\/uploads\/2020\/07\/flexsim_logotype_fullcolor.png","contentUrl":"https:\/\/flexsim-ato.com\/wp-content\/uploads\/2020\/07\/flexsim_logotype_fullcolor.png","width":1279,"height":392,"caption":"FLEXSIM-ATO"},"image":{"@id":"https:\/\/flexsim-ato.com\/#\/schema\/logo\/image\/"}}]}},"_links":{"self":[{"href":"https:\/\/flexsim-ato.com\/index.php\/wp-json\/wp\/v2\/pages\/493","targetHints":{"allow":["GET"]}}],"collection":[{"href":"https:\/\/flexsim-ato.com\/index.php\/wp-json\/wp\/v2\/pages"}],"about":[{"href":"https:\/\/flexsim-ato.com\/index.php\/wp-json\/wp\/v2\/types\/page"}],"author":[{"embeddable":true,"href":"https:\/\/flexsim-ato.com\/index.php\/wp-json\/wp\/v2\/users\/2"}],"replies":[{"embeddable":true,"href":"https:\/\/flexsim-ato.com\/index.php\/wp-json\/wp\/v2\/comments?post=493"}],"version-history":[{"count":109,"href":"https:\/\/flexsim-ato.com\/index.php\/wp-json\/wp\/v2\/pages\/493\/revisions"}],"predecessor-version":[{"id":6018,"href":"https:\/\/flexsim-ato.com\/index.php\/wp-json\/wp\/v2\/pages\/493\/revisions\/6018"}],"wp:attachment":[{"href":"https:\/\/flexsim-ato.com\/index.php\/wp-json\/wp\/v2\/media?parent=493"}],"wp:term":[{"taxonomy":"folder","embeddable":true,"href":"https:\/\/flexsim-ato.com\/index.php\/wp-json\/wp\/v2\/folder?post=493"}],"curies":[{"name":"wp","href":"https:\/\/api.w.org\/{rel}","templated":true}]}}