{"id":4920,"date":"2023-04-04T20:47:59","date_gmt":"2023-04-04T18:47:59","guid":{"rendered":"https:\/\/flexsim-ato.com\/?page_id=4920"},"modified":"2025-02-25T10:15:46","modified_gmt":"2025-02-25T09:15:46","slug":"prorogation-ou-renouvellement-sfi-tri","status":"publish","type":"page","link":"https:\/\/flexsim-ato.com\/index.php\/prorogation-ou-renouvellement-sfi-tri\/","title":{"rendered":"Prorogation ou Renouvellement SFI\/TRI"},"content":{"rendered":"<div  data-label=\"About\" data-id=\"about-images-right-section\" data-category=\"about\" class=\"about-images-right-section\" id=\"about-3\" style=\"background-color: rgb(255, 255, 255); background-image: none;\" data-ovid=\"ovid-about-3-104\"> <div  class=\"gridContainer dynamic-color\"> <div  class=\"about-images-right-innerrow dynamic-color\"> <div  class=\"about-images-right-textcol\" data-type=\"column\">  <h2  class=\"about-images-right-bigtitle\">Refresher course et\/ou AoC A320 \/ B737NG \/ B777 \/ B787<\/h2> <p  class=\"\">Flexsim propose des stages de prorogation et de renouvellement des qualifications instructeurs.<\/p> <a  class=\"button color1\" href=\"#refresh\" target=\"_self\" data-icon=\"\" rel=\"noopener\">Refresher course<\/a> <a  class=\"button color1\" href=\"#aoc\" target=\"_self\" data-icon=\"\" rel=\"noopener\">AoC<\/a><a  class=\"button color1\" href=\"https:\/\/flexsim-ato.com\/wp-content\/uploads\/2025\/01\/2025-JAN-29-FR-FLEXSIM-Refresher-course-et-ou-AoC-A320-B737NG-B777-B787.pdf\" target=\"lightbox\" data-icon=\"fa-file-pdf-o\" rel=\"noopener\"><span  class=\"button-icon fa fa-file-pdf-o\"><\/span>Fiche formation Refresher course &amp; AoC<\/a><h5  class=\"\">Derni\u00e8re mise \u00e0 jour : 30 JUL 2024<\/h5><\/div> <div  class=\"about-images-right-imgcol\"><img  decoding=\"async\" class=\"about-images-right-topimg\" src=\"https:\/\/flexsim-ato.com\/wp-content\/uploads\/2023\/04\/consulting.jpg\" alt=\"\" onmousedown=\"return false\" onselectstart=\"return false\"><img  decoding=\"async\" class=\"about-images-right-rightimg\" src=\"https:\/\/flexsim-ato.com\/wp-content\/uploads\/2020\/08\/shutterstock_1139440733-scaled.jpg\" alt=\"Simulator\" onmousedown=\"return false\" onselectstart=\"return false\"><img  decoding=\"async\" class=\"about-images-right-leftimg\" src=\"https:\/\/flexsim-ato.com\/wp-content\/uploads\/2021\/02\/cropped-F100012560-1.jpg\" alt=\"\" onmousedown=\"return false\" onselectstart=\"return false\"> <\/div> <\/div> <\/div><\/div><div  data-label=\"Numbers\" data-id=\"numbers-section\" data-category=\"numbers\" data-bg=\"transparent\" class=\"numbers-section\" data-parallax-depth=\"20\" id=\"refresh\" style=\"background-image: url(&quot;https:\/\/flexsim-ato.com\/wp-content\/uploads\/2020\/07\/cropped-panneau-superieur-scaled-2.jpg&quot;); background-color: rgba(0, 0, 0, 0); background-size: cover; background-position: center top;\" data-ovid=\"ovid-refresh-4843\"> <div  class=\"gridContainer dynamic-color\"> <div  class=\"numbers-itemcol\"> <h2  class=\"numbers-numbertext\">Pr\u00e9sentiel ou<\/h2> <h3  class=\"numbers-titletext\">distanciel<\/h3> <\/div> <div  class=\"numbers-itemcol\"> <h2  class=\"numbers-numbertext\">1 jour<\/h2> <h3  class=\"numbers-titletext\"><\/h3> <\/div> <div  class=\"numbers-itemcol-last\"> <h2  class=\"numbers-numbertext\">Tout type<\/h2> <h3  class=\"numbers-titletext\">avions<\/h3> <\/div> <\/div><\/div><div  data-label=\"Content\" data-id=\"content-image-left\" data-category=\"content\" class=\"content-left-image-section content-image-left\" id=\"refreshsd\" style=\"background-color: rgb(255, 255, 255);\"> <div  class=\"gridContainer\"> <div  class=\"row\"> <div  class=\"content-left-image-imgcol\" data-type=\"column\"> <img  decoding=\"async\" src=\"https:\/\/flexsim-ato.com\/wp-content\/uploads\/2023\/04\/consulting.jpg\" class=\"\" onmousedown=\"return false\" onselectstart=\"return false\" alt=\"\"> <\/div> <div  class=\"content-left-image-textcol dynamic-color\" data-type=\"column\"> <h2  class=\"\">Refresher course<\/h2> <p  class=\"large_text\">Ce stage vous permet de d\u00e9velopper les notions d\u2019apprentissage et d\u2019enseignement avec notamment des exercices interactifs et des discussions en groupe. Ce stage est conforme aux recommandations EASA et valable pour tout type avion.<\/p>  <\/div> <\/div> <\/div> <\/div><div  data-label=\"About us\" data-id=\"about-image-section-pro\" data-category=\"about\" class=\"about-image-section-pro\" id=\"about-us-2\" style=\"background-color: rgb(246, 246, 246);\"> <div  class=\"gridContainer\"> <div  class=\"row about-image-gridcol-pro\"> <div  class=\"about-image-textcol-pro\" data-type=\"column\"> <h2  class=\"\">Prix et d\u00e9lais d\u2019acc\u00e8s<\/h2> <p  class=\"\">Toutes nos formations sont planifi\u00e9es \u201c\u00e0 la carte\u201d en fonction de vos disponibilit\u00e9s, des disponibilit\u00e9s instructeurs et simulateur.<\/p> <h5  class=\"\">CPF : d\u00e9lais administratif suppl\u00e9mentaire de 11 jours ouvr\u00e9s (hors jours f\u00e9ri\u00e9s)<\/h5><h3  class=\"\">400 \u20ac<\/h3><h6  class=\"\">TVA non applicable<\/h6><h5  class=\"\">Par stagiaire \u00e0 partir de deux candidats.<\/h5><\/div> <div  data-type=\"column\" class=\"\">  <\/div> <\/div> <\/div> <\/div><div  data-label=\"Numbers\" data-id=\"numbers-section-1\" data-category=\"numbers\" data-bg=\"transparent\" class=\"numbers-section numbers-section-1\" data-parallax-depth=\"20\" id=\"aoc\" style=\"background-image: url(&quot;https:\/\/flexsim-ato.com\/wp-content\/uploads\/2020\/07\/cropped-panneau-superieur-scaled-2.jpg&quot;); background-color: rgba(0, 0, 0, 0); background-size: cover; background-position: center top;\" data-ovid=\"ovid-aoc-524\"> <div  class=\"gridContainer dynamic-color\"> <div  class=\"numbers-itemcol\"> <h2  class=\"numbers-numbertext\">AoC<\/h2> <h3  class=\"numbers-titletext\">A320<\/h3> <\/div> <div  class=\"numbers-itemcol\"> <h2  class=\"numbers-numbertext\">AoC<\/h2> <h3  class=\"numbers-titletext\">B737NG<\/h3> <\/div> <div  class=\"numbers-itemcol-last\"> <h2  class=\"numbers-numbertext\">AoC<\/h2> <h3  class=\"numbers-titletext\">B777\/B787<\/h3> <\/div> <\/div><\/div><div  data-label=\"Content\" data-id=\"content-image-right\" data-category=\"content\" class=\"content-right-image-section content-image-right\" id=\"content-4\" style=\"background-color: rgb(255, 255, 255); background-image: none;\" data-ovid=\"ovid-content-4-257\"> <div  class=\"gridContainer\"> <div  class=\"content-right-image-gridcol\"> <div  class=\"content-right-image-textcol dynamic-color\" data-type=\"column\"> <h2  class=\"\">AoC<\/h2> <p  class=\"large_text\">La s\u00e9ance AoC est l\u2019\u00e9valuation sous le contr\u00f4le d\u2019un examinateur (TRE).<\/p>  <p  class=\"\">Le stagiaire instructeur recevra un scenario du programme de qualification de type sur le type avion concern\u00e9. L\u2019examinateur recevra le scenario 2 jours avant la s\u00e9ance.<\/p><p  class=\"\">Le stagiaire instructeur agira en tant qu\u2019instructeur de la s\u00e9ance au poste instructeur (IOS).<\/p><p  class=\"\">L\u2019examinateur fera un d\u00e9briefing du stagiaire instructeur en l\u2019informant de la r\u00e9ussite ou de l\u2019\u00e9chec de la s\u00e9ance.<\/p><\/div> <div  class=\"content-right-image-imgcol\" data-type=\"column\"> <img  decoding=\"async\" src=\"https:\/\/flexsim-ato.com\/wp-content\/uploads\/2020\/08\/shutterstock_1139440733-scaled.jpg\" class=\"\" onmousedown=\"return false\" onselectstart=\"return false\" alt=\"Simulator\"> <\/div> <\/div> <\/div> <\/div><div  data-label=\"Pricing-tables\" data-id=\"pricing-colors-section\" data-category=\"pricing-tables\" class=\"pricing-colors-section\" data-featured-class=\"pricing-featured\" id=\"pricing-tables-2\" style=\"background-color: rgb(246, 246, 246); background-image: none;\" data-ovid=\"ovid-pricing-tables-2-254\"> <div  class=\"gridContainer\"> <div  class=\"section-title-col dynamic-color\" data-type=\"column\"> <h2  class=\"\">Prix et d\u00e9lais d\u2019acc\u00e8s<\/h2> <p  class=\"\">Toutes nos formations sont planifi\u00e9es \u201c\u00e0 la carte\u201d en fonction de vos disponibilit\u00e9s, des disponibilit\u00e9s instructeurs et simulateur.<\/p> <h5  class=\"\">CPF : d\u00e9lais administratif suppl\u00e9mentaire de 11 jours ouvr\u00e9s (hors jours f\u00e9ri\u00e9s)<\/h5><\/div> <div  class=\"row pricing-colors-innerrow\" data-type=\"row\"> <div  class=\"pricing-colors-itemcol cp6cols-tablet cp3cols color11\"> <div  class=\"pricing-colors-titlerow white-text bg-alt-color\" data-type=\"column\"> <h4  class=\"pricing-colors-title\">A320<\/h4> <p  class=\"pricing-colors-populartext\"> Most popular <\/p> <\/div> <div  class=\"pricing-colors-contentrow\" data-type=\"column\">   <ul  class=\"pricing-colors-features-list\"><li  class=\"pricing-colors-features-item\">Sous le contr\u00f4le d\u2019un TRE<\/li><li  class=\"pricing-colors-features-item\">3 heures en simulateur FFS<\/li><\/ul><p  class=\"pricing-colors-pricetext\">2 550 \u20ac<\/p>  <h6  class=\"\">TVA non applicable<\/h6><\/div> <\/div><div  class=\"pricing-colors-itemcol cp6cols-tablet color2 cp3cols\"> <div  class=\"pricing-colors-titlerow white-text bg-alt-color\" data-type=\"column\"> <h4  class=\"pricing-colors-title\">B737NG<\/h4> <p  class=\"pricing-colors-populartext\"> Most popular <\/p> <\/div> <div  class=\"pricing-colors-contentrow\" data-type=\"column\">   <ul  class=\"pricing-colors-features-list\"><li  class=\"pricing-colors-features-item\">Sous le contr\u00f4le d\u2019un TRE<\/li><li  class=\"pricing-colors-features-item\">3 heures en simulateur FFS<\/li><\/ul><p  class=\"pricing-colors-pricetext\">2 490 \u20ac<\/p>  <h6  class=\"\">TVA non applicable<\/h6><\/div> <\/div>    <div  class=\"pricing-colors-itemcol cp6cols-tablet color4 cp3cols\"> <div  class=\"pricing-colors-titlerow white-text bg-alt-color\" data-type=\"column\"> <h4  class=\"pricing-colors-title\">B777<\/h4> <p  class=\"pricing-colors-populartext\"> Most popular <\/p> <\/div> <div  class=\"pricing-colors-contentrow\" data-type=\"column\">   <ul  class=\"pricing-colors-features-list\"><li  class=\"pricing-colors-features-item\">Sous le contr\u00f4le d\u2019un TRE<\/li><li  class=\"pricing-colors-features-item\">3 heures en simulateur FFS<\/li><\/ul><p  class=\"pricing-colors-pricetext\">2 650 \u20ac<\/p>  <h6  class=\"\">TVA non applicable<\/h6><\/div> <\/div><div  class=\"pricing-colors-itemcol cp6cols-tablet color1 cp3cols\"> <div  class=\"pricing-colors-titlerow white-text bg-alt-color\" data-type=\"column\"> <h4  class=\"pricing-colors-title\">B787<\/h4> <p  class=\"pricing-colors-populartext\"> Most popular <\/p> <\/div> <div  class=\"pricing-colors-contentrow\" data-type=\"column\">   <ul  class=\"pricing-colors-features-list\"><li  class=\"pricing-colors-features-item\">Sous le contr\u00f4le d\u2019un TRE<\/li><li  class=\"pricing-colors-features-item\">3 heures en simulateur FFS<\/li><\/ul><p  class=\"pricing-colors-pricetext\">3 300 \u20ac<\/p>  <h6  class=\"\">TVA non applicable<\/h6><\/div> <\/div><\/div> <\/div> <\/div><div  data-label=\"Cta\" data-id=\"cta-centered-bg-section\" data-category=\"cta\" class=\"cta-centered-bg-section white-text\" data-parallax-depth=\"20\" id=\"cta-1\" style=\"background-color: rgb(255, 255, 255); background-image: url(&quot;https:\/\/flexsim-ato.com\/wp-content\/uploads\/2020\/07\/cropped-panneau-superieur-scaled-2.jpg&quot;); background-size: cover; background-position: center top;\" data-ovid=\"ovid-cta-1-4996\"> <div  class=\"gridContainer\"> <div  class=\"cta-centered-bg-section-row\"> <div  class=\"cta-centered-bg-section-row-2\"> <div  class=\"cta-centered-bg-section-col dynamic-color\" data-type=\"column\"> <h3  class=\"cta-centered-bg-section-title\">Inscrivez-vous d\u00e8s maintenant !<\/h3> <a  class=\"button color1 white-text\" href=\"https:\/\/flexsim-ato.com\/index.php\/contact\" target=\"_self\" data-icon=\"fa-envelope-o\" rel=\"noopener\"><span  class=\"button-icon fa fa-envelope-o\"><\/span> Demande de renseignements <\/a> <\/div> <\/div> <\/div> <\/div> <\/div>","protected":false},"excerpt":{"rendered":"<p>Refresher course et\/ou AoC A320 \/ B737NG \/ B777 \/ B787 Flexsim propose des stages de prorogation et de renouvellement des qualifications instructeurs. Refresher course AoCFiche formation Refresher course &amp; AoCDerni\u00e8re mise \u00e0 jour : 30 JUL 2024 Pr\u00e9sentiel ou distanciel 1 jour Tout type avions Refresher course Ce stage vous permet de d\u00e9velopper les&hellip; <br \/> <a class=\"button small blue\" href=\"https:\/\/flexsim-ato.com\/index.php\/en\/2022\/04\/21\/4337\/\">Lire la suite<\/a><\/p>\n","protected":false},"author":2,"featured_media":0,"parent":0,"menu_order":0,"comment_status":"closed","ping_status":"closed","template":"full-width-page.php","meta":{"footnotes":""},"folder":[90],"class_list":["post-4920","page","type-page","status-publish","hentry"],"yoast_head":"<!-- This site is optimized with the Yoast SEO Premium plugin v26.9 (Yoast SEO v26.9) - https:\/\/yoast.com\/product\/yoast-seo-premium-wordpress\/ -->\n<title>Prorogation ou Renouvellement SFI\/TRI<\/title>\n<meta name=\"description\" content=\"Cette formation a pour objectif de former le candidat \u00e0 l\u2019instruction th\u00e9orique et pratique pour toute qualification de type d\u2019avion multi-pilote pour laquelle le candidat est qualifi\u00e9.\" \/>\n<meta name=\"robots\" content=\"index, follow, max-snippet:-1, max-image-preview:large, max-video-preview:-1\" \/>\n<link rel=\"canonical\" href=\"https:\/\/flexsim-ato.com\/index.php\/prorogation-ou-renouvellement-sfi-tri\/\" \/>\n<meta property=\"og:locale\" content=\"fr_FR\" \/>\n<meta property=\"og:type\" content=\"article\" \/>\n<meta property=\"og:title\" content=\"Prorogation ou Renouvellement SFI\/TRI\" \/>\n<meta property=\"og:description\" content=\"Cette formation a pour objectif de former le candidat \u00e0 l\u2019instruction th\u00e9orique et pratique pour toute qualification de type d\u2019avion multi-pilote pour laquelle le candidat est qualifi\u00e9.\" \/>\n<meta property=\"og:url\" content=\"https:\/\/flexsim-ato.com\/index.php\/prorogation-ou-renouvellement-sfi-tri\/\" \/>\n<meta property=\"og:site_name\" content=\"FLEXSIM-ATO\" \/>\n<meta property=\"article:modified_time\" content=\"2025-02-25T09:15:46+00:00\" \/>\n<meta property=\"og:image\" content=\"https:\/\/flexsim-ato.com\/wp-content\/uploads\/2023\/04\/consulting.jpg\" \/>\n<meta name=\"twitter:card\" content=\"summary_large_image\" \/>\n<script type=\"application\/ld+json\" class=\"yoast-schema-graph\">{\"@context\":\"https:\/\/schema.org\",\"@graph\":[{\"@type\":\"WebPage\",\"@id\":\"https:\/\/flexsim-ato.com\/index.php\/prorogation-ou-renouvellement-sfi-tri\/\",\"url\":\"https:\/\/flexsim-ato.com\/index.php\/prorogation-ou-renouvellement-sfi-tri\/\",\"name\":\"Prorogation ou Renouvellement SFI\/TRI\",\"isPartOf\":{\"@id\":\"https:\/\/flexsim-ato.com\/#website\"},\"primaryImageOfPage\":{\"@id\":\"https:\/\/flexsim-ato.com\/index.php\/prorogation-ou-renouvellement-sfi-tri\/#primaryimage\"},\"image\":{\"@id\":\"https:\/\/flexsim-ato.com\/index.php\/prorogation-ou-renouvellement-sfi-tri\/#primaryimage\"},\"thumbnailUrl\":\"https:\/\/flexsim-ato.com\/wp-content\/uploads\/2023\/04\/consulting.jpg\",\"datePublished\":\"2023-04-04T18:47:59+00:00\",\"dateModified\":\"2025-02-25T09:15:46+00:00\",\"description\":\"Cette formation a pour objectif de former le candidat \u00e0 l\u2019instruction th\u00e9orique et pratique pour toute qualification de type d\u2019avion multi-pilote pour laquelle le candidat est qualifi\u00e9.\",\"breadcrumb\":{\"@id\":\"https:\/\/flexsim-ato.com\/index.php\/prorogation-ou-renouvellement-sfi-tri\/#breadcrumb\"},\"inLanguage\":\"fr-FR\",\"potentialAction\":[{\"@type\":\"ReadAction\",\"target\":[\"https:\/\/flexsim-ato.com\/index.php\/prorogation-ou-renouvellement-sfi-tri\/\"]}]},{\"@type\":\"ImageObject\",\"inLanguage\":\"fr-FR\",\"@id\":\"https:\/\/flexsim-ato.com\/index.php\/prorogation-ou-renouvellement-sfi-tri\/#primaryimage\",\"url\":\"https:\/\/flexsim-ato.com\/wp-content\/uploads\/2023\/04\/consulting.jpg\",\"contentUrl\":\"https:\/\/flexsim-ato.com\/wp-content\/uploads\/2023\/04\/consulting.jpg\",\"width\":1920,\"height\":1080},{\"@type\":\"BreadcrumbList\",\"@id\":\"https:\/\/flexsim-ato.com\/index.php\/prorogation-ou-renouvellement-sfi-tri\/#breadcrumb\",\"itemListElement\":[{\"@type\":\"ListItem\",\"position\":1,\"name\":\"Home\",\"item\":\"https:\/\/flexsim-ato.com\/\"},{\"@type\":\"ListItem\",\"position\":2,\"name\":\"Prorogation ou Renouvellement SFI\/TRI\"}]},{\"@type\":\"WebSite\",\"@id\":\"https:\/\/flexsim-ato.com\/#website\",\"url\":\"https:\/\/flexsim-ato.com\/\",\"name\":\"FLEXSIM-ATO\",\"description\":\"\",\"publisher\":{\"@id\":\"https:\/\/flexsim-ato.com\/#organization\"},\"potentialAction\":[{\"@type\":\"SearchAction\",\"target\":{\"@type\":\"EntryPoint\",\"urlTemplate\":\"https:\/\/flexsim-ato.com\/?s={search_term_string}\"},\"query-input\":{\"@type\":\"PropertyValueSpecification\",\"valueRequired\":true,\"valueName\":\"search_term_string\"}}],\"inLanguage\":\"fr-FR\"},{\"@type\":\"Organization\",\"@id\":\"https:\/\/flexsim-ato.com\/#organization\",\"name\":\"FLEXSIM-ATO\",\"url\":\"https:\/\/flexsim-ato.com\/\",\"logo\":{\"@type\":\"ImageObject\",\"inLanguage\":\"fr-FR\",\"@id\":\"https:\/\/flexsim-ato.com\/#\/schema\/logo\/image\/\",\"url\":\"https:\/\/flexsim-ato.com\/wp-content\/uploads\/2020\/07\/flexsim_logotype_fullcolor.png\",\"contentUrl\":\"https:\/\/flexsim-ato.com\/wp-content\/uploads\/2020\/07\/flexsim_logotype_fullcolor.png\",\"width\":1279,\"height\":392,\"caption\":\"FLEXSIM-ATO\"},\"image\":{\"@id\":\"https:\/\/flexsim-ato.com\/#\/schema\/logo\/image\/\"}}]}<\/script>\n<!-- \/ Yoast SEO Premium plugin. -->","yoast_head_json":{"title":"Prorogation ou Renouvellement SFI\/TRI","description":"Cette formation a pour objectif de former le candidat \u00e0 l\u2019instruction th\u00e9orique et pratique pour toute qualification de type d\u2019avion multi-pilote pour laquelle le candidat est qualifi\u00e9.","robots":{"index":"index","follow":"follow","max-snippet":"max-snippet:-1","max-image-preview":"max-image-preview:large","max-video-preview":"max-video-preview:-1"},"canonical":"https:\/\/flexsim-ato.com\/index.php\/prorogation-ou-renouvellement-sfi-tri\/","og_locale":"fr_FR","og_type":"article","og_title":"Prorogation ou Renouvellement SFI\/TRI","og_description":"Cette formation a pour objectif de former le candidat \u00e0 l\u2019instruction th\u00e9orique et pratique pour toute qualification de type d\u2019avion multi-pilote pour laquelle le candidat est qualifi\u00e9.","og_url":"https:\/\/flexsim-ato.com\/index.php\/prorogation-ou-renouvellement-sfi-tri\/","og_site_name":"FLEXSIM-ATO","article_modified_time":"2025-02-25T09:15:46+00:00","og_image":[{"url":"https:\/\/flexsim-ato.com\/wp-content\/uploads\/2023\/04\/consulting.jpg","type":"","width":"","height":""}],"twitter_card":"summary_large_image","schema":{"@context":"https:\/\/schema.org","@graph":[{"@type":"WebPage","@id":"https:\/\/flexsim-ato.com\/index.php\/prorogation-ou-renouvellement-sfi-tri\/","url":"https:\/\/flexsim-ato.com\/index.php\/prorogation-ou-renouvellement-sfi-tri\/","name":"Prorogation ou Renouvellement SFI\/TRI","isPartOf":{"@id":"https:\/\/flexsim-ato.com\/#website"},"primaryImageOfPage":{"@id":"https:\/\/flexsim-ato.com\/index.php\/prorogation-ou-renouvellement-sfi-tri\/#primaryimage"},"image":{"@id":"https:\/\/flexsim-ato.com\/index.php\/prorogation-ou-renouvellement-sfi-tri\/#primaryimage"},"thumbnailUrl":"https:\/\/flexsim-ato.com\/wp-content\/uploads\/2023\/04\/consulting.jpg","datePublished":"2023-04-04T18:47:59+00:00","dateModified":"2025-02-25T09:15:46+00:00","description":"Cette formation a pour objectif de former le candidat \u00e0 l\u2019instruction th\u00e9orique et pratique pour toute qualification de type d\u2019avion multi-pilote pour laquelle le candidat est qualifi\u00e9.","breadcrumb":{"@id":"https:\/\/flexsim-ato.com\/index.php\/prorogation-ou-renouvellement-sfi-tri\/#breadcrumb"},"inLanguage":"fr-FR","potentialAction":[{"@type":"ReadAction","target":["https:\/\/flexsim-ato.com\/index.php\/prorogation-ou-renouvellement-sfi-tri\/"]}]},{"@type":"ImageObject","inLanguage":"fr-FR","@id":"https:\/\/flexsim-ato.com\/index.php\/prorogation-ou-renouvellement-sfi-tri\/#primaryimage","url":"https:\/\/flexsim-ato.com\/wp-content\/uploads\/2023\/04\/consulting.jpg","contentUrl":"https:\/\/flexsim-ato.com\/wp-content\/uploads\/2023\/04\/consulting.jpg","width":1920,"height":1080},{"@type":"BreadcrumbList","@id":"https:\/\/flexsim-ato.com\/index.php\/prorogation-ou-renouvellement-sfi-tri\/#breadcrumb","itemListElement":[{"@type":"ListItem","position":1,"name":"Home","item":"https:\/\/flexsim-ato.com\/"},{"@type":"ListItem","position":2,"name":"Prorogation ou Renouvellement SFI\/TRI"}]},{"@type":"WebSite","@id":"https:\/\/flexsim-ato.com\/#website","url":"https:\/\/flexsim-ato.com\/","name":"FLEXSIM-ATO","description":"","publisher":{"@id":"https:\/\/flexsim-ato.com\/#organization"},"potentialAction":[{"@type":"SearchAction","target":{"@type":"EntryPoint","urlTemplate":"https:\/\/flexsim-ato.com\/?s={search_term_string}"},"query-input":{"@type":"PropertyValueSpecification","valueRequired":true,"valueName":"search_term_string"}}],"inLanguage":"fr-FR"},{"@type":"Organization","@id":"https:\/\/flexsim-ato.com\/#organization","name":"FLEXSIM-ATO","url":"https:\/\/flexsim-ato.com\/","logo":{"@type":"ImageObject","inLanguage":"fr-FR","@id":"https:\/\/flexsim-ato.com\/#\/schema\/logo\/image\/","url":"https:\/\/flexsim-ato.com\/wp-content\/uploads\/2020\/07\/flexsim_logotype_fullcolor.png","contentUrl":"https:\/\/flexsim-ato.com\/wp-content\/uploads\/2020\/07\/flexsim_logotype_fullcolor.png","width":1279,"height":392,"caption":"FLEXSIM-ATO"},"image":{"@id":"https:\/\/flexsim-ato.com\/#\/schema\/logo\/image\/"}}]}},"_links":{"self":[{"href":"https:\/\/flexsim-ato.com\/index.php\/wp-json\/wp\/v2\/pages\/4920","targetHints":{"allow":["GET"]}}],"collection":[{"href":"https:\/\/flexsim-ato.com\/index.php\/wp-json\/wp\/v2\/pages"}],"about":[{"href":"https:\/\/flexsim-ato.com\/index.php\/wp-json\/wp\/v2\/types\/page"}],"author":[{"embeddable":true,"href":"https:\/\/flexsim-ato.com\/index.php\/wp-json\/wp\/v2\/users\/2"}],"replies":[{"embeddable":true,"href":"https:\/\/flexsim-ato.com\/index.php\/wp-json\/wp\/v2\/comments?post=4920"}],"version-history":[{"count":17,"href":"https:\/\/flexsim-ato.com\/index.php\/wp-json\/wp\/v2\/pages\/4920\/revisions"}],"predecessor-version":[{"id":6159,"href":"https:\/\/flexsim-ato.com\/index.php\/wp-json\/wp\/v2\/pages\/4920\/revisions\/6159"}],"wp:attachment":[{"href":"https:\/\/flexsim-ato.com\/index.php\/wp-json\/wp\/v2\/media?parent=4920"}],"wp:term":[{"taxonomy":"folder","embeddable":true,"href":"https:\/\/flexsim-ato.com\/index.php\/wp-json\/wp\/v2\/folder?post=4920"}],"curies":[{"name":"wp","href":"https:\/\/api.w.org\/{rel}","templated":true}]}}