{"id":4421,"date":"2022-06-08T19:32:27","date_gmt":"2022-06-08T17:32:27","guid":{"rendered":"https:\/\/flexsim-ato.com\/?page_id=4421"},"modified":"2025-02-25T10:13:21","modified_gmt":"2025-02-25T09:13:21","slug":"fr-variant-b787-vers-b777","status":"publish","type":"page","link":"https:\/\/flexsim-ato.com\/index.php\/fr-variant-b787-vers-b777\/","title":{"rendered":"Variant course B787 vers B777"},"content":{"rendered":"<div  data-label=\"About\" data-id=\"about-images-right-section\" data-category=\"about\" class=\"about-images-right-section\" id=\"about-3\" style=\"background-color: rgb(255, 255, 255); background-image: none;\" data-ovid=\"ovid-about-3-104\"> <div  class=\"gridContainer dynamic-color\"> <div  class=\"about-images-right-innerrow dynamic-color\"> <div  class=\"about-images-right-textcol\" data-type=\"column\"> <h5  class=\"\">Variant B777<\/h5> <h2  class=\"about-images-right-bigtitle\">Variant course B787 vers B777<\/h2> <p  class=\"\">Cette formation a pour objectif de former les pilotes de B787-800\/900 au niveau de comp\u00e9tence n\u00e9cessaire pour exercer les privil\u00e8ges de la qualification de type Boeing 777-200\/300\/ER (FCL.725).<\/p> <p  class=\"\">Le stage comprends une partie th\u00e9orique et une partie pratique sur simulateur.<\/p><a  class=\"button color1\" href=\"#price\" target=\"_self\" data-icon=\"\" rel=\"noopener\">Prix &amp; pr\u00e9requis<\/a> <a  class=\"button color1\" href=\"https:\/\/flexsim-ato.com\/wp-content\/uploads\/2025\/01\/2025-JAN-29-FR-FLEXSIM-Variant-course-B787-vers-B777.pdf\" target=\"lightbox\" data-icon=\"fa-file-pdf-o\" rel=\"noopener\"><span  class=\"button-icon fa fa-file-pdf-o\"><\/span>Fiche formation variant course<\/a><h5  class=\"\">Derni\u00e8re mise \u00e0 jour : 29\/07\/2024<\/h5><\/div> <div  class=\"about-images-right-imgcol\"><img  decoding=\"async\" class=\"about-images-right-topimg\" src=\"https:\/\/flexsim-ato.com\/wp-content\/uploads\/2023\/04\/4792497493_f4b62cdb10_k.jpg\" alt=\"\" onmousedown=\"return false\" onselectstart=\"return false\"><img  decoding=\"async\" class=\"about-images-right-rightimg\" src=\"https:\/\/flexsim-ato.com\/wp-content\/uploads\/2023\/04\/5752618404_7493e500b9_k.jpg\" alt=\"\" onmousedown=\"return false\" onselectstart=\"return false\"><img  decoding=\"async\" class=\"about-images-right-leftimg\" src=\"https:\/\/flexsim-ato.com\/wp-content\/uploads\/2023\/04\/8128788932_bf05ecf596_k.jpg\" alt=\"\" onmousedown=\"return false\" onselectstart=\"return false\"> <\/div> <\/div> <\/div><\/div><div  data-label=\"Numbers\" data-id=\"numbers-section\" data-category=\"numbers\" data-bg=\"transparent\" class=\"numbers-section\" data-parallax-depth=\"20\" id=\"numbers\" style=\"background-image: url(&quot;https:\/\/flexsim-ato.com\/wp-content\/uploads\/2020\/07\/cropped-panneau-superieur-scaled-2.jpg&quot;); background-color: rgb(255, 255, 255); background-size: cover; background-position: center top;\" data-ovid=\"ovid-numbers-3300\"> <div  class=\"gridContainer dynamic-color\"> <div  class=\"numbers-itemcol\"> <h2  class=\"numbers-numbertext\">Ground training<\/h2> <h3  class=\"numbers-titletext\">Phase<\/h3> <\/div> <div  class=\"numbers-itemcol\"> <h2  class=\"numbers-numbertext\">14 Heures<\/h2> <h3  class=\"numbers-titletext\"><\/h3> <\/div> <div  class=\"numbers-itemcol-last\"> <h2  class=\"numbers-numbertext\">CBT \/ FTD<\/h2> <h3  class=\"numbers-titletext\"><\/h3> <\/div> <\/div><\/div><div  data-label=\"Content\" data-id=\"content-image-left\" data-category=\"content\" class=\"content-left-image-section content-image-left\" id=\"content-3\" style=\"background-color: rgb(246, 246, 246);\"> <div  class=\"gridContainer\"> <div  class=\"row\"> <div  class=\"content-left-image-imgcol\" data-type=\"column\"> <img  decoding=\"async\" src=\"https:\/\/flexsim-ato.com\/wp-content\/uploads\/2020\/08\/cropped-pilote-redige-un-rapport-scaled-1.jpg\" class=\"\" alt=\"\" onmousedown=\"return false\" onselectstart=\"return false\"> <\/div> <div  class=\"content-left-image-textcol dynamic-color\" data-type=\"column\"> <h2  class=\"\">Ground Training Phase<\/h2> <p  class=\"large_text\">Le cours sol comprend un module CBT, une s\u00e9ance FTD (Flight Training Device) et un entra\u00eenement au FFS (Full Flight Simulator).<\/p>  <p  class=\"\">Le module FTD est men\u00e9 en m\u00eame temps que des CBT supervis\u00e9s par un instructeur. La s\u00e9ance est d\u00e9velopp\u00e9e \u00e0 partir d\u2019objectifs sp\u00e9cifiques pour apprendre les proc\u00e9dures de vol automatiques, normales et non normales. La s\u00e9ance est un sc\u00e9nario de vol con\u00e7u pour int\u00e9grer la m\u00e9t\u00e9o, l\u2019environnement d\u2019exploitation, les communications, la gestion de la pouss\u00e9e, les man\u0153uvres<br >\nautomatis\u00e9es de l\u2019avion et les proc\u00e9dures.<\/p><\/div> <\/div> <\/div> <\/div><div  data-label=\"Numbers\" data-id=\"numbers-section-1\" data-category=\"numbers\" data-bg=\"transparent\" class=\"numbers-section numbers-section-1\" data-parallax-depth=\"20\" id=\"numbers1\" style=\"background-image: url(&quot;https:\/\/flexsim-ato.com\/wp-content\/uploads\/2020\/07\/cropped-panneau-superieur-scaled-2.jpg&quot;); background-color: rgba(0, 0, 0, 0); background-size: cover; background-position: center top;\" data-ovid=\"ovid-numbers1-5094\"> <div  class=\"gridContainer dynamic-color\"> <div  class=\"numbers-itemcol\"> <h2  class=\"numbers-numbertext\">Simulator<\/h2> <h3  class=\"numbers-titletext\">Training Phase<\/h3> <\/div> <div  class=\"numbers-itemcol\"> <h2  class=\"numbers-numbertext\">18 Heures<\/h2> <h3  class=\"numbers-titletext\"><\/h3> <\/div> <div  class=\"numbers-itemcol-last\"> <h2  class=\"numbers-numbertext\">FFS<\/h2> <h3  class=\"numbers-titletext\"><\/h3> <\/div> <\/div><\/div><div  data-label=\"Content\" data-id=\"content-image-right\" data-category=\"content\" class=\"content-right-image-section content-image-right\" id=\"content-4\" style=\"background-color: rgb(246, 246, 246);\"> <div  class=\"gridContainer\"> <div  class=\"content-right-image-gridcol\"> <div  class=\"content-right-image-textcol dynamic-color\" data-type=\"column\"> <h2  class=\"\">Simulator training Phase<\/h2> <p  class=\"large_text\">L\u2019objectif de la formation sur simulateur est de d\u00e9velopper les connaissances, les comp\u00e9tences et les attitudes requises pour exercer le privil\u00e8ge de la qualification de type Boeing 777 et de renforcer les<br >\nconnaissances th\u00e9oriques acquises lors de l\u2019\u00e9tape pr\u00e9c\u00e9dente de la formation.<\/p>  <p  class=\"\">La formation sur les diff\u00e9rences comprend les t\u00e2ches de PF et de PM.<\/p><\/div> <div  class=\"content-right-image-imgcol\" data-type=\"column\"> <img  decoding=\"async\" src=\"https:\/\/flexsim-ato.com\/wp-content\/uploads\/2023\/04\/4792497493_f4b62cdb10_k.jpg\" class=\"\" alt=\"\" onmousedown=\"return false\" onselectstart=\"return false\"> <\/div> <\/div> <\/div> <\/div><div  data-label=\"Cta\" data-id=\"cta-centered-bg-section\" data-category=\"cta\" class=\"cta-centered-bg-section white-text\" data-parallax-depth=\"20\" id=\"cta-1\" style=\"background-color: rgb(255, 255, 255); background-image: url(&quot;https:\/\/flexsim-ato.com\/wp-content\/uploads\/2020\/07\/cropped-panneau-superieur-scaled-2.jpg&quot;); background-size: cover; background-position: center top;\" data-ovid=\"ovid-cta-1-5104\"> <div  class=\"gridContainer\"> <div  class=\"cta-centered-bg-section-row\"> <div  class=\"cta-centered-bg-section-row-2\"> <div  class=\"cta-centered-bg-section-col dynamic-color\" data-type=\"column\"> <h3  class=\"cta-centered-bg-section-title\">Inscrivez-vous d\u00e8s maintenant !<\/h3> <a  class=\"button color1 white-text\" href=\"https:\/\/flexsim-ato.com\/index.php\/contact\" target=\"_self\" data-icon=\"fa-envelope-o\" rel=\"noopener\"><span  class=\"button-icon fa fa-envelope-o\"><\/span> Demande de renseignements <\/a> <\/div> <\/div> <\/div> <\/div> <\/div><div  data-label=\"About us\" data-id=\"about-image-section-pro\" data-category=\"about\" class=\"about-image-section-pro\" id=\"price\" style=\"background-color: rgb(246, 246, 246);\"> <div  class=\"gridContainer\"> <div  class=\"row about-image-gridcol-pro\"> <div  class=\"about-image-textcol-pro\" data-type=\"column\"> <h2  class=\"\">Prix et d\u00e9lais d\u2019acc\u00e8s<\/h2> <p  class=\"\">Toutes nos formations sont planifi\u00e9es \u201c\u00e0 la carte\u201d en fonction de vos disponibilit\u00e9s, des disponibilit\u00e9s instructeurs et simulateur.<\/p> <h5  class=\"\">CPF : d\u00e9lais administratif suppl\u00e9mentaire de 11 jours ouvr\u00e9s (hors jours f\u00e9ri\u00e9s)<\/h5><h3  class=\"\">5 290 \u20ac<\/h3><h6  class=\"\">TVA NON APPLICABLE<\/h6><h5  class=\"\">Par stagiaire sur base d\u2019un bin\u00f4me constitu\u00e9.<\/h5><\/div> <div  data-type=\"column\" class=\"\">  <\/div> <\/div> <\/div> <\/div><div  data-label=\"Features\" data-id=\"features-coloured-icon-boxes-section\" data-category=\"features\" class=\"features-coloured-icon-boxes-section\" id=\"features-1\" style=\"background-color: rgb(255, 255, 255);\"> <div  class=\"gridContainer\"> <div  class=\"features-coloured-icon-boxes-textrow\"> <div  class=\"features-coloured-icon-boxes-textcol dynamic-color\" data-type=\"column\"> <h2  class=\"\">Pr\u00e9requis<\/h2>  <\/div> <\/div> <div  class=\"features-coloured-icon-boxes-innerrow flexbox-list dark-text\" data-type=\"row\">  <div  class=\"features-coloured-icon-boxes-featurecol cp3cols cp6cols-tablet\"> <div  class=\"features-coloured-icon-boxes-iconcontainer\" data-content-item-container=\"true\"> <i  data-cp-fa=\"true\" class=\"features-coloured-icon fa fa-mortar-board color9\"><\/i> <\/div> <h4  class=\"\">Licences<\/h4> <p  class=\"\">B787 \u00e0 jour<\/p>  <\/div> <div  class=\"features-coloured-icon-boxes-featurecol cp3cols cp6cols-tablet\"> <div  class=\"features-coloured-icon-boxes-iconcontainer\" data-content-item-container=\"true\"> <i  data-cp-fa=\"true\" class=\"features-coloured-icon fa fa-heartbeat color6\"><\/i> <\/div> <h4  class=\"\">M\u00e9dical<\/h4> <p  class=\"\">Classe 1<\/p>  <\/div>  <\/div> <\/div><\/div>","protected":false},"excerpt":{"rendered":"<p>Variant B777 Variant course B787 vers B777 Cette formation a pour objectif de former les pilotes de B787-800\/900 au niveau de comp\u00e9tence n\u00e9cessaire pour exercer les privil\u00e8ges de la qualification de type Boeing 777-200\/300\/ER (FCL.725). Le stage comprends une partie th\u00e9orique et une partie pratique sur simulateur.Prix &amp; pr\u00e9requis Fiche formation variant courseDerni\u00e8re mise \u00e0&hellip; <br \/> <a class=\"button small blue\" href=\"https:\/\/flexsim-ato.com\/index.php\/en\/2022\/04\/21\/4337\/\">Lire la suite<\/a><\/p>\n","protected":false},"author":2,"featured_media":0,"parent":0,"menu_order":0,"comment_status":"closed","ping_status":"closed","template":"full-width-page.php","meta":{"footnotes":""},"folder":[89],"class_list":["post-4421","page","type-page","status-publish","hentry"],"yoast_head":"<!-- This site is optimized with the Yoast SEO Premium plugin v26.9 (Yoast SEO v26.9) - https:\/\/yoast.com\/product\/yoast-seo-premium-wordpress\/ -->\n<title>Variant Course Flexsim ATO B787 vers B777<\/title>\n<meta name=\"description\" content=\"Ce cours permet au pilote poss\u00e8dent une QT Boeing 787 d\u2019exercer la fonction de pilote de ligne sur un Boeing 777. Simulateur B777 agr\u00e9\u00e9.\" \/>\n<meta name=\"robots\" content=\"index, follow, max-snippet:-1, max-image-preview:large, max-video-preview:-1\" \/>\n<link rel=\"canonical\" href=\"https:\/\/flexsim-ato.com\/index.php\/fr-variant-b787-vers-b777\/\" \/>\n<meta property=\"og:locale\" content=\"fr_FR\" \/>\n<meta property=\"og:type\" content=\"article\" \/>\n<meta property=\"og:title\" content=\"Variant course B787 vers B777\" \/>\n<meta property=\"og:description\" content=\"Ce cours permet au pilote poss\u00e8dent une QT Boeing 787 d\u2019exercer la fonction de pilote de ligne sur un Boeing 777. Simulateur B777 agr\u00e9\u00e9.\" \/>\n<meta property=\"og:url\" content=\"https:\/\/flexsim-ato.com\/index.php\/fr-variant-b787-vers-b777\/\" \/>\n<meta property=\"og:site_name\" content=\"FLEXSIM-ATO\" \/>\n<meta property=\"article:modified_time\" content=\"2025-02-25T09:13:21+00:00\" \/>\n<meta property=\"og:image\" content=\"https:\/\/flexsim-ato.com\/wp-content\/uploads\/2023\/04\/4792497493_f4b62cdb10_k.jpg\" \/>\n<meta name=\"twitter:card\" content=\"summary_large_image\" \/>\n<script type=\"application\/ld+json\" class=\"yoast-schema-graph\">{\"@context\":\"https:\/\/schema.org\",\"@graph\":[{\"@type\":\"WebPage\",\"@id\":\"https:\/\/flexsim-ato.com\/index.php\/fr-variant-b787-vers-b777\/\",\"url\":\"https:\/\/flexsim-ato.com\/index.php\/fr-variant-b787-vers-b777\/\",\"name\":\"Variant Course Flexsim ATO B787 vers B777\",\"isPartOf\":{\"@id\":\"https:\/\/flexsim-ato.com\/#website\"},\"primaryImageOfPage\":{\"@id\":\"https:\/\/flexsim-ato.com\/index.php\/fr-variant-b787-vers-b777\/#primaryimage\"},\"image\":{\"@id\":\"https:\/\/flexsim-ato.com\/index.php\/fr-variant-b787-vers-b777\/#primaryimage\"},\"thumbnailUrl\":\"https:\/\/flexsim-ato.com\/wp-content\/uploads\/2023\/04\/4792497493_f4b62cdb10_k.jpg\",\"datePublished\":\"2022-06-08T17:32:27+00:00\",\"dateModified\":\"2025-02-25T09:13:21+00:00\",\"description\":\"Ce cours permet au pilote poss\u00e8dent une QT Boeing 787 d\u2019exercer la fonction de pilote de ligne sur un Boeing 777. Simulateur B777 agr\u00e9\u00e9.\",\"breadcrumb\":{\"@id\":\"https:\/\/flexsim-ato.com\/index.php\/fr-variant-b787-vers-b777\/#breadcrumb\"},\"inLanguage\":\"fr-FR\",\"potentialAction\":[{\"@type\":\"ReadAction\",\"target\":[\"https:\/\/flexsim-ato.com\/index.php\/fr-variant-b787-vers-b777\/\"]}]},{\"@type\":\"ImageObject\",\"inLanguage\":\"fr-FR\",\"@id\":\"https:\/\/flexsim-ato.com\/index.php\/fr-variant-b787-vers-b777\/#primaryimage\",\"url\":\"https:\/\/flexsim-ato.com\/wp-content\/uploads\/2023\/04\/4792497493_f4b62cdb10_k.jpg\",\"contentUrl\":\"https:\/\/flexsim-ato.com\/wp-content\/uploads\/2023\/04\/4792497493_f4b62cdb10_k.jpg\",\"width\":1920,\"height\":1080},{\"@type\":\"BreadcrumbList\",\"@id\":\"https:\/\/flexsim-ato.com\/index.php\/fr-variant-b787-vers-b777\/#breadcrumb\",\"itemListElement\":[{\"@type\":\"ListItem\",\"position\":1,\"name\":\"Home\",\"item\":\"https:\/\/flexsim-ato.com\/\"},{\"@type\":\"ListItem\",\"position\":2,\"name\":\"variant course B787 vers b777\"}]},{\"@type\":\"WebSite\",\"@id\":\"https:\/\/flexsim-ato.com\/#website\",\"url\":\"https:\/\/flexsim-ato.com\/\",\"name\":\"FLEXSIM-ATO\",\"description\":\"\",\"publisher\":{\"@id\":\"https:\/\/flexsim-ato.com\/#organization\"},\"potentialAction\":[{\"@type\":\"SearchAction\",\"target\":{\"@type\":\"EntryPoint\",\"urlTemplate\":\"https:\/\/flexsim-ato.com\/?s={search_term_string}\"},\"query-input\":{\"@type\":\"PropertyValueSpecification\",\"valueRequired\":true,\"valueName\":\"search_term_string\"}}],\"inLanguage\":\"fr-FR\"},{\"@type\":\"Organization\",\"@id\":\"https:\/\/flexsim-ato.com\/#organization\",\"name\":\"FLEXSIM-ATO\",\"url\":\"https:\/\/flexsim-ato.com\/\",\"logo\":{\"@type\":\"ImageObject\",\"inLanguage\":\"fr-FR\",\"@id\":\"https:\/\/flexsim-ato.com\/#\/schema\/logo\/image\/\",\"url\":\"https:\/\/flexsim-ato.com\/wp-content\/uploads\/2020\/07\/flexsim_logotype_fullcolor.png\",\"contentUrl\":\"https:\/\/flexsim-ato.com\/wp-content\/uploads\/2020\/07\/flexsim_logotype_fullcolor.png\",\"width\":1279,\"height\":392,\"caption\":\"FLEXSIM-ATO\"},\"image\":{\"@id\":\"https:\/\/flexsim-ato.com\/#\/schema\/logo\/image\/\"}}]}<\/script>\n<!-- \/ Yoast SEO Premium plugin. -->","yoast_head_json":{"title":"Variant Course Flexsim ATO B787 vers B777","description":"Ce cours permet au pilote poss\u00e8dent une QT Boeing 787 d\u2019exercer la fonction de pilote de ligne sur un Boeing 777. Simulateur B777 agr\u00e9\u00e9.","robots":{"index":"index","follow":"follow","max-snippet":"max-snippet:-1","max-image-preview":"max-image-preview:large","max-video-preview":"max-video-preview:-1"},"canonical":"https:\/\/flexsim-ato.com\/index.php\/fr-variant-b787-vers-b777\/","og_locale":"fr_FR","og_type":"article","og_title":"Variant course B787 vers B777","og_description":"Ce cours permet au pilote poss\u00e8dent une QT Boeing 787 d\u2019exercer la fonction de pilote de ligne sur un Boeing 777. Simulateur B777 agr\u00e9\u00e9.","og_url":"https:\/\/flexsim-ato.com\/index.php\/fr-variant-b787-vers-b777\/","og_site_name":"FLEXSIM-ATO","article_modified_time":"2025-02-25T09:13:21+00:00","og_image":[{"url":"https:\/\/flexsim-ato.com\/wp-content\/uploads\/2023\/04\/4792497493_f4b62cdb10_k.jpg","type":"","width":"","height":""}],"twitter_card":"summary_large_image","schema":{"@context":"https:\/\/schema.org","@graph":[{"@type":"WebPage","@id":"https:\/\/flexsim-ato.com\/index.php\/fr-variant-b787-vers-b777\/","url":"https:\/\/flexsim-ato.com\/index.php\/fr-variant-b787-vers-b777\/","name":"Variant Course Flexsim ATO B787 vers B777","isPartOf":{"@id":"https:\/\/flexsim-ato.com\/#website"},"primaryImageOfPage":{"@id":"https:\/\/flexsim-ato.com\/index.php\/fr-variant-b787-vers-b777\/#primaryimage"},"image":{"@id":"https:\/\/flexsim-ato.com\/index.php\/fr-variant-b787-vers-b777\/#primaryimage"},"thumbnailUrl":"https:\/\/flexsim-ato.com\/wp-content\/uploads\/2023\/04\/4792497493_f4b62cdb10_k.jpg","datePublished":"2022-06-08T17:32:27+00:00","dateModified":"2025-02-25T09:13:21+00:00","description":"Ce cours permet au pilote poss\u00e8dent une QT Boeing 787 d\u2019exercer la fonction de pilote de ligne sur un Boeing 777. Simulateur B777 agr\u00e9\u00e9.","breadcrumb":{"@id":"https:\/\/flexsim-ato.com\/index.php\/fr-variant-b787-vers-b777\/#breadcrumb"},"inLanguage":"fr-FR","potentialAction":[{"@type":"ReadAction","target":["https:\/\/flexsim-ato.com\/index.php\/fr-variant-b787-vers-b777\/"]}]},{"@type":"ImageObject","inLanguage":"fr-FR","@id":"https:\/\/flexsim-ato.com\/index.php\/fr-variant-b787-vers-b777\/#primaryimage","url":"https:\/\/flexsim-ato.com\/wp-content\/uploads\/2023\/04\/4792497493_f4b62cdb10_k.jpg","contentUrl":"https:\/\/flexsim-ato.com\/wp-content\/uploads\/2023\/04\/4792497493_f4b62cdb10_k.jpg","width":1920,"height":1080},{"@type":"BreadcrumbList","@id":"https:\/\/flexsim-ato.com\/index.php\/fr-variant-b787-vers-b777\/#breadcrumb","itemListElement":[{"@type":"ListItem","position":1,"name":"Home","item":"https:\/\/flexsim-ato.com\/"},{"@type":"ListItem","position":2,"name":"variant course B787 vers b777"}]},{"@type":"WebSite","@id":"https:\/\/flexsim-ato.com\/#website","url":"https:\/\/flexsim-ato.com\/","name":"FLEXSIM-ATO","description":"","publisher":{"@id":"https:\/\/flexsim-ato.com\/#organization"},"potentialAction":[{"@type":"SearchAction","target":{"@type":"EntryPoint","urlTemplate":"https:\/\/flexsim-ato.com\/?s={search_term_string}"},"query-input":{"@type":"PropertyValueSpecification","valueRequired":true,"valueName":"search_term_string"}}],"inLanguage":"fr-FR"},{"@type":"Organization","@id":"https:\/\/flexsim-ato.com\/#organization","name":"FLEXSIM-ATO","url":"https:\/\/flexsim-ato.com\/","logo":{"@type":"ImageObject","inLanguage":"fr-FR","@id":"https:\/\/flexsim-ato.com\/#\/schema\/logo\/image\/","url":"https:\/\/flexsim-ato.com\/wp-content\/uploads\/2020\/07\/flexsim_logotype_fullcolor.png","contentUrl":"https:\/\/flexsim-ato.com\/wp-content\/uploads\/2020\/07\/flexsim_logotype_fullcolor.png","width":1279,"height":392,"caption":"FLEXSIM-ATO"},"image":{"@id":"https:\/\/flexsim-ato.com\/#\/schema\/logo\/image\/"}}]}},"_links":{"self":[{"href":"https:\/\/flexsim-ato.com\/index.php\/wp-json\/wp\/v2\/pages\/4421","targetHints":{"allow":["GET"]}}],"collection":[{"href":"https:\/\/flexsim-ato.com\/index.php\/wp-json\/wp\/v2\/pages"}],"about":[{"href":"https:\/\/flexsim-ato.com\/index.php\/wp-json\/wp\/v2\/types\/page"}],"author":[{"embeddable":true,"href":"https:\/\/flexsim-ato.com\/index.php\/wp-json\/wp\/v2\/users\/2"}],"replies":[{"embeddable":true,"href":"https:\/\/flexsim-ato.com\/index.php\/wp-json\/wp\/v2\/comments?post=4421"}],"version-history":[{"count":15,"href":"https:\/\/flexsim-ato.com\/index.php\/wp-json\/wp\/v2\/pages\/4421\/revisions"}],"predecessor-version":[{"id":6151,"href":"https:\/\/flexsim-ato.com\/index.php\/wp-json\/wp\/v2\/pages\/4421\/revisions\/6151"}],"wp:attachment":[{"href":"https:\/\/flexsim-ato.com\/index.php\/wp-json\/wp\/v2\/media?parent=4421"}],"wp:term":[{"taxonomy":"folder","embeddable":true,"href":"https:\/\/flexsim-ato.com\/index.php\/wp-json\/wp\/v2\/folder?post=4421"}],"curies":[{"name":"wp","href":"https:\/\/api.w.org\/{rel}","templated":true}]}}