{"id":2795,"date":"2021-01-07T11:48:01","date_gmt":"2021-01-07T10:48:01","guid":{"rendered":"https:\/\/flexsim-ato.com\/?page_id=2795"},"modified":"2024-01-16T10:33:11","modified_gmt":"2024-01-16T09:33:11","slug":"financement-des-formations","status":"publish","type":"page","link":"https:\/\/flexsim-ato.com\/index.php\/financement-des-formations\/","title":{"rendered":"Financement des formations"},"content":{"rendered":"<div  data-label=\"Features\" data-id=\"features-coloured-icon-boxes-section\" data-category=\"features\" class=\"features-coloured-icon-boxes-section\" id=\"features-1\" style=\"background-color: rgb(255, 255, 255); background-image: none;\" data-ovid=\"ovid-features-1-104\">\n<div  class=\"gridContainer\">\n<div  class=\"features-coloured-icon-boxes-textrow\">\n<div  class=\"features-coloured-icon-boxes-textcol dynamic-color\" data-type=\"column\"><\/div>\n<\/div>\n<div  class=\"features-coloured-icon-boxes-innerrow flexbox-list dark-text\" data-type=\"row\">\n<div  class=\"features-coloured-icon-boxes-featurecol cp6cols-tablet cp4cols\">\n<div  class=\"features-coloured-icon-boxes-iconcontainer\" data-content-item-container=\"true\"> <i  data-cp-fa=\"true\" class=\"features-coloured-icon fa fa-address-book-o color6\"><\/i><\/div>\n<h4  class=\"\">Demandeurs d\u2019emploi<\/h4>\n<a class=\"features-coloured-button button big transparent\" href=\"#features-7\" target=\"_self\" data-icon=\"\" rel=\"noopener\">plus\u2026<\/a>\n<p  class=\"\">Solutions de financement d\u00e9di\u00e9es aux demandeurs d\u2019emploi (p\u00f4le emploi, CPF\u2026).<\/p>\n\n\n<\/div>\n<div  class=\"features-coloured-icon-boxes-featurecol cp6cols-tablet cp4cols\">\n<div  class=\"features-coloured-icon-boxes-iconcontainer\" data-content-item-container=\"true\"> <i  data-cp-fa=\"true\" class=\"features-coloured-icon fa fa-group color6\"><\/i><\/div>\n<h4  class=\"\">Salari\u00e9s<\/h4>\n<a class=\"features-coloured-button button big transparent\" href=\"#features-3\" target=\"_self\" data-icon=\"\" rel=\"noopener\">plus\u2026<\/a>\n<p  class=\"\">Solutions de financement pour les particuliers salari\u00e9s et les entreprises souhaitant profiter des aides allou\u00e9es aux formations.<\/p>\n\n\n<\/div>\n<div  class=\"features-coloured-icon-boxes-featurecol cp6cols-tablet cp4cols\">\n<div  class=\"features-coloured-icon-boxes-iconcontainer\" data-content-item-container=\"true\"> <i  data-cp-fa=\"true\" class=\"features-coloured-icon fa fa-male color6\"><\/i><\/div>\n<h4  class=\"\">Autres<\/h4>\n<a class=\"features-coloured-button button big transparent\" href=\"#features-2\" target=\"_self\" data-icon=\"\" rel=\"noopener\">plus\u2026<\/a>\n<p  class=\"\">Solutions de financement diverses pour les ind\u00e9pendants et autres publics.<\/p>\n\n\n<\/div>\n<\/div>\n<\/div>\n<\/div><div  data-label=\"Features\" data-id=\"features-square-image-section\" data-category=\"features\" class=\"features-square-image-section\" id=\"features-7\" style=\"background-color: rgb(255, 255, 255);\">\n<div  class=\"gridContainer dynamic-color\">\n<div  class=\"features-square-image-textrow\">\n<div  class=\"features-square-image-textcol\" data-type=\"column\">\n<div  class=\"spacer\" data-type=\"group\"><span  class=\"fa before\"><\/span><i  class=\"fa fa-bandcamp color1\"><\/i><span  class=\"fa after\"><\/span><\/div>\n<p  class=\"\"><\/p>\n\n<h2  class=\"\"><span  style=\"font-weight: 600;\">Demandeurs d\u2019emploi<\/span><\/h2>\n<p  class=\"\">Solutions de financement d\u00e9di\u00e9es aux demandeurs d\u2019emploi.<\/p>\n \n\n<\/div>\n<\/div>\n<div  class=\"features-square-image-innerrow\" data-type=\"row\">\n<div  class=\"features-square-image-featcol cp6cols-tablet cp3cols\">\n<h4  class=\"\">CPF<\/h4>\n<p  class=\"\">Compte Personnel de Formation<\/p>\nAvoir un nombre d\u2019heures cr\u00e9dit\u00e9es sur son CPF et choisir une formation \u00e9ligible CPF.\n\n<p  class=\"\"><\/p><a class=\"button color1\" href=\"https:\/\/www.moncompteformation.gouv.fr\/espace-prive\/html\" target=\"_blank\" data-icon=\"fa-external-link\" rel=\"noopener\"><span  class=\"button-icon fa fa-external-link\"><\/span>CPF<\/a>\n\n<\/div>\n<div  class=\"features-square-image-featcol cp6cols-tablet cp3cols\">\n<h4  class=\"\">AREF<\/h4>\n<p  class=\"\">Aide Retour \u00e0 l\u2019Emploi Formation<\/p>\nB\u00e9n\u00e9ficier de l\u2019allocation de l\u2019Aide de Retour \u00e0 l\u2019Emploi (ARE) et suivre une formation de P\u00f4le Emploi dans le cadre du Projet Personnalis\u00e9 d\u2019Acc\u00e8s \u00e0 l\u2019Emploi (PPAE).\n\n<p  class=\"\"><\/p><a class=\"button color1\" href=\"https:\/\/www.service-public.fr\/particuliers\/vosdroits\/F291\" target=\"_blank\" data-icon=\"fa-external-link\" rel=\"noopener\"><span  class=\"button-icon fa fa-external-link\"><\/span>AREF<\/a>\n\n<\/div>\n<div  class=\"features-square-image-featcol cp6cols-tablet cp3cols\">\n<h4  class=\"\">RFPE<\/h4>\n<p  class=\"\">R\u00e9mun\u00e9ration des Formations de P\u00f4le Emploi<\/p>\nLa RFPE est une indemnit\u00e9 vers\u00e9e aux demandeurs d\u2019emplois par P\u00f4le Emploi qui suivent une formation agr\u00e9\u00e9e par P\u00f4le Emploi dans le cadre de leur projet personnalis\u00e9 d\u2019acc\u00e8s \u00e0 l\u2019emploi.\n\n<p  class=\"\"><\/p><a class=\"button color1\" href=\"https:\/\/www.service-public.fr\/particuliers\/vosdroits\/F760\" target=\"_blank\" data-icon=\"fa-external-link\" rel=\"noopener\"><span  class=\"button-icon fa fa-external-link\"><\/span>RFPE<\/a>\n\n<\/div>\n<div  class=\"features-square-image-featcol cp6cols-tablet cp3cols\">\n<h4  class=\"\">AFPR<\/h4>\n<p  class=\"\">L\u2019Action de Formation Pr\u00e9alable au Recrutement<\/p>\nCe dispositif s\u2019applique \u00e0 toute personne inscrite \u00e0 P\u00f4le Emploi, indemnis\u00e9e ou non.\n\n<p  class=\"\"><\/p><a class=\"button color1\" href=\"https:\/\/www.pole-emploi.fr\/candidat\/en-formation\/mes-aides-financieres\/laction-de-formation-prealable-a.html\" target=\"_blank\" data-icon=\"fa-external-link\" rel=\"noopener\"><span  class=\"button-icon fa fa-external-link\"><\/span>AFPR<\/a>\n\n<\/div>\n<div  class=\"features-square-image-featcol cp6cols-tablet cp3cols\">\n<h4  class=\"\">POE I<\/h4>\n<p  class=\"\">Pr\u00e9paration Op\u00e9rationnelle \u00e0 l\u2019Emploi Individuelle<\/p>\nCe dispositif s\u2019applique \u00e0 toute personne inscrite \u00e0 P\u00f4le Emploi, indemnis\u00e9e ou non.\n\n<p  class=\"\"><\/p><a class=\"button color1\" href=\"https:\/\/www.pole-emploi.fr\/employeur\/aides-aux-recrutements\/les-aides-a-la-formation\/la-preparation-operationnelle-a.html\" target=\"_blank\" data-icon=\"fa-external-link\" rel=\"noopener\"><span  class=\"button-icon fa fa-external-link\"><\/span>POE I<\/a>\n\n<\/div>\n<div  class=\"features-square-image-featcol cp6cols-tablet cp3cols\">\n<h4  class=\"\">AFC<\/h4>\n<p  class=\"\">Action de Formation Conventionn\u00e9e par P\u00f4le emploi<\/p>\nPour b\u00e9n\u00e9ficier d\u2019une action de formation conventionn\u00e9e par P\u00f4le Emploi, vous devez \u00eatre demandeur\n\nd\u2019emploi inscrit, indemnis\u00e9 ou non.\n\n<p  class=\"\"><\/p><a class=\"button color1\" href=\"https:\/\/www.pole-emploi.fr\/candidat\/en-formation\/mes-aides-financieres\/laction-de-formation-conventionn.html\" target=\"_blank\" data-icon=\"fa-external-link\" rel=\"noopener\"><span  class=\"button-icon fa fa-external-link\"><\/span>AFC<\/a>\n\n<\/div>\n<div  class=\"features-square-image-featcol cp6cols-tablet cp3cols\">\n<h4  class=\"\">AIF<\/h4>\n<p  class=\"\">Aide individuelle \u00e0 la formation<\/p>\n\u00catre demandeur d\u2019emploi et les personnes en CRP, CTP ou en CSP . Afin d\u2019\u00eatre prise en compte les formations doivent \u00eatre \u00e9ligibles CPF et \u00eatre inf\u00e9rieures \u00e0 une dur\u00e9e d\u2019un an.\n\n<p  class=\"\"><\/p><a class=\"button color1\" href=\"https:\/\/www.pole-emploi.fr\/candidat\/en-formation\/mes-aides-financieres\/laide-individuelle-a-la-formatio.html\" target=\"_blank\" data-icon=\"fa-external-link\" rel=\"noopener\"><span  class=\"button-icon fa fa-external-link\"><\/span>AIF<\/a>\n\n<\/div>\n<div  class=\"features-square-image-featcol cp6cols-tablet cp3cols\">\n<h4  class=\"\">CIF-CDD\/Interim<\/h4>\n<p  class=\"\">Cong\u00e9 Individuel de Formation<\/p>\nVous devez justifier d\u2019une anciennet\u00e9 de 24 mois, cons\u00e9cutifs ou non, en qualit\u00e9 de salari\u00e9, quelle que soit la nature des contrats, au cours des 5 derni\u00e8res ann\u00e9es ; dont 4 mois, cons\u00e9cutifs ou non, sous CDD, au cours des 12 derniers mois.\n\n<p  class=\"\"><\/p><a class=\"button color1\" href=\"https:\/\/travail-emploi.gouv.fr\/formation-professionnelle\/formation-des-salaries\/article\/conge-individuel-de-formation-cif\" target=\"_blank\" data-icon=\"fa-external-link\" rel=\"noopener\"><span  class=\"button-icon fa fa-external-link\"><\/span>CIF-CDD<\/a>\n\n<\/div>\n<div  class=\"features-square-image-featcol cp6cols-tablet cp3cols\">\n<h4  class=\"\">Ch\u00e8que Formation<\/h4>\n<p  class=\"\">Les formations concern\u00e9es sont uniquement des actions qualifiantes et s\u2019inscrivent ainsi dans la logique du Compte personnel de formation. Il faut \u00eatre inscrit \u00e0 P\u00f4le Emploi et\n\nr\u00e9sider dans la r\u00e9gion.<\/p>\n <p  class=\"\"><\/p><a class=\"button color1\" href=\"https:\/\/guide-aides.hautsdefrance.fr\/aide469\" target=\"_blank\" data-icon=\"fa-external-link\" rel=\"noopener\"><span  class=\"button-icon fa fa-external-link\"><\/span>Ch\u00e8que formation<\/a>\n\n<\/div>\n<div  class=\"features-square-image-featcol cp6cols-tablet cp3cols\">\n<h4  class=\"\">RFF<\/h4>\n<p  class=\"\">R\u00e9mun\u00e9ration de Fin de Formation<\/p>\nLes demandeurs d\u2019emploi inscrits \u00e0 P\u00f4le Emploi et qui per\u00e7oivent l\u2019ARE. Elle peut \u00eatre per\u00e7ue lorsque que la dur\u00e9e de la formation exc\u00e8de la dur\u00e9e des droits d\u2019indemnisation.\n\n<p  class=\"\"><\/p><a class=\"button color1\" href=\"https:\/\/www.service-public.fr\/particuliers\/vosdroits\/F292\" target=\"_blank\" data-icon=\"fa-external-link\" rel=\"noopener\"><span  class=\"button-icon fa fa-external-link\"><\/span>RFF<\/a>\n\n<\/div>\n<div  class=\"features-square-image-featcol cp6cols-tablet cp3cols\">\n<h4  class=\"\">POE C (Opcalia)<\/h4>\n<p  class=\"\">Pr\u00e9paration Op\u00e9rationnelle \u00e0 l\u2019Emploi Collective<\/p>\nTout demandeur d\u2019emploi, inscrit \u00e0 P\u00f4le Emploi, indemnis\u00e9 ou non. La POE C s\u2019applique \u00e0 tout type de formation, d\u2019une dur\u00e9e maximum de 400 heures, permettant au&nbsp; b\u00e9n\u00e9ficiaire d\u2019acqu\u00e9rir des comp\u00e9tences.\n\n<p  class=\"\"><\/p><a class=\"button color1\" href=\"https:\/\/www.moncompteformation.gouv.fr\/espace-prive\/html\" target=\"_blank\" data-icon=\"fa-external-link\" rel=\"noopener\"><span  class=\"button-icon fa fa-external-link\"><\/span>POE C (Opcalia)<\/a>\n\n<\/div>\n<\/div>\n<\/div>\n<\/div><div  data-label=\"Features\" data-id=\"features-square-image-section-1\" data-category=\"features\" class=\"features-square-image-section features-square-image-section-1\" id=\"features-3\" style=\"background-color: rgb(255, 255, 255);\">\n<div  class=\"gridContainer dynamic-color\">\n<div  class=\"features-square-image-textrow\">\n<div  class=\"features-square-image-textcol\" data-type=\"column\">\n<div  class=\"spacer\" data-type=\"group\"><span  class=\"fa before\"><\/span><i  class=\"fa fa-bandcamp color1\"><\/i><span  class=\"fa after\"><\/span><\/div>\n<p  class=\"\"><\/p>\n\n<h2  class=\"\"><span  style=\"font-weight: 600;\">Salari\u00e9s<\/span><\/h2>\n<p  class=\"\">Solutions de financement pour les particuliers salari\u00e9s et les entreprises souhaitant profiter des aides allou\u00e9es aux formations.<\/p>\n\n\n<\/div>\n<\/div>\n<div  class=\"features-square-image-innerrow\" data-type=\"row\">\n<div  class=\"features-square-image-featcol cp6cols-tablet cp4cols\">\n<h4  class=\"\">CPF<\/h4>\n<p  class=\"\">Compte Personnel de Formation<\/p>\nAvoir un nombre d\u2019heures cr\u00e9dit\u00e9es sur son CPF et choisir une formation \u00e9ligible CPF.\n\n<p  class=\"\"><\/p><a class=\"button color1\" href=\"https:\/\/www.moncompteformation.gouv.fr\/espace-prive\/html\" target=\"_blank\" data-icon=\"fa-external-link\" rel=\"noopener\"><span  class=\"button-icon fa fa-external-link\"><\/span>CPF<\/a>\n\n<\/div>\n<div  class=\"features-square-image-featcol cp6cols-tablet cp4cols\">\n<h4  class=\"\">PFE<\/h4>\n<p  class=\"\">Plan de Formation Entreprise<\/p>\nC\u2019est l\u2019entreprise ou l\u2019administration qui met en place ce plan de formation afin de former ses employ\u00e9s pour le d\u00e9veloppement des comp\u00e9tences de ses salari\u00e9s ou pour les adaptations futures \u00e0 son poste de travail. Ce financement se fait \u00e0 la demande de l\u2019administration, de la collectivit\u00e9, de\n\nl\u2019\u00e9tablissement et de l\u2019employeur.\n\n<p  class=\"\"><\/p><a class=\"button color1\" href=\"https:\/\/www.service-public.fr\/particuliers\/vosdroits\/F11267\" target=\"_blank\" data-icon=\"fa-external-link\" rel=\"noopener\"><span  class=\"button-icon fa fa-external-link\"><\/span>PFE<\/a>\n\n<\/div>\n<div  class=\"features-square-image-featcol cp6cols-tablet cp4cols\">\n<h4  class=\"\">CIF<\/h4>\n<p  class=\"\">Cong\u00e9 Individuel de Formation<\/p>\nLe CIF est un cong\u00e9 qui permet au salari\u00e9 de s\u2019absenter de son poste a\u00d7n de suivre une formation pour d\u00e9velopper ses comp\u00e9tences ou se reconvertir de sa propre initiative.\n\nVous percevez une partie ou la totalit\u00e9 de votre salaire pendant la formation vers\u00e9 par votre employeur.\n\n<p  class=\"\"><\/p><a class=\"button color1\" href=\"https:\/\/travail-emploi.gouv.fr\/formation-professionnelle\/formation-des-salaries\/article\/conge-individuel-de-formation-cif\" target=\"_blank\" data-icon=\"fa-external-link\" rel=\"noopener\"><span  class=\"button-icon fa fa-external-link\"><\/span>CIF<\/a>\n\n<\/div>\n<\/div>\n<\/div>\n<\/div><div  data-label=\"Features\" data-id=\"features-square-image-section-2\" data-category=\"features\" class=\"features-square-image-section features-square-image-section-2\" id=\"features-2\" style=\"background-color: rgb(255, 255, 255);\">\n<div  class=\"gridContainer dynamic-color\">\n<div  class=\"features-square-image-textrow\">\n<div  class=\"features-square-image-textcol\" data-type=\"column\">\n<div  class=\"spacer\" data-type=\"group\"><span  class=\"fa before\"><\/span><i  class=\"fa fa-bandcamp color1\"><\/i><span  class=\"fa after\"><\/span><\/div>\n<p  class=\"\"><\/p>\n\n<h2  class=\"\"><span  style=\"font-weight: 600;\">Autres<\/span><\/h2>\n<p  class=\"\">Solutions de financement diverses pour les ind\u00e9pendants et autres publics.<\/p>\n\n\n<\/div>\n<\/div>\n<div  class=\"features-square-image-innerrow\" data-type=\"row\">\n<div  class=\"features-square-image-featcol cp6cols-tablet cp6cols\">\n<h4  class=\"\">AGEFICE<\/h4>\n<p  class=\"\">Association de Gestion et du Financement de la Formation des Chefs d\u2019Entreprise<\/p>\nFinancement destin\u00e9 aux chefs d\u2019entreprise, aux dirigeants non-salari\u00e9s du commerce, de l\u2019industrie et des services.\n\n<p  class=\"\"><\/p><a class=\"button color1 white-text\" href=\"http:\/\/communication-agefice.fr\" target=\"_blank\" data-icon=\"fa-external-link\" rel=\"noopener\"><span  class=\"button-icon fa fa-external-link\"><\/span>AGEFICE<\/a>\n\n<\/div>\n\n<\/div>\n<\/div>\n<\/div><div  data-label=\"Cta\" data-id=\"cta-centered-bg-section\" data-category=\"cta\" class=\"cta-centered-bg-section white-text\" data-parallax-depth=\"20\" id=\"cta-1\" style=\"background-color: rgb(246, 246, 246); background-image: url(&quot;https:\/\/flexsim-ato.com\/wp-content\/uploads\/2020\/07\/cropped-panneau-superieur-scaled-2.jpg&quot;); background-size: cover; background-position: center top;\" data-ovid=\"ovid-cta-1-5685\">\n<div  class=\"gridContainer\">\n<div  class=\"cta-centered-bg-section-row\">\n<div  class=\"cta-centered-bg-section-row-2\">\n<div  class=\"cta-centered-bg-section-col dynamic-color\" data-type=\"column\">  <a class=\"button big color1 white-text\" href=\"https:\/\/flexsim-ato.com\/index.php\/contact\" target=\"_self\" data-icon=\"\" rel=\"noopener\"> Demande de renseignements <\/a><\/div>\n<\/div>\n<\/div>\n<\/div>\n<\/div>","protected":false},"excerpt":{"rendered":"<p>Demandeurs d\u2019emploi plus\u2026 Solutions de financement d\u00e9di\u00e9es aux demandeurs d\u2019emploi (p\u00f4le emploi, CPF\u2026). Salari\u00e9s plus\u2026 Solutions de financement pour les particuliers salari\u00e9s et les entreprises souhaitant profiter des aides allou\u00e9es aux formations. Autres plus\u2026 Solutions de financement diverses pour les ind\u00e9pendants et autres publics. Demandeurs d\u2019emploi Solutions de financement d\u00e9di\u00e9es aux demandeurs d\u2019emploi. CPF Compte&hellip; <br \/> <a class=\"button small blue\" href=\"https:\/\/flexsim-ato.com\/index.php\/en\/2022\/04\/21\/4337\/\">Lire la suite<\/a><\/p>\n","protected":false},"author":2,"featured_media":0,"parent":0,"menu_order":0,"comment_status":"closed","ping_status":"closed","template":"full-width-page.php","meta":{"footnotes":""},"folder":[86],"class_list":["post-2795","page","type-page","status-publish","hentry"],"yoast_head":"<!-- This site is optimized with the Yoast SEO Premium plugin v26.9 (Yoast SEO v26.9) - https:\/\/yoast.com\/product\/yoast-seo-premium-wordpress\/ -->\n<title>Financement des formations<\/title>\n<meta name=\"description\" content=\"Faire financer votre formation chez FLEXSIM-ATO peut \u00eatre tr\u00e9s simple. A quels financements pouvez-vous faire appel (CPF, P\u00f4le emploi, opcalia...) ?\" \/>\n<meta name=\"robots\" content=\"index, follow, max-snippet:-1, max-image-preview:large, max-video-preview:-1\" \/>\n<link rel=\"canonical\" href=\"https:\/\/flexsim-ato.com\/index.php\/financement-des-formations\/\" \/>\n<meta property=\"og:locale\" content=\"fr_FR\" \/>\n<meta property=\"og:type\" content=\"article\" \/>\n<meta property=\"og:title\" content=\"Financement des formations\" \/>\n<meta property=\"og:description\" content=\"Faire financer votre formation chez FLEXSIM-ATO peut \u00eatre tr\u00e9s simple. A quels financements pouvez-vous faire appel (CPF, P\u00f4le emploi, opcalia...) ?\" \/>\n<meta property=\"og:url\" content=\"https:\/\/flexsim-ato.com\/index.php\/financement-des-formations\/\" \/>\n<meta property=\"og:site_name\" content=\"FLEXSIM-ATO\" \/>\n<meta property=\"article:modified_time\" content=\"2024-01-16T09:33:11+00:00\" \/>\n<meta name=\"twitter:card\" content=\"summary_large_image\" \/>\n<meta name=\"twitter:label1\" content=\"Dur\u00e9e de lecture estim\u00e9e\" \/>\n\t<meta name=\"twitter:data1\" content=\"4 minutes\" \/>\n<script type=\"application\/ld+json\" class=\"yoast-schema-graph\">{\"@context\":\"https:\/\/schema.org\",\"@graph\":[{\"@type\":\"WebPage\",\"@id\":\"https:\/\/flexsim-ato.com\/index.php\/financement-des-formations\/\",\"url\":\"https:\/\/flexsim-ato.com\/index.php\/financement-des-formations\/\",\"name\":\"Financement des formations\",\"isPartOf\":{\"@id\":\"https:\/\/flexsim-ato.com\/#website\"},\"datePublished\":\"2021-01-07T10:48:01+00:00\",\"dateModified\":\"2024-01-16T09:33:11+00:00\",\"description\":\"Faire financer votre formation chez FLEXSIM-ATO peut \u00eatre tr\u00e9s simple. A quels financements pouvez-vous faire appel (CPF, P\u00f4le emploi, opcalia...) ?\",\"breadcrumb\":{\"@id\":\"https:\/\/flexsim-ato.com\/index.php\/financement-des-formations\/#breadcrumb\"},\"inLanguage\":\"fr-FR\",\"potentialAction\":[{\"@type\":\"ReadAction\",\"target\":[\"https:\/\/flexsim-ato.com\/index.php\/financement-des-formations\/\"]}]},{\"@type\":\"BreadcrumbList\",\"@id\":\"https:\/\/flexsim-ato.com\/index.php\/financement-des-formations\/#breadcrumb\",\"itemListElement\":[{\"@type\":\"ListItem\",\"position\":1,\"name\":\"Home\",\"item\":\"https:\/\/flexsim-ato.com\/\"},{\"@type\":\"ListItem\",\"position\":2,\"name\":\"Financement des formations\"}]},{\"@type\":\"WebSite\",\"@id\":\"https:\/\/flexsim-ato.com\/#website\",\"url\":\"https:\/\/flexsim-ato.com\/\",\"name\":\"FLEXSIM-ATO\",\"description\":\"\",\"publisher\":{\"@id\":\"https:\/\/flexsim-ato.com\/#organization\"},\"potentialAction\":[{\"@type\":\"SearchAction\",\"target\":{\"@type\":\"EntryPoint\",\"urlTemplate\":\"https:\/\/flexsim-ato.com\/?s={search_term_string}\"},\"query-input\":{\"@type\":\"PropertyValueSpecification\",\"valueRequired\":true,\"valueName\":\"search_term_string\"}}],\"inLanguage\":\"fr-FR\"},{\"@type\":\"Organization\",\"@id\":\"https:\/\/flexsim-ato.com\/#organization\",\"name\":\"FLEXSIM-ATO\",\"url\":\"https:\/\/flexsim-ato.com\/\",\"logo\":{\"@type\":\"ImageObject\",\"inLanguage\":\"fr-FR\",\"@id\":\"https:\/\/flexsim-ato.com\/#\/schema\/logo\/image\/\",\"url\":\"https:\/\/flexsim-ato.com\/wp-content\/uploads\/2020\/07\/flexsim_logotype_fullcolor.png\",\"contentUrl\":\"https:\/\/flexsim-ato.com\/wp-content\/uploads\/2020\/07\/flexsim_logotype_fullcolor.png\",\"width\":1279,\"height\":392,\"caption\":\"FLEXSIM-ATO\"},\"image\":{\"@id\":\"https:\/\/flexsim-ato.com\/#\/schema\/logo\/image\/\"}}]}<\/script>\n<!-- \/ Yoast SEO Premium plugin. -->","yoast_head_json":{"title":"Financement des formations","description":"Faire financer votre formation chez FLEXSIM-ATO peut \u00eatre tr\u00e9s simple. A quels financements pouvez-vous faire appel (CPF, P\u00f4le emploi, opcalia...) ?","robots":{"index":"index","follow":"follow","max-snippet":"max-snippet:-1","max-image-preview":"max-image-preview:large","max-video-preview":"max-video-preview:-1"},"canonical":"https:\/\/flexsim-ato.com\/index.php\/financement-des-formations\/","og_locale":"fr_FR","og_type":"article","og_title":"Financement des formations","og_description":"Faire financer votre formation chez FLEXSIM-ATO peut \u00eatre tr\u00e9s simple. A quels financements pouvez-vous faire appel (CPF, P\u00f4le emploi, opcalia...) ?","og_url":"https:\/\/flexsim-ato.com\/index.php\/financement-des-formations\/","og_site_name":"FLEXSIM-ATO","article_modified_time":"2024-01-16T09:33:11+00:00","twitter_card":"summary_large_image","twitter_misc":{"Dur\u00e9e de lecture estim\u00e9e":"4 minutes"},"schema":{"@context":"https:\/\/schema.org","@graph":[{"@type":"WebPage","@id":"https:\/\/flexsim-ato.com\/index.php\/financement-des-formations\/","url":"https:\/\/flexsim-ato.com\/index.php\/financement-des-formations\/","name":"Financement des formations","isPartOf":{"@id":"https:\/\/flexsim-ato.com\/#website"},"datePublished":"2021-01-07T10:48:01+00:00","dateModified":"2024-01-16T09:33:11+00:00","description":"Faire financer votre formation chez FLEXSIM-ATO peut \u00eatre tr\u00e9s simple. A quels financements pouvez-vous faire appel (CPF, P\u00f4le emploi, opcalia...) ?","breadcrumb":{"@id":"https:\/\/flexsim-ato.com\/index.php\/financement-des-formations\/#breadcrumb"},"inLanguage":"fr-FR","potentialAction":[{"@type":"ReadAction","target":["https:\/\/flexsim-ato.com\/index.php\/financement-des-formations\/"]}]},{"@type":"BreadcrumbList","@id":"https:\/\/flexsim-ato.com\/index.php\/financement-des-formations\/#breadcrumb","itemListElement":[{"@type":"ListItem","position":1,"name":"Home","item":"https:\/\/flexsim-ato.com\/"},{"@type":"ListItem","position":2,"name":"Financement des formations"}]},{"@type":"WebSite","@id":"https:\/\/flexsim-ato.com\/#website","url":"https:\/\/flexsim-ato.com\/","name":"FLEXSIM-ATO","description":"","publisher":{"@id":"https:\/\/flexsim-ato.com\/#organization"},"potentialAction":[{"@type":"SearchAction","target":{"@type":"EntryPoint","urlTemplate":"https:\/\/flexsim-ato.com\/?s={search_term_string}"},"query-input":{"@type":"PropertyValueSpecification","valueRequired":true,"valueName":"search_term_string"}}],"inLanguage":"fr-FR"},{"@type":"Organization","@id":"https:\/\/flexsim-ato.com\/#organization","name":"FLEXSIM-ATO","url":"https:\/\/flexsim-ato.com\/","logo":{"@type":"ImageObject","inLanguage":"fr-FR","@id":"https:\/\/flexsim-ato.com\/#\/schema\/logo\/image\/","url":"https:\/\/flexsim-ato.com\/wp-content\/uploads\/2020\/07\/flexsim_logotype_fullcolor.png","contentUrl":"https:\/\/flexsim-ato.com\/wp-content\/uploads\/2020\/07\/flexsim_logotype_fullcolor.png","width":1279,"height":392,"caption":"FLEXSIM-ATO"},"image":{"@id":"https:\/\/flexsim-ato.com\/#\/schema\/logo\/image\/"}}]}},"_links":{"self":[{"href":"https:\/\/flexsim-ato.com\/index.php\/wp-json\/wp\/v2\/pages\/2795","targetHints":{"allow":["GET"]}}],"collection":[{"href":"https:\/\/flexsim-ato.com\/index.php\/wp-json\/wp\/v2\/pages"}],"about":[{"href":"https:\/\/flexsim-ato.com\/index.php\/wp-json\/wp\/v2\/types\/page"}],"author":[{"embeddable":true,"href":"https:\/\/flexsim-ato.com\/index.php\/wp-json\/wp\/v2\/users\/2"}],"replies":[{"embeddable":true,"href":"https:\/\/flexsim-ato.com\/index.php\/wp-json\/wp\/v2\/comments?post=2795"}],"version-history":[{"count":61,"href":"https:\/\/flexsim-ato.com\/index.php\/wp-json\/wp\/v2\/pages\/2795\/revisions"}],"predecessor-version":[{"id":5502,"href":"https:\/\/flexsim-ato.com\/index.php\/wp-json\/wp\/v2\/pages\/2795\/revisions\/5502"}],"wp:attachment":[{"href":"https:\/\/flexsim-ato.com\/index.php\/wp-json\/wp\/v2\/media?parent=2795"}],"wp:term":[{"taxonomy":"folder","embeddable":true,"href":"https:\/\/flexsim-ato.com\/index.php\/wp-json\/wp\/v2\/folder?post=2795"}],"curies":[{"name":"wp","href":"https:\/\/api.w.org\/{rel}","templated":true}]}}