

{"id":2606,"date":"2020-11-08T15:05:52","date_gmt":"2020-11-08T14:05:52","guid":{"rendered":"https:\/\/flexsim-ato.com\/?page_id=2606"},"modified":"2024-01-16T11:06:00","modified_gmt":"2024-01-16T10:06:00","slug":"plan-d-acces-ory","status":"publish","type":"page","link":"https:\/\/flexsim-ato.com\/index.php\/plan-d-acces-ory\/","title":{"rendered":"Plan d&#8217;acc\u00e8s : simulateur ORY"},"content":{"rendered":"<div  data-label=\"Content\" data-id=\"content-image-left\" data-category=\"content\" class=\"content-left-image-section content-image-left\" id=\"content-3\" style=\"background-color: rgba(255, 255, 255, 0); background-image: none;\" data-ovid=\"ovid-content-3-104\"> <div  class=\"gridContainer\"> <div  class=\"row\"> <div  class=\"content-left-image-imgcol\" data-type=\"column\"><div  data-editable=\"true\" data-name=\"ope-custom-content-shortcode\" data-content-shortcode=\"osm_map_v3 map_center= &quot;48.7458,2.3547&quot; zoom=&quot;13&quot; width=&quot;95%&quot; height=&quot;450&quot; map_border=&quot;thin solid &quot; post_markers=&quot;1&quot; control=&quot;&quot; bckgrndimg=&quot;&quot; \" class=\"\">\n        <div id=\"map_ol3js_1\"\n             class=\"map undefined\"\n             data-map_name=\"undefined\"\n             data-map=\"map_ol3js_1\"\n             style=\"width:95%;\n                    max-width:100%;\n                    height:450px;\n                    display:block;\n                    overflow:hidden;\n                    border:thin solid;\n                    background-image: url(https:\/\/flexsim-ato.com\/wp-content\/plugins\/osm\/);\n                    background-repeat: no-repeat;\n                    background-position: center;\n                    position: relative;\">\n          <div id=\"map_ol3js_1_popup\" class=\"ol-popup\">\n            <a href=\"#\" id=\"map_ol3js_1_popup-closer\" class=\"ol-popup-closer\"><\/a>\n            <div id=\"map_ol3js_1_popup-content\"><\/div>\n          <\/div>\n        <\/div>\n    \n\n\t\t\t\t<script type=\"text\/javascript\">\n\t\t\t\t\ttranslations['openlayer'] = \"open layer\";\n\t\t\t\t\ttranslations['openlayerAtStartup'] = \"open layer at startup\";\n\t\t\t\t\ttranslations['generateLink'] = \"link to this map with opened layers\";\n\t\t\t\t\ttranslations['shortDescription'] = \"short description\";\n\t\t\t\t\ttranslations['generatedShortCode'] = \"to get a text control link paste this code in your wordpress editor\";\n\t\t\t\t\ttranslations['closeLayer'] = \"close layer\";\n\t\t\t\t\ttranslations['cantGenerateLink'] = \"put this string in the existing map short code to control this map\";\n\t\t\t  <\/script>\n\n\n\t\t\t  <script type=\"text\/javascript\">\n\t\t\t  vectorM['map_ol3js_1'] = [];\n\t        \n        var raster = getTileLayer(\"osm\",\"NoKey\");\t\t\t\n\n\t\t\t  var map_ol3js_1 = new ol.Map({\n\t\t\t\tinteractions: ol.interaction.defaults.defaults({mouseWheelZoom:false}),\n\t\t\t\tlayers: [raster],\n\t\t\t\ttarget: \"map_ol3js_1\",\n\t\t\t\tview: new ol.View({\n\t\t\t\t  center: ol.proj.transform([2.3547,48.7458], \"EPSG:4326\", \"EPSG:3857\"),\n\t\t\t\t  zoom: 13\n\t\t\t\t})\n\t\t\t  });\n\t\t\t  addControls2Map(map_ol3js_1,0,0,3,0,5,6,7,0,1);\nosm_addPopupClickhandler(map_ol3js_1,  \"map_ol3js_1\"); \nosm_addMouseHover(map_ol3js_1); <\/script><\/div>  <\/div> <div  class=\"content-left-image-textcol dynamic-color\" data-type=\"column\"> <h2  class=\"\">Simulateurs ORY<\/h2> <img decoding=\"async\"  class=\"custom-image\" src=\"https:\/\/flexsim-ato.com\/wp-content\/uploads\/2020\/08\/Logo-AF.png\" onmousedown=\"return false\" onselectstart=\"return false\"><p  class=\"large_text\">Air France Training Center\n<br >1 Rue du Mar\u00e9chal Devaux<br >\n91550 Paray-Vieille-Poste\n<br >FRANCE<\/p> <a class=\"button color1\" href=\"https:\/\/flexsim-ato.com\/index.php\/plan-d-acces-cdg\" target=\"_self\" data-icon=\"fa-map-marker\" rel=\"noopener noreferrer\"><span  class=\"button-icon fa fa-map-marker\"><\/span> CDG \u2013 SIMAERO <\/a> <a class=\"button color1\" href=\"https:\/\/flexsim-ato.com\/index.php\/plan-d-acces-mermoz\" target=\"_self\" data-icon=\"fa-map-marker\" rel=\"noopener noreferrer\"><span  class=\"button-icon fa fa-map-marker\"><\/span>Rungis \u2013 Institut Mermoz<\/a><\/div> <\/div> <\/div> <\/div><div  data-label=\"Cta\" data-id=\"cta-centered-bg-section\" data-category=\"cta\" class=\"cta-centered-bg-section white-text\" data-parallax-depth=\"20\" id=\"cta-1\" style=\"background-color: rgb(246, 246, 246); background-image: url(&quot;https:\/\/flexsim-ato.com\/wp-content\/uploads\/2020\/07\/panneau-superieur-scaled.jpg&quot;); background-size: cover; background-position: center top;\" data-ovid=\"ovid-cta-1-5518\"> <div  class=\"gridContainer\"> <div  class=\"cta-centered-bg-section-row\"> <div  class=\"cta-centered-bg-section-row-2\"> <div  class=\"cta-centered-bg-section-col dynamic-color\" data-type=\"column\"> <h3  class=\"cta-centered-bg-section-title\">Demande de renseignements<\/h3> <a class=\"button big color1 white-text\" href=\"https:\/\/flexsim-ato.com\/index.php\/contact\" target=\"_self\" data-icon=\"\" rel=\"noopener noreferrer\"> Contact <\/a> <\/div> <\/div> <\/div> <\/div> <\/div>","protected":false},"excerpt":{"rendered":"<p>Simulateurs ORY Air France Training Center 1 Rue du Mar\u00e9chal Devaux 91550 Paray-Vieille-Poste FRANCE CDG \u2013 SIMAERO Rungis \u2013 Institut Mermoz Demande de renseignements Contact<\/p>\n","protected":false},"author":2,"featured_media":0,"parent":0,"menu_order":0,"comment_status":"closed","ping_status":"closed","template":"full-width-page.php","meta":{"footnotes":""},"folder":[83],"class_list":["post-2606","page","type-page","status-publish","hentry"],"yoast_head":"<!-- This site is optimized with the Yoast SEO Premium plugin v26.9 (Yoast SEO v26.9) - https:\/\/yoast.com\/product\/yoast-seo-premium-wordpress\/ -->\n<title>Plan d&#039;acc\u00e8s : simulateur ORY<\/title>\n<meta name=\"description\" content=\"Localisation du simulateur FLEXSIM situ\u00e9 \u00e0 ORY (Air France Training Center).\" \/>\n<meta name=\"robots\" content=\"index, follow, max-snippet:-1, max-image-preview:large, max-video-preview:-1\" \/>\n<link rel=\"canonical\" href=\"https:\/\/flexsim-ato.com\/index.php\/plan-d-acces-ory\/\" \/>\n<meta property=\"og:locale\" content=\"fr_FR\" \/>\n<meta property=\"og:type\" content=\"article\" \/>\n<meta property=\"og:title\" content=\"Plan d&#039;acc\u00e8s : simulateur ORY\" \/>\n<meta property=\"og:description\" content=\"Localisation du simulateur FLEXSIM situ\u00e9 \u00e0 ORY (Air France Training Center).\" \/>\n<meta property=\"og:url\" content=\"https:\/\/flexsim-ato.com\/index.php\/plan-d-acces-ory\/\" \/>\n<meta property=\"og:site_name\" content=\"FLEXSIM-ATO\" \/>\n<meta property=\"article:modified_time\" content=\"2024-01-16T10:06:00+00:00\" \/>\n<meta property=\"og:image\" content=\"https:\/\/flexsim-ato.com\/wp-content\/uploads\/2020\/08\/Logo-AF.png\" \/>\n<meta name=\"twitter:card\" content=\"summary_large_image\" \/>\n<script type=\"application\/ld+json\" class=\"yoast-schema-graph\">{\"@context\":\"https:\/\/schema.org\",\"@graph\":[{\"@type\":\"WebPage\",\"@id\":\"https:\/\/flexsim-ato.com\/index.php\/plan-d-acces-ory\/\",\"url\":\"https:\/\/flexsim-ato.com\/index.php\/plan-d-acces-ory\/\",\"name\":\"Plan d'acc\u00e8s : simulateur ORY\",\"isPartOf\":{\"@id\":\"https:\/\/flexsim-ato.com\/#website\"},\"primaryImageOfPage\":{\"@id\":\"https:\/\/flexsim-ato.com\/index.php\/plan-d-acces-ory\/#primaryimage\"},\"image\":{\"@id\":\"https:\/\/flexsim-ato.com\/index.php\/plan-d-acces-ory\/#primaryimage\"},\"thumbnailUrl\":\"https:\/\/flexsim-ato.com\/wp-content\/uploads\/2020\/08\/Logo-AF.png\",\"datePublished\":\"2020-11-08T14:05:52+00:00\",\"dateModified\":\"2024-01-16T10:06:00+00:00\",\"description\":\"Localisation du simulateur FLEXSIM situ\u00e9 \u00e0 ORY (Air France Training Center).\",\"breadcrumb\":{\"@id\":\"https:\/\/flexsim-ato.com\/index.php\/plan-d-acces-ory\/#breadcrumb\"},\"inLanguage\":\"fr-FR\",\"potentialAction\":[{\"@type\":\"ReadAction\",\"target\":[\"https:\/\/flexsim-ato.com\/index.php\/plan-d-acces-ory\/\"]}]},{\"@type\":\"ImageObject\",\"inLanguage\":\"fr-FR\",\"@id\":\"https:\/\/flexsim-ato.com\/index.php\/plan-d-acces-ory\/#primaryimage\",\"url\":\"https:\/\/flexsim-ato.com\/wp-content\/uploads\/2020\/08\/Logo-AF.png\",\"contentUrl\":\"https:\/\/flexsim-ato.com\/wp-content\/uploads\/2020\/08\/Logo-AF.png\",\"width\":553,\"height\":62,\"caption\":\"Logo AF\"},{\"@type\":\"BreadcrumbList\",\"@id\":\"https:\/\/flexsim-ato.com\/index.php\/plan-d-acces-ory\/#breadcrumb\",\"itemListElement\":[{\"@type\":\"ListItem\",\"position\":1,\"name\":\"Home\",\"item\":\"https:\/\/flexsim-ato.com\/\"},{\"@type\":\"ListItem\",\"position\":2,\"name\":\"Plan d&#8217;acc\u00e8s : simulateur ORY\"}]},{\"@type\":\"WebSite\",\"@id\":\"https:\/\/flexsim-ato.com\/#website\",\"url\":\"https:\/\/flexsim-ato.com\/\",\"name\":\"FLEXSIM-ATO\",\"description\":\"\",\"publisher\":{\"@id\":\"https:\/\/flexsim-ato.com\/#organization\"},\"potentialAction\":[{\"@type\":\"SearchAction\",\"target\":{\"@type\":\"EntryPoint\",\"urlTemplate\":\"https:\/\/flexsim-ato.com\/?s={search_term_string}\"},\"query-input\":{\"@type\":\"PropertyValueSpecification\",\"valueRequired\":true,\"valueName\":\"search_term_string\"}}],\"inLanguage\":\"fr-FR\"},{\"@type\":\"Organization\",\"@id\":\"https:\/\/flexsim-ato.com\/#organization\",\"name\":\"FLEXSIM-ATO\",\"url\":\"https:\/\/flexsim-ato.com\/\",\"logo\":{\"@type\":\"ImageObject\",\"inLanguage\":\"fr-FR\",\"@id\":\"https:\/\/flexsim-ato.com\/#\/schema\/logo\/image\/\",\"url\":\"https:\/\/flexsim-ato.com\/wp-content\/uploads\/2020\/07\/flexsim_logotype_fullcolor.png\",\"contentUrl\":\"https:\/\/flexsim-ato.com\/wp-content\/uploads\/2020\/07\/flexsim_logotype_fullcolor.png\",\"width\":1279,\"height\":392,\"caption\":\"FLEXSIM-ATO\"},\"image\":{\"@id\":\"https:\/\/flexsim-ato.com\/#\/schema\/logo\/image\/\"}}]}<\/script>\n<!-- \/ Yoast SEO Premium plugin. -->","yoast_head_json":{"title":"Plan d'acc\u00e8s : simulateur ORY","description":"Localisation du simulateur FLEXSIM situ\u00e9 \u00e0 ORY (Air France Training Center).","robots":{"index":"index","follow":"follow","max-snippet":"max-snippet:-1","max-image-preview":"max-image-preview:large","max-video-preview":"max-video-preview:-1"},"canonical":"https:\/\/flexsim-ato.com\/index.php\/plan-d-acces-ory\/","og_locale":"fr_FR","og_type":"article","og_title":"Plan d'acc\u00e8s : simulateur ORY","og_description":"Localisation du simulateur FLEXSIM situ\u00e9 \u00e0 ORY (Air France Training Center).","og_url":"https:\/\/flexsim-ato.com\/index.php\/plan-d-acces-ory\/","og_site_name":"FLEXSIM-ATO","article_modified_time":"2024-01-16T10:06:00+00:00","og_image":[{"url":"https:\/\/flexsim-ato.com\/wp-content\/uploads\/2020\/08\/Logo-AF.png","type":"","width":"","height":""}],"twitter_card":"summary_large_image","schema":{"@context":"https:\/\/schema.org","@graph":[{"@type":"WebPage","@id":"https:\/\/flexsim-ato.com\/index.php\/plan-d-acces-ory\/","url":"https:\/\/flexsim-ato.com\/index.php\/plan-d-acces-ory\/","name":"Plan d'acc\u00e8s : simulateur ORY","isPartOf":{"@id":"https:\/\/flexsim-ato.com\/#website"},"primaryImageOfPage":{"@id":"https:\/\/flexsim-ato.com\/index.php\/plan-d-acces-ory\/#primaryimage"},"image":{"@id":"https:\/\/flexsim-ato.com\/index.php\/plan-d-acces-ory\/#primaryimage"},"thumbnailUrl":"https:\/\/flexsim-ato.com\/wp-content\/uploads\/2020\/08\/Logo-AF.png","datePublished":"2020-11-08T14:05:52+00:00","dateModified":"2024-01-16T10:06:00+00:00","description":"Localisation du simulateur FLEXSIM situ\u00e9 \u00e0 ORY (Air France Training Center).","breadcrumb":{"@id":"https:\/\/flexsim-ato.com\/index.php\/plan-d-acces-ory\/#breadcrumb"},"inLanguage":"fr-FR","potentialAction":[{"@type":"ReadAction","target":["https:\/\/flexsim-ato.com\/index.php\/plan-d-acces-ory\/"]}]},{"@type":"ImageObject","inLanguage":"fr-FR","@id":"https:\/\/flexsim-ato.com\/index.php\/plan-d-acces-ory\/#primaryimage","url":"https:\/\/flexsim-ato.com\/wp-content\/uploads\/2020\/08\/Logo-AF.png","contentUrl":"https:\/\/flexsim-ato.com\/wp-content\/uploads\/2020\/08\/Logo-AF.png","width":553,"height":62,"caption":"Logo AF"},{"@type":"BreadcrumbList","@id":"https:\/\/flexsim-ato.com\/index.php\/plan-d-acces-ory\/#breadcrumb","itemListElement":[{"@type":"ListItem","position":1,"name":"Home","item":"https:\/\/flexsim-ato.com\/"},{"@type":"ListItem","position":2,"name":"Plan d&#8217;acc\u00e8s : simulateur ORY"}]},{"@type":"WebSite","@id":"https:\/\/flexsim-ato.com\/#website","url":"https:\/\/flexsim-ato.com\/","name":"FLEXSIM-ATO","description":"","publisher":{"@id":"https:\/\/flexsim-ato.com\/#organization"},"potentialAction":[{"@type":"SearchAction","target":{"@type":"EntryPoint","urlTemplate":"https:\/\/flexsim-ato.com\/?s={search_term_string}"},"query-input":{"@type":"PropertyValueSpecification","valueRequired":true,"valueName":"search_term_string"}}],"inLanguage":"fr-FR"},{"@type":"Organization","@id":"https:\/\/flexsim-ato.com\/#organization","name":"FLEXSIM-ATO","url":"https:\/\/flexsim-ato.com\/","logo":{"@type":"ImageObject","inLanguage":"fr-FR","@id":"https:\/\/flexsim-ato.com\/#\/schema\/logo\/image\/","url":"https:\/\/flexsim-ato.com\/wp-content\/uploads\/2020\/07\/flexsim_logotype_fullcolor.png","contentUrl":"https:\/\/flexsim-ato.com\/wp-content\/uploads\/2020\/07\/flexsim_logotype_fullcolor.png","width":1279,"height":392,"caption":"FLEXSIM-ATO"},"image":{"@id":"https:\/\/flexsim-ato.com\/#\/schema\/logo\/image\/"}}]}},"_links":{"self":[{"href":"https:\/\/flexsim-ato.com\/index.php\/wp-json\/wp\/v2\/pages\/2606","targetHints":{"allow":["GET"]}}],"collection":[{"href":"https:\/\/flexsim-ato.com\/index.php\/wp-json\/wp\/v2\/pages"}],"about":[{"href":"https:\/\/flexsim-ato.com\/index.php\/wp-json\/wp\/v2\/types\/page"}],"author":[{"embeddable":true,"href":"https:\/\/flexsim-ato.com\/index.php\/wp-json\/wp\/v2\/users\/2"}],"replies":[{"embeddable":true,"href":"https:\/\/flexsim-ato.com\/index.php\/wp-json\/wp\/v2\/comments?post=2606"}],"version-history":[{"count":6,"href":"https:\/\/flexsim-ato.com\/index.php\/wp-json\/wp\/v2\/pages\/2606\/revisions"}],"predecessor-version":[{"id":5535,"href":"https:\/\/flexsim-ato.com\/index.php\/wp-json\/wp\/v2\/pages\/2606\/revisions\/5535"}],"wp:attachment":[{"href":"https:\/\/flexsim-ato.com\/index.php\/wp-json\/wp\/v2\/media?parent=2606"}],"wp:term":[{"taxonomy":"folder","embeddable":true,"href":"https:\/\/flexsim-ato.com\/index.php\/wp-json\/wp\/v2\/folder?post=2606"}],"curies":[{"name":"wp","href":"https:\/\/api.w.org\/{rel}","templated":true}]}}