{"id":2142,"date":"2020-09-11T18:12:16","date_gmt":"2020-09-11T16:12:16","guid":{"rendered":"https:\/\/flexsim-ato.com\/?page_id=2142"},"modified":"2024-01-16T11:03:59","modified_gmt":"2024-01-16T10:03:59","slug":"le-mot-du-ceo","status":"publish","type":"page","link":"https:\/\/flexsim-ato.com\/index.php\/le-mot-du-ceo\/","title":{"rendered":"Le Mot du CEO"},"content":{"rendered":"<div  id=\"testimonials-2\" class=\"testimonials-full-section\" style=\"background-color: rgba(255, 255, 255, 0); background-image: none;\" data-label=\"Testimonials\" data-id=\"testimonials-full-section\" data-category=\"testimonials\" data-ovid=\"ovid-testimonials-2-1256\">\n<div  class=\"testimonials-full-section gridContainer\">\n<div  class=\"testimonials-full-textrow dynamic-color\">\n<div  class=\"testimonials-full-textcol\" data-type=\"column\">\n<h3  class=\"\">Le mot du CEO<\/h3>\n<\/div>\n<\/div>\n<div  class=\"testimonials-full-itemsrow dynamic-color\" data-type=\"row\">\n<div  class=\"testimonials-full-itemcol cp6cols-tablet cp12cols\">\n<div  class=\"testimonials-full-imgcol\"><img decoding=\"async\"  class=\"testimonials-full-itemimg\" src=\"https:\/\/flexsim-ato.com\/wp-content\/uploads\/2020\/08\/cropped-Damien-1.png\" alt=\"\" data-size=\"500x500\" onmousedown=\"return false\" onselectstart=\"return false\"><\/div>\n<div  class=\"testimonials-full-itemtextcol\" data-type=\"column\">\n<p  class=\"\">Depuis son approbation par la DGAC \u2013 EASA en 2015, en partenariat avec IXO Aviation, FLEXSIM-ATO n\u2019a de cesse de croitre son offre de formation.<\/p>\n<p  class=\"\">En d\u00e9pit des crises cycliques et r\u00e9gionales que le transport a\u00e9rien traverse, force est de constater que les besoins en formation PNT sont en perp\u00e9tuelles croissances.<\/p>\n<p  class=\"\">Nous distinguons cependant deux types d\u2019organismes de formation : les organismes de formation Initiale qui s\u2019adresse aux jeunes pilotes cadets d\u00e9sireux de suivre un cursus de formation CPL IR ME et les organismes de formation r\u00e9serv\u00e9e aux professionnels d\u00e9sireux de poursuivre vers une MCC, un Type Rating CS25, ou un Renouvellement \/ Prorogation du Type CS25. FLEXSIM-ATO s\u2019inscrit dans cette seconde d\u00e9marche r\u00e9serv\u00e9e aux professionnels. Notre ATO propose l\u2019ensemble de ses formations certes \u00e0 des particuliers, mais principalement \u00e0 des compagnies a\u00e9riennes d\u00e9sireuses d\u2019externaliser une partie de leur formation \u00e9quipage.<\/p>\n<p  class=\"\">Nous accueillons les pilotes dans deux centres de formation sur simulateur de vol offrant la pointe de l\u2019\u00e9quipement technologique et p\u00e9dagogique (FFS \u2013 FSTD Level D) en partenariat avec AIR FRANCE \u2013 TRANSAVIA Paris ORY sur B737NG et avec ETIHAD AIRWAYS \u00e0 Abu-Dhabi AUH sur B787 Dreamliner et Airbus A320.<\/p>\n<p  class=\"\">Depuis cinq ans, nos instructeurs et examinateurs sont au service de nos clients 24\/7 sur la flotte Boeing et prochainement sur Airbus.<\/p>\n<p  class=\"\">D\u00e8s 2021, FLEXSIM pr\u00e9voit un d\u00e9ploiement de son activit\u00e9 formation MCC, Type CS25 Boeing B737NG, type CS25 Airbus A320 et Renouvellement\/Prorogation de Type CS25 en Afrique. L\u2019ouverture prochaine d\u2019un centre de formation a\u00e9ronautique ATO dans deux pays cl\u00e9s d\u2019Afrique Libye et Ghana offrant un savoir-faire \u00ab \u00e0 la fran\u00e7aise \u00bb ainsi que la mise \u00e0 disposition d\u2019installations \u00e0 la pointe de notre industrie (FFS FSTD Level D) r\u00e9pondra \u00e0 une demande de ce continent en plein essor.<\/p>\n<p  class=\"\">N\u2019\u00e9tant pas une activit\u00e9 anodine, la formation a\u00e9ronautique, n\u00e9cessite certes un maintien solide des comp\u00e9tences a\u00e9ronautiques qui fait la force notre \u00e9quipe p\u00e9dagogique, mais \u00e9galement une approche humaine essentielle qui permet de tisser entre apprenant et instructeur un v\u00e9ritable climat de confiance.<\/p>\n\n<h5  class=\"testimonials-full-nametext\">Damien Dominguez<\/h5>\n<h6  class=\"testimonials-full-postext\">CEO<\/h6>\n<\/div>\n<\/div>\n<\/div>\n<\/div>\n<\/div>","protected":false},"excerpt":{"rendered":"<p>Le mot du CEO Depuis son approbation par la DGAC \u2013 EASA en 2015, en partenariat avec IXO Aviation, FLEXSIM-ATO n\u2019a de cesse de croitre son offre de formation. En d\u00e9pit des crises cycliques et r\u00e9gionales que le transport a\u00e9rien traverse, force est de constater que les besoins en formation PNT sont en perp\u00e9tuelles croissances.&hellip; <br \/> <a class=\"button small blue\" href=\"https:\/\/flexsim-ato.com\/index.php\/en\/2022\/04\/21\/4337\/\">Lire la suite<\/a><\/p>\n","protected":false},"author":2,"featured_media":0,"parent":0,"menu_order":0,"comment_status":"closed","ping_status":"closed","template":"full-width-page.php","meta":{"footnotes":""},"folder":[83],"class_list":["post-2142","page","type-page","status-publish","hentry"],"yoast_head":"<!-- This site is optimized with the Yoast SEO Premium plugin v26.9 (Yoast SEO v26.9) - https:\/\/yoast.com\/product\/yoast-seo-premium-wordpress\/ -->\n<title>Le mot du CEO<\/title>\n<meta name=\"description\" content=\"FLEXSIM-ATO Le mot du CEO : Damien Dominguez.\" \/>\n<meta name=\"robots\" content=\"index, follow, max-snippet:-1, max-image-preview:large, max-video-preview:-1\" \/>\n<link rel=\"canonical\" href=\"https:\/\/flexsim-ato.com\/index.php\/le-mot-du-ceo\/\" \/>\n<meta property=\"og:locale\" content=\"fr_FR\" \/>\n<meta property=\"og:type\" content=\"article\" \/>\n<meta property=\"og:title\" content=\"Le Mot du CEO\" \/>\n<meta property=\"og:description\" content=\"FLEXSIM-ATO Le mot du CEO : Damien Dominguez.\" \/>\n<meta property=\"og:url\" content=\"https:\/\/flexsim-ato.com\/index.php\/le-mot-du-ceo\/\" \/>\n<meta property=\"og:site_name\" content=\"FLEXSIM-ATO\" \/>\n<meta property=\"article:modified_time\" content=\"2024-01-16T10:03:59+00:00\" \/>\n<meta property=\"og:image\" content=\"https:\/\/flexsim-ato.com\/wp-content\/uploads\/2020\/08\/cropped-Damien-1.png\" \/>\n<meta name=\"twitter:card\" content=\"summary_large_image\" \/>\n<meta name=\"twitter:label1\" content=\"Dur\u00e9e de lecture estim\u00e9e\" \/>\n\t<meta name=\"twitter:data1\" content=\"2 minutes\" \/>\n<script type=\"application\/ld+json\" class=\"yoast-schema-graph\">{\"@context\":\"https:\/\/schema.org\",\"@graph\":[{\"@type\":\"WebPage\",\"@id\":\"https:\/\/flexsim-ato.com\/index.php\/le-mot-du-ceo\/\",\"url\":\"https:\/\/flexsim-ato.com\/index.php\/le-mot-du-ceo\/\",\"name\":\"Le mot du CEO\",\"isPartOf\":{\"@id\":\"https:\/\/flexsim-ato.com\/#website\"},\"primaryImageOfPage\":{\"@id\":\"https:\/\/flexsim-ato.com\/index.php\/le-mot-du-ceo\/#primaryimage\"},\"image\":{\"@id\":\"https:\/\/flexsim-ato.com\/index.php\/le-mot-du-ceo\/#primaryimage\"},\"thumbnailUrl\":\"https:\/\/flexsim-ato.com\/wp-content\/uploads\/2020\/08\/cropped-Damien-1.png\",\"datePublished\":\"2020-09-11T16:12:16+00:00\",\"dateModified\":\"2024-01-16T10:03:59+00:00\",\"description\":\"FLEXSIM-ATO Le mot du CEO : Damien Dominguez.\",\"breadcrumb\":{\"@id\":\"https:\/\/flexsim-ato.com\/index.php\/le-mot-du-ceo\/#breadcrumb\"},\"inLanguage\":\"fr-FR\",\"potentialAction\":[{\"@type\":\"ReadAction\",\"target\":[\"https:\/\/flexsim-ato.com\/index.php\/le-mot-du-ceo\/\"]}]},{\"@type\":\"ImageObject\",\"inLanguage\":\"fr-FR\",\"@id\":\"https:\/\/flexsim-ato.com\/index.php\/le-mot-du-ceo\/#primaryimage\",\"url\":\"https:\/\/flexsim-ato.com\/wp-content\/uploads\/2020\/08\/cropped-Damien-1.png\",\"contentUrl\":\"https:\/\/flexsim-ato.com\/wp-content\/uploads\/2020\/08\/cropped-Damien-1.png\",\"width\":500,\"height\":500},{\"@type\":\"BreadcrumbList\",\"@id\":\"https:\/\/flexsim-ato.com\/index.php\/le-mot-du-ceo\/#breadcrumb\",\"itemListElement\":[{\"@type\":\"ListItem\",\"position\":1,\"name\":\"Home\",\"item\":\"https:\/\/flexsim-ato.com\/\"},{\"@type\":\"ListItem\",\"position\":2,\"name\":\"Le Mot du CEO\"}]},{\"@type\":\"WebSite\",\"@id\":\"https:\/\/flexsim-ato.com\/#website\",\"url\":\"https:\/\/flexsim-ato.com\/\",\"name\":\"FLEXSIM-ATO\",\"description\":\"\",\"publisher\":{\"@id\":\"https:\/\/flexsim-ato.com\/#organization\"},\"potentialAction\":[{\"@type\":\"SearchAction\",\"target\":{\"@type\":\"EntryPoint\",\"urlTemplate\":\"https:\/\/flexsim-ato.com\/?s={search_term_string}\"},\"query-input\":{\"@type\":\"PropertyValueSpecification\",\"valueRequired\":true,\"valueName\":\"search_term_string\"}}],\"inLanguage\":\"fr-FR\"},{\"@type\":\"Organization\",\"@id\":\"https:\/\/flexsim-ato.com\/#organization\",\"name\":\"FLEXSIM-ATO\",\"url\":\"https:\/\/flexsim-ato.com\/\",\"logo\":{\"@type\":\"ImageObject\",\"inLanguage\":\"fr-FR\",\"@id\":\"https:\/\/flexsim-ato.com\/#\/schema\/logo\/image\/\",\"url\":\"https:\/\/flexsim-ato.com\/wp-content\/uploads\/2020\/07\/flexsim_logotype_fullcolor.png\",\"contentUrl\":\"https:\/\/flexsim-ato.com\/wp-content\/uploads\/2020\/07\/flexsim_logotype_fullcolor.png\",\"width\":1279,\"height\":392,\"caption\":\"FLEXSIM-ATO\"},\"image\":{\"@id\":\"https:\/\/flexsim-ato.com\/#\/schema\/logo\/image\/\"}}]}<\/script>\n<!-- \/ Yoast SEO Premium plugin. -->","yoast_head_json":{"title":"Le mot du CEO","description":"FLEXSIM-ATO Le mot du CEO : Damien Dominguez.","robots":{"index":"index","follow":"follow","max-snippet":"max-snippet:-1","max-image-preview":"max-image-preview:large","max-video-preview":"max-video-preview:-1"},"canonical":"https:\/\/flexsim-ato.com\/index.php\/le-mot-du-ceo\/","og_locale":"fr_FR","og_type":"article","og_title":"Le Mot du CEO","og_description":"FLEXSIM-ATO Le mot du CEO : Damien Dominguez.","og_url":"https:\/\/flexsim-ato.com\/index.php\/le-mot-du-ceo\/","og_site_name":"FLEXSIM-ATO","article_modified_time":"2024-01-16T10:03:59+00:00","og_image":[{"url":"https:\/\/flexsim-ato.com\/wp-content\/uploads\/2020\/08\/cropped-Damien-1.png","type":"","width":"","height":""}],"twitter_card":"summary_large_image","twitter_misc":{"Dur\u00e9e de lecture estim\u00e9e":"2 minutes"},"schema":{"@context":"https:\/\/schema.org","@graph":[{"@type":"WebPage","@id":"https:\/\/flexsim-ato.com\/index.php\/le-mot-du-ceo\/","url":"https:\/\/flexsim-ato.com\/index.php\/le-mot-du-ceo\/","name":"Le mot du CEO","isPartOf":{"@id":"https:\/\/flexsim-ato.com\/#website"},"primaryImageOfPage":{"@id":"https:\/\/flexsim-ato.com\/index.php\/le-mot-du-ceo\/#primaryimage"},"image":{"@id":"https:\/\/flexsim-ato.com\/index.php\/le-mot-du-ceo\/#primaryimage"},"thumbnailUrl":"https:\/\/flexsim-ato.com\/wp-content\/uploads\/2020\/08\/cropped-Damien-1.png","datePublished":"2020-09-11T16:12:16+00:00","dateModified":"2024-01-16T10:03:59+00:00","description":"FLEXSIM-ATO Le mot du CEO : Damien Dominguez.","breadcrumb":{"@id":"https:\/\/flexsim-ato.com\/index.php\/le-mot-du-ceo\/#breadcrumb"},"inLanguage":"fr-FR","potentialAction":[{"@type":"ReadAction","target":["https:\/\/flexsim-ato.com\/index.php\/le-mot-du-ceo\/"]}]},{"@type":"ImageObject","inLanguage":"fr-FR","@id":"https:\/\/flexsim-ato.com\/index.php\/le-mot-du-ceo\/#primaryimage","url":"https:\/\/flexsim-ato.com\/wp-content\/uploads\/2020\/08\/cropped-Damien-1.png","contentUrl":"https:\/\/flexsim-ato.com\/wp-content\/uploads\/2020\/08\/cropped-Damien-1.png","width":500,"height":500},{"@type":"BreadcrumbList","@id":"https:\/\/flexsim-ato.com\/index.php\/le-mot-du-ceo\/#breadcrumb","itemListElement":[{"@type":"ListItem","position":1,"name":"Home","item":"https:\/\/flexsim-ato.com\/"},{"@type":"ListItem","position":2,"name":"Le Mot du CEO"}]},{"@type":"WebSite","@id":"https:\/\/flexsim-ato.com\/#website","url":"https:\/\/flexsim-ato.com\/","name":"FLEXSIM-ATO","description":"","publisher":{"@id":"https:\/\/flexsim-ato.com\/#organization"},"potentialAction":[{"@type":"SearchAction","target":{"@type":"EntryPoint","urlTemplate":"https:\/\/flexsim-ato.com\/?s={search_term_string}"},"query-input":{"@type":"PropertyValueSpecification","valueRequired":true,"valueName":"search_term_string"}}],"inLanguage":"fr-FR"},{"@type":"Organization","@id":"https:\/\/flexsim-ato.com\/#organization","name":"FLEXSIM-ATO","url":"https:\/\/flexsim-ato.com\/","logo":{"@type":"ImageObject","inLanguage":"fr-FR","@id":"https:\/\/flexsim-ato.com\/#\/schema\/logo\/image\/","url":"https:\/\/flexsim-ato.com\/wp-content\/uploads\/2020\/07\/flexsim_logotype_fullcolor.png","contentUrl":"https:\/\/flexsim-ato.com\/wp-content\/uploads\/2020\/07\/flexsim_logotype_fullcolor.png","width":1279,"height":392,"caption":"FLEXSIM-ATO"},"image":{"@id":"https:\/\/flexsim-ato.com\/#\/schema\/logo\/image\/"}}]}},"_links":{"self":[{"href":"https:\/\/flexsim-ato.com\/index.php\/wp-json\/wp\/v2\/pages\/2142","targetHints":{"allow":["GET"]}}],"collection":[{"href":"https:\/\/flexsim-ato.com\/index.php\/wp-json\/wp\/v2\/pages"}],"about":[{"href":"https:\/\/flexsim-ato.com\/index.php\/wp-json\/wp\/v2\/types\/page"}],"author":[{"embeddable":true,"href":"https:\/\/flexsim-ato.com\/index.php\/wp-json\/wp\/v2\/users\/2"}],"replies":[{"embeddable":true,"href":"https:\/\/flexsim-ato.com\/index.php\/wp-json\/wp\/v2\/comments?post=2142"}],"version-history":[{"count":22,"href":"https:\/\/flexsim-ato.com\/index.php\/wp-json\/wp\/v2\/pages\/2142\/revisions"}],"predecessor-version":[{"id":5527,"href":"https:\/\/flexsim-ato.com\/index.php\/wp-json\/wp\/v2\/pages\/2142\/revisions\/5527"}],"wp:attachment":[{"href":"https:\/\/flexsim-ato.com\/index.php\/wp-json\/wp\/v2\/media?parent=2142"}],"wp:term":[{"taxonomy":"folder","embeddable":true,"href":"https:\/\/flexsim-ato.com\/index.php\/wp-json\/wp\/v2\/folder?post=2142"}],"curies":[{"name":"wp","href":"https:\/\/api.w.org\/{rel}","templated":true}]}}