{"id":1002,"date":"2020-08-04T00:50:42","date_gmt":"2020-08-03T22:50:42","guid":{"rendered":"https:\/\/flexsim-ato.com\/?page_id=1002"},"modified":"2025-02-25T10:12:50","modified_gmt":"2025-02-25T09:12:50","slug":"qt-b787","status":"publish","type":"page","link":"https:\/\/flexsim-ato.com\/index.php\/qt-b787\/","title":{"rendered":"QT B787"},"content":{"rendered":"<div  id=\"about-1\" class=\"about-images-right-section about-images-right-section-1\" style=\"background-color: rgb(246, 246, 246); background-image: none;\" data-label=\"About\" data-id=\"about-images-right-section-1\" data-category=\"about\" data-ovid=\"ovid-about-1-104\">\n<div  class=\"gridContainer dynamic-color\">\n<div  class=\"about-images-right-innerrow dynamic-color\">\n<div  class=\"about-images-right-textcol\" data-type=\"column\">\n<h5  class=\"\">QT B787<\/h5>\n<h2  class=\"about-images-right-bigtitle\">Qualification de Type<\/h2>\n<p  class=\"\">Cette qualification de type permet au pilote d\u2019exercer la fonction de pilote de ligne sur un Boeing 787.<\/p>\n<p  class=\"\">Le stage se compose d\u2019une phase de formation th\u00e9orique et d\u2019une phase pratique sur simulateur B787 agr\u00e9\u00e9.<\/p>\n<p  class=\"\">Le stage peut \u00eatre de type FULL TYPE (F) pour les pilotes sans exp\u00e9rience pr\u00e9alable ou de type REDUCED TYPE (S) pour les pilotes poss\u00e9dant une licence Boeing (B737 300-900, B757\/767 ou B747-400).<\/p><a  class=\"button color1\" href=\"#about-us-2\" target=\"_self\" rel=\"noopener noreferrer\" data-icon=\"\">Prix &amp; Pr\u00e9requis<\/a>\n<a  class=\"button color1\" href=\"https:\/\/flexsim-ato.com\/wp-content\/uploads\/2025\/01\/2025-JAN-29-FR-FLEXSIM-Qualification-de-type-B787.pdf\" target=\"lightbox\" data-icon=\"fa-file-pdf-o\" rel=\"noopener\"><span  class=\"button-icon fa fa-file-pdf-o\"><\/span>Fiche formation QT B787<\/a><h5  class=\"\">Derni\u00e8re mise \u00e0 jour : 30\/07\/2024<\/h5>\n<\/div>\n<div  class=\"about-images-right-imgcol\"><img  decoding=\"async\" class=\"about-images-right-topimg\" src=\"https:\/\/flexsim-ato.com\/wp-content\/uploads\/2020\/08\/shutterstock_605697338-scaled.jpg\" onmousedown=\"return false\" onselectstart=\"return false\"><img  decoding=\"async\" class=\"about-images-right-rightimg\" src=\"https:\/\/flexsim-ato.com\/wp-content\/uploads\/2020\/08\/Boeing_787-8_Dreamliner_Boeing_AN1969525.jpg\" onmousedown=\"return false\" onselectstart=\"return false\"><img  decoding=\"async\" class=\"about-images-right-leftimg\" src=\"https:\/\/flexsim-ato.com\/wp-content\/uploads\/2020\/08\/BU2A3347_787_edited.jpg\" onmousedown=\"return false\" onselectstart=\"return false\"><\/div>\n<\/div>\n<\/div>\n<\/div><div  id=\"numbers\" class=\"numbers-section content-relative\" style=\"background-image: url('https:\/\/flexsim-ato.com\/wp-content\/uploads\/2020\/07\/panneau-superieur-scaled.jpg'); background-color: rgba(0, 0, 0, 0); background-size: cover; background-position: center top;\" data-label=\"Numbers\" data-id=\"numbers-section\" data-category=\"numbers\" data-bg=\"transparent\" data-parallax-depth=\"20\" data-ovid=\"ovid-numbers-1553\">\n<div  class=\"gridContainer dynamic-color\">\n<div  class=\"numbers-itemcol\">\n<h2  class=\"numbers-numbertext\">43 H \/ 21 H<\/h2>\n<h3  class=\"numbers-titletext\">E-learning CBT<\/h3>\n<\/div>\n<div  class=\"numbers-itemcol\">\n<h2  class=\"numbers-numbertext\"><\/h2>\n<h3  class=\"numbers-titletext\"><\/h3>\n<\/div>\n<div  class=\"numbers-itemcol-last\">\n<h2  class=\"numbers-numbertext\">12 H<\/h2>\n<h3  class=\"numbers-titletext\">Instruction sol<\/h3>\n<\/div>\n<\/div>\n<\/div><div  data-label=\"Content\" data-id=\"content-image-left\" data-category=\"content\" class=\"content-left-image-section content-image-left\" id=\"content-2\" style=\"background-color: rgb(246, 246, 246);\"> <div  class=\"gridContainer\"> <div  class=\"row\"> <div  class=\"content-left-image-imgcol\" data-type=\"column\"> <img  decoding=\"async\" src=\"https:\/\/flexsim-ato.com\/wp-content\/uploads\/2020\/08\/cropped-pilote-redige-un-rapport-scaled-1.jpg\" class=\"\" alt=\"\" onmousedown=\"return false\" onselectstart=\"return false\"> <\/div> <div  class=\"content-left-image-textcol dynamic-color\" data-type=\"column\"> <h2  class=\"\">Instruction th\u00e9orique<\/h2> <p  class=\"large_text\">L\u2019objectif de l\u2019entrainement th\u00e9orique est de permettre au stagiaire d\u2019acqu\u00e9rir une compr\u00e9hension approfondie du fonctionnement normal et anormal de tous les syst\u00e8mes avion.<\/p>  <p  class=\"\">Cette phase comprend: 43 heures (F) \/ 21 heures (S) de CBT en libre service ; 12 heures d\u2019instruction en salle de cours.<\/p><\/div> <\/div> <\/div> <\/div><div  id=\"numbers1\" class=\"numbers-section numbers-section-1\" style=\"background-image: url('https:\/\/flexsim-ato.com\/wp-content\/uploads\/2020\/07\/panneau-superieur-scaled.jpg'); background-color: rgba(0, 0, 0, 0); background-size: cover; background-position: center top;\" data-label=\"Numbers\" data-id=\"numbers-section-1\" data-category=\"numbers\" data-bg=\"transparent\" data-parallax-depth=\"20\" data-ovid=\"ovid-numbers1-1779\">\n<div  class=\"gridContainer dynamic-color\">\n<div  class=\"numbers-itemcol\">\n<h2  class=\"numbers-numbertext\">40 H \/ 24 H<\/h2>\n<h3  class=\"numbers-titletext\">FBS Training<\/h3>\n<\/div>\n<div  class=\"numbers-itemcol\">\n<h2  class=\"numbers-numbertext\">28 H \/ 20 H<\/h2>\n<h3  class=\"numbers-titletext\">FFS Training<\/h3>\n<\/div>\n<div  class=\"numbers-itemcol-last\">\n<h2  class=\"numbers-numbertext\">68 H \/ 44 H<\/h2>\n<h3  class=\"numbers-titletext\">Total<\/h3>\n<\/div>\n<\/div>\n<\/div><div  data-label=\"Content\" data-id=\"content-image-right\" data-category=\"content\" class=\"content-right-image-section content-image-right\" id=\"content-4\" style=\"background-color: rgb(255, 255, 255);\"> <div  class=\"gridContainer\"> <div  class=\"content-right-image-gridcol\"> <div  class=\"content-right-image-textcol dynamic-color\" data-type=\"column\"> <h2  class=\"\">Instruction pratique<\/h2> <p  class=\"large_text\">La phase d\u2019instruction pratique permet au stagiaire d\u2019acqu\u00e9rir la connaissance, le savoir-faire et le savoir \u00eatre (KSA) pour g\u00e9rer les syst\u00e8mes avion en situation normale, anormale ou en emergency.<\/p>  <p  class=\"\">Cette phase est programm\u00e9e lorsque la phase th\u00e9orique est termin\u00e9e. Cette phase comprends 40 heures (F) \/ 24 heures (S) de FBS training et 28 heures (F) \/ 20 heures de FFS training.<\/p><\/div> <div  class=\"content-right-image-imgcol\" data-type=\"column\"> <img  decoding=\"async\" src=\"https:\/\/flexsim-ato.com\/wp-content\/uploads\/2020\/08\/Boeing_787-8_Dreamliner_Boeing_AN1969525.jpg\" class=\"\" alt=\"787 Cockpit\" onmousedown=\"return false\" onselectstart=\"return false\"> <\/div> <\/div> <\/div> <\/div><div  id=\"cta-1\" class=\"cta-centered-bg-section white-text\" style=\"background-color: #f6f6f6; background-image: url('https:\/\/flexsim-ato.com\/wp-content\/uploads\/2020\/07\/panneau-superieur-scaled.jpg'); background-size: cover; background-position: center top;\" data-label=\"Cta\" data-id=\"cta-centered-bg-section\" data-category=\"cta\" data-parallax-depth=\"20\" data-ovid=\"ovid-cta-1-1376\">\n<div  class=\"gridContainer\">\n<div  class=\"cta-centered-bg-section-row\">\n<div  class=\"cta-centered-bg-section-row-2\">\n<div  class=\"cta-centered-bg-section-col dynamic-color\" data-type=\"column\">\n<h3  class=\"cta-centered-bg-section-title\"><span  class=\"cta-centered-bg-section-title-bold\">Inscrivez-vous d\u00e8s maintenant !<\/span><\/h3>\n<p  class=\"\">Nouvelle qualification de type ou prorogation.<\/p>\n\n\n<a  class=\"button color1 white-text\" href=\"https:\/\/flexsim-ato.com\/index.php\/contact\" target=\"_self\" rel=\"noopener noreferrer\" data-icon=\"fa-envelope-o\"><span  class=\"button-icon fa fa-envelope-o\"><\/span> Demande de renseignements <\/a>\n\n<\/div>\n<\/div>\n<\/div>\n<\/div>\n<\/div><div  data-label=\"About us\" data-id=\"about-image-section-pro\" data-category=\"about\" class=\"about-image-section-pro\" id=\"about-us-2\" style=\"background-color: rgb(246, 246, 246);\"> <div  class=\"gridContainer\"> <div  class=\"row about-image-gridcol-pro\"> <div  class=\"about-image-textcol-pro\" data-type=\"column\"> <h2  class=\"\">Prix et d\u00e9lais d\u2019acc\u00e8s<\/h2> <p  class=\"\">Toutes nos formations sont planifi\u00e9es \u201c\u00e0 la carte\u201d en fonction de vos disponibilit\u00e9s, des disponibilit\u00e9s instructeurs et simulateur.<\/p> <h5  class=\"\">CPF : d\u00e9lais administratif suppl\u00e9mentaire de 11 jours ouvr\u00e9s (hors jours f\u00e9ri\u00e9s)<\/h5><\/div> <div  data-type=\"column\" class=\"\"><h3  class=\"\">Prix : Nous consulter<\/h3>  <h5  class=\"\">FLEXSIM-ATO ne propose pas de vol hors ligne (base training).<\/h5><\/div> <\/div> <\/div> <\/div><div  data-label=\"Features\" data-id=\"features-coloured-icon-boxes-section\" data-category=\"features\" class=\"features-coloured-icon-boxes-section\" id=\"features-2\" style=\"background-color: rgb(255, 255, 255);\"> <div  class=\"gridContainer\"> <div  class=\"features-coloured-icon-boxes-textrow\"> <div  class=\"features-coloured-icon-boxes-textcol dynamic-color\" data-type=\"column\"> <h2  class=\"\">Pr\u00e9requis<\/h2>  <\/div> <\/div> <div  class=\"features-coloured-icon-boxes-innerrow flexbox-list dark-text\" data-type=\"row\"> <div  class=\"features-coloured-icon-boxes-featurecol cp3cols cp6cols-tablet\"> <div  class=\"features-coloured-icon-boxes-iconcontainer\" data-content-item-container=\"true\"> <i  data-cp-fa=\"true\" class=\"features-coloured-icon fa fa-plane color6\"><\/i> <\/div> <h4  class=\"\">Heures de vol<\/h4> <p  class=\"\">70 heures de vol en tant que PIC<\/p>  <\/div> <div  class=\"features-coloured-icon-boxes-featurecol cp3cols cp6cols-tablet\"> <div  class=\"features-coloured-icon-boxes-iconcontainer\" data-content-item-container=\"true\"> <i  data-cp-fa=\"true\" class=\"features-coloured-icon fa fa-mortar-board color6\"><\/i> <\/div> <h4  class=\"\">Licences<\/h4> <p  class=\"\">IR\/ME ATPL(A) (part-FCL)<\/p>  <p  class=\"\">MCC<\/p><p  class=\"\">Advanced UPRT Course (FCL.745.A)<\/p><p  class=\"\">ICAO English niveau 4 ou plus<\/p><\/div> <div  class=\"features-coloured-icon-boxes-featurecol cp3cols cp6cols-tablet\"> <div  class=\"features-coloured-icon-boxes-iconcontainer\" data-content-item-container=\"true\"> <i  data-cp-fa=\"true\" class=\"features-coloured-icon fa fa-heartbeat color6\"><\/i> <\/div> <h4  class=\"\">M\u00e9dical<\/h4> <p  class=\"\">Classe 1<\/p>  <\/div>  <\/div> <\/div><\/div>","protected":false},"excerpt":{"rendered":"<p>QT B787 Qualification de Type Cette qualification de type permet au pilote d\u2019exercer la fonction de pilote de ligne sur un Boeing 787. Le stage se compose d\u2019une phase de formation th\u00e9orique et d\u2019une phase pratique sur simulateur B787 agr\u00e9\u00e9. Le stage peut \u00eatre de type FULL TYPE (F) pour les pilotes sans exp\u00e9rience pr\u00e9alable&hellip; <br \/> <a class=\"button small blue\" href=\"https:\/\/flexsim-ato.com\/index.php\/en\/2022\/04\/21\/4337\/\">Lire la suite<\/a><\/p>\n","protected":false},"author":2,"featured_media":0,"parent":0,"menu_order":0,"comment_status":"closed","ping_status":"closed","template":"full-width-page.php","meta":{"footnotes":""},"folder":[89],"class_list":["post-1002","page","type-page","status-publish","hentry"],"yoast_head":"<!-- This site is optimized with the Yoast SEO Premium plugin v26.9 (Yoast SEO v26.9) - https:\/\/yoast.com\/product\/yoast-seo-premium-wordpress\/ -->\n<title>QT B787 Flexsim ATO Boeing Qualification de Type<\/title>\n<meta name=\"description\" content=\"Cette QT B787 permet au pilote d\u2019exercer la fonction de pilote de ligne sur un Boeing 787. Simulateur B787 agr\u00e9\u00e9.\" \/>\n<meta name=\"robots\" content=\"index, follow, max-snippet:-1, max-image-preview:large, max-video-preview:-1\" \/>\n<link rel=\"canonical\" href=\"https:\/\/flexsim-ato.com\/index.php\/qt-b787\/\" \/>\n<meta property=\"og:locale\" content=\"fr_FR\" \/>\n<meta property=\"og:type\" content=\"article\" \/>\n<meta property=\"og:title\" content=\"QT B787\" \/>\n<meta property=\"og:description\" content=\"Cette QT B787 permet au pilote d\u2019exercer la fonction de pilote de ligne sur un Boeing 787. Simulateur B787 agr\u00e9\u00e9.\" \/>\n<meta property=\"og:url\" content=\"https:\/\/flexsim-ato.com\/index.php\/qt-b787\/\" \/>\n<meta property=\"og:site_name\" content=\"FLEXSIM-ATO\" \/>\n<meta property=\"article:modified_time\" content=\"2025-02-25T09:12:50+00:00\" \/>\n<meta property=\"og:image\" content=\"https:\/\/flexsim-ato.com\/wp-content\/uploads\/2020\/08\/shutterstock_605697338-scaled.jpg\" \/>\n<meta name=\"twitter:card\" content=\"summary_large_image\" \/>\n<meta name=\"twitter:label1\" content=\"Dur\u00e9e de lecture estim\u00e9e\" \/>\n\t<meta name=\"twitter:data1\" content=\"2 minutes\" \/>\n<script type=\"application\/ld+json\" class=\"yoast-schema-graph\">{\"@context\":\"https:\/\/schema.org\",\"@graph\":[{\"@type\":\"WebPage\",\"@id\":\"https:\/\/flexsim-ato.com\/index.php\/qt-b787\/\",\"url\":\"https:\/\/flexsim-ato.com\/index.php\/qt-b787\/\",\"name\":\"QT B787 Flexsim ATO Boeing Qualification de Type\",\"isPartOf\":{\"@id\":\"https:\/\/flexsim-ato.com\/#website\"},\"primaryImageOfPage\":{\"@id\":\"https:\/\/flexsim-ato.com\/index.php\/qt-b787\/#primaryimage\"},\"image\":{\"@id\":\"https:\/\/flexsim-ato.com\/index.php\/qt-b787\/#primaryimage\"},\"thumbnailUrl\":\"https:\/\/flexsim-ato.com\/wp-content\/uploads\/2020\/08\/shutterstock_605697338-scaled.jpg\",\"datePublished\":\"2020-08-03T22:50:42+00:00\",\"dateModified\":\"2025-02-25T09:12:50+00:00\",\"description\":\"Cette QT B787 permet au pilote d\u2019exercer la fonction de pilote de ligne sur un Boeing 787. Simulateur B787 agr\u00e9\u00e9.\",\"breadcrumb\":{\"@id\":\"https:\/\/flexsim-ato.com\/index.php\/qt-b787\/#breadcrumb\"},\"inLanguage\":\"fr-FR\",\"potentialAction\":[{\"@type\":\"ReadAction\",\"target\":[\"https:\/\/flexsim-ato.com\/index.php\/qt-b787\/\"]}]},{\"@type\":\"ImageObject\",\"inLanguage\":\"fr-FR\",\"@id\":\"https:\/\/flexsim-ato.com\/index.php\/qt-b787\/#primaryimage\",\"url\":\"https:\/\/flexsim-ato.com\/wp-content\/uploads\/2020\/08\/shutterstock_605697338-scaled.jpg\",\"contentUrl\":\"https:\/\/flexsim-ato.com\/wp-content\/uploads\/2020\/08\/shutterstock_605697338-scaled.jpg\",\"width\":1920,\"height\":1272,\"caption\":\"Boeing Front\"},{\"@type\":\"BreadcrumbList\",\"@id\":\"https:\/\/flexsim-ato.com\/index.php\/qt-b787\/#breadcrumb\",\"itemListElement\":[{\"@type\":\"ListItem\",\"position\":1,\"name\":\"Home\",\"item\":\"https:\/\/flexsim-ato.com\/\"},{\"@type\":\"ListItem\",\"position\":2,\"name\":\"QT B787\"}]},{\"@type\":\"WebSite\",\"@id\":\"https:\/\/flexsim-ato.com\/#website\",\"url\":\"https:\/\/flexsim-ato.com\/\",\"name\":\"FLEXSIM-ATO\",\"description\":\"\",\"publisher\":{\"@id\":\"https:\/\/flexsim-ato.com\/#organization\"},\"potentialAction\":[{\"@type\":\"SearchAction\",\"target\":{\"@type\":\"EntryPoint\",\"urlTemplate\":\"https:\/\/flexsim-ato.com\/?s={search_term_string}\"},\"query-input\":{\"@type\":\"PropertyValueSpecification\",\"valueRequired\":true,\"valueName\":\"search_term_string\"}}],\"inLanguage\":\"fr-FR\"},{\"@type\":\"Organization\",\"@id\":\"https:\/\/flexsim-ato.com\/#organization\",\"name\":\"FLEXSIM-ATO\",\"url\":\"https:\/\/flexsim-ato.com\/\",\"logo\":{\"@type\":\"ImageObject\",\"inLanguage\":\"fr-FR\",\"@id\":\"https:\/\/flexsim-ato.com\/#\/schema\/logo\/image\/\",\"url\":\"https:\/\/flexsim-ato.com\/wp-content\/uploads\/2020\/07\/flexsim_logotype_fullcolor.png\",\"contentUrl\":\"https:\/\/flexsim-ato.com\/wp-content\/uploads\/2020\/07\/flexsim_logotype_fullcolor.png\",\"width\":1279,\"height\":392,\"caption\":\"FLEXSIM-ATO\"},\"image\":{\"@id\":\"https:\/\/flexsim-ato.com\/#\/schema\/logo\/image\/\"}}]}<\/script>\n<!-- \/ Yoast SEO Premium plugin. -->","yoast_head_json":{"title":"QT B787 Flexsim ATO Boeing Qualification de Type","description":"Cette QT B787 permet au pilote d\u2019exercer la fonction de pilote de ligne sur un Boeing 787. Simulateur B787 agr\u00e9\u00e9.","robots":{"index":"index","follow":"follow","max-snippet":"max-snippet:-1","max-image-preview":"max-image-preview:large","max-video-preview":"max-video-preview:-1"},"canonical":"https:\/\/flexsim-ato.com\/index.php\/qt-b787\/","og_locale":"fr_FR","og_type":"article","og_title":"QT B787","og_description":"Cette QT B787 permet au pilote d\u2019exercer la fonction de pilote de ligne sur un Boeing 787. Simulateur B787 agr\u00e9\u00e9.","og_url":"https:\/\/flexsim-ato.com\/index.php\/qt-b787\/","og_site_name":"FLEXSIM-ATO","article_modified_time":"2025-02-25T09:12:50+00:00","og_image":[{"url":"https:\/\/flexsim-ato.com\/wp-content\/uploads\/2020\/08\/shutterstock_605697338-scaled.jpg","type":"","width":"","height":""}],"twitter_card":"summary_large_image","twitter_misc":{"Dur\u00e9e de lecture estim\u00e9e":"2 minutes"},"schema":{"@context":"https:\/\/schema.org","@graph":[{"@type":"WebPage","@id":"https:\/\/flexsim-ato.com\/index.php\/qt-b787\/","url":"https:\/\/flexsim-ato.com\/index.php\/qt-b787\/","name":"QT B787 Flexsim ATO Boeing Qualification de Type","isPartOf":{"@id":"https:\/\/flexsim-ato.com\/#website"},"primaryImageOfPage":{"@id":"https:\/\/flexsim-ato.com\/index.php\/qt-b787\/#primaryimage"},"image":{"@id":"https:\/\/flexsim-ato.com\/index.php\/qt-b787\/#primaryimage"},"thumbnailUrl":"https:\/\/flexsim-ato.com\/wp-content\/uploads\/2020\/08\/shutterstock_605697338-scaled.jpg","datePublished":"2020-08-03T22:50:42+00:00","dateModified":"2025-02-25T09:12:50+00:00","description":"Cette QT B787 permet au pilote d\u2019exercer la fonction de pilote de ligne sur un Boeing 787. Simulateur B787 agr\u00e9\u00e9.","breadcrumb":{"@id":"https:\/\/flexsim-ato.com\/index.php\/qt-b787\/#breadcrumb"},"inLanguage":"fr-FR","potentialAction":[{"@type":"ReadAction","target":["https:\/\/flexsim-ato.com\/index.php\/qt-b787\/"]}]},{"@type":"ImageObject","inLanguage":"fr-FR","@id":"https:\/\/flexsim-ato.com\/index.php\/qt-b787\/#primaryimage","url":"https:\/\/flexsim-ato.com\/wp-content\/uploads\/2020\/08\/shutterstock_605697338-scaled.jpg","contentUrl":"https:\/\/flexsim-ato.com\/wp-content\/uploads\/2020\/08\/shutterstock_605697338-scaled.jpg","width":1920,"height":1272,"caption":"Boeing Front"},{"@type":"BreadcrumbList","@id":"https:\/\/flexsim-ato.com\/index.php\/qt-b787\/#breadcrumb","itemListElement":[{"@type":"ListItem","position":1,"name":"Home","item":"https:\/\/flexsim-ato.com\/"},{"@type":"ListItem","position":2,"name":"QT B787"}]},{"@type":"WebSite","@id":"https:\/\/flexsim-ato.com\/#website","url":"https:\/\/flexsim-ato.com\/","name":"FLEXSIM-ATO","description":"","publisher":{"@id":"https:\/\/flexsim-ato.com\/#organization"},"potentialAction":[{"@type":"SearchAction","target":{"@type":"EntryPoint","urlTemplate":"https:\/\/flexsim-ato.com\/?s={search_term_string}"},"query-input":{"@type":"PropertyValueSpecification","valueRequired":true,"valueName":"search_term_string"}}],"inLanguage":"fr-FR"},{"@type":"Organization","@id":"https:\/\/flexsim-ato.com\/#organization","name":"FLEXSIM-ATO","url":"https:\/\/flexsim-ato.com\/","logo":{"@type":"ImageObject","inLanguage":"fr-FR","@id":"https:\/\/flexsim-ato.com\/#\/schema\/logo\/image\/","url":"https:\/\/flexsim-ato.com\/wp-content\/uploads\/2020\/07\/flexsim_logotype_fullcolor.png","contentUrl":"https:\/\/flexsim-ato.com\/wp-content\/uploads\/2020\/07\/flexsim_logotype_fullcolor.png","width":1279,"height":392,"caption":"FLEXSIM-ATO"},"image":{"@id":"https:\/\/flexsim-ato.com\/#\/schema\/logo\/image\/"}}]}},"_links":{"self":[{"href":"https:\/\/flexsim-ato.com\/index.php\/wp-json\/wp\/v2\/pages\/1002","targetHints":{"allow":["GET"]}}],"collection":[{"href":"https:\/\/flexsim-ato.com\/index.php\/wp-json\/wp\/v2\/pages"}],"about":[{"href":"https:\/\/flexsim-ato.com\/index.php\/wp-json\/wp\/v2\/types\/page"}],"author":[{"embeddable":true,"href":"https:\/\/flexsim-ato.com\/index.php\/wp-json\/wp\/v2\/users\/2"}],"replies":[{"embeddable":true,"href":"https:\/\/flexsim-ato.com\/index.php\/wp-json\/wp\/v2\/comments?post=1002"}],"version-history":[{"count":66,"href":"https:\/\/flexsim-ato.com\/index.php\/wp-json\/wp\/v2\/pages\/1002\/revisions"}],"predecessor-version":[{"id":6149,"href":"https:\/\/flexsim-ato.com\/index.php\/wp-json\/wp\/v2\/pages\/1002\/revisions\/6149"}],"wp:attachment":[{"href":"https:\/\/flexsim-ato.com\/index.php\/wp-json\/wp\/v2\/media?parent=1002"}],"wp:term":[{"taxonomy":"folder","embeddable":true,"href":"https:\/\/flexsim-ato.com\/index.php\/wp-json\/wp\/v2\/folder?post=1002"}],"curies":[{"name":"wp","href":"https:\/\/api.w.org\/{rel}","templated":true}]}}